{"id":631961,"date":"2025-07-28T16:46:07","date_gmt":"2025-07-28T16:46:07","guid":{"rendered":"https:\/\/aukinkochile.com\/web\/producto\/peluche-magico-stella\/"},"modified":"2025-07-28T16:48:47","modified_gmt":"2025-07-28T16:48:47","slug":"peluche-magico-stella","status":"publish","type":"product","link":"https:\/\/aukinkochile.com\/web\/producto\/peluche-magico-stella\/","title":{"rendered":"Peluche M\u00e1gico Stella"},"content":{"rendered":"<p>Con este hermoso peluche m\u00e1gico los y las beb\u00e9s tendr\u00e1n sus m\u00e1s bellos sue\u00f1os en compa\u00f1\u00eda de su amiga Stella. Este especial peluche de Stella lleva un pijama m\u00e1gico que brilla en la oscuridad. Un peluche suave y alegre para acompa\u00f1ar a los m\u00e1s peque\u00f1os a todas partes. Lavable a m\u00e1quina a 30 grados.<\/p>\n<p><p><strong>Material : <\/strong> Poli\u00e9ster y algod\u00f3n<\/p>\n<p><strong>C\u00f3digo Aukinko : <\/strong> 09-783448<\/p>\n<p><strong>C\u00f3digo Convenio Marco : <\/strong> x<\/p>\n","protected":false},"excerpt":{"rendered":"<p>Con este hermoso peluche m\u00e1gico los y las beb\u00e9s tendr\u00e1n sus m\u00e1s bellos sue\u00f1os en compa\u00f1\u00eda de su amiga Stella. Este especial peluche de Stella lleva un pijama m\u00e1gico que brilla en la oscuridad. Un peluche suave y alegre para acompa\u00f1ar a los m\u00e1s peque\u00f1os a todas partes. Lavable a m\u00e1quina a 30 grados. Material [&hellip;]<\/p>\n","protected":false},"featured_media":631960,"comment_status":"open","ping_status":"closed","template":"","meta":{"_et_pb_use_builder":"","_et_pb_old_content":"","_et_gb_content_width":""},"product_brand":[],"product_cat":[212,23],"product_tag":[],"class_list":{"0":"post-631961","1":"product","2":"type-product","3":"status-publish","4":"has-post-thumbnail","6":"product_cat-munecos-y-figuras","7":"product_cat-primeros-anos","8":"pa_edad-0-a-1-ano","9":"pa_edad-1-a-2-anos","10":"pa_marca-lilliputiens","11":"pa_medidas-19-x-10","12":"pa_medidas-5-x-30-cm","14":"first","15":"instock","16":"shipping-taxable","17":"purchasable","18":"product-type-simple"},"aioseo_notices":[],"_links":{"self":[{"href":"https:\/\/aukinkochile.com\/web\/wp-json\/wp\/v2\/product\/631961","targetHints":{"allow":["GET"]}}],"collection":[{"href":"https:\/\/aukinkochile.com\/web\/wp-json\/wp\/v2\/product"}],"about":[{"href":"https:\/\/aukinkochile.com\/web\/wp-json\/wp\/v2\/types\/product"}],"replies":[{"embeddable":true,"href":"https:\/\/aukinkochile.com\/web\/wp-json\/wp\/v2\/comments?post=631961"}],"wp:featuredmedia":[{"embeddable":true,"href":"https:\/\/aukinkochile.com\/web\/wp-json\/wp\/v2\/media\/631960"}],"wp:attachment":[{"href":"https:\/\/aukinkochile.com\/web\/wp-json\/wp\/v2\/media?parent=631961"}],"wp:term":[{"taxonomy":"product_brand","embeddable":true,"href":"https:\/\/aukinkochile.com\/web\/wp-json\/wp\/v2\/product_brand?post=631961"},{"taxonomy":"product_cat","embeddable":true,"href":"https:\/\/aukinkochile.com\/web\/wp-json\/wp\/v2\/product_cat?post=631961"},{"taxonomy":"product_tag","embeddable":true,"href":"https:\/\/aukinkochile.com\/web\/wp-json\/wp\/v2\/product_tag?post=631961"}],"curies":[{"name":"wp","href":"https:\/\/api.w.org\/{rel}","templated":true}]}}