{"id":631940,"date":"2025-07-22T21:52:59","date_gmt":"2025-07-22T21:52:59","guid":{"rendered":"https:\/\/aukinkochile.com\/web\/producto\/paragua-surtido-c-u\/"},"modified":"2025-07-22T21:53:01","modified_gmt":"2025-07-22T21:53:01","slug":"paragua-surtido-c-u","status":"publish","type":"product","link":"https:\/\/aukinkochile.com\/web\/producto\/paragua-surtido-c-u\/","title":{"rendered":"Paragua Surtido c\/u"},"content":{"rendered":"<p>Preciosos paraguas con alegres y coloridos dise\u00f1os. Modelos surtidos. Precio por unidad.<\/p>\n<p><p><strong>Material : <\/strong> Pl\u00e1stico<\/p>\n<p><strong>C\u00f3digo Aukinko : <\/strong> 16-4015<\/p>\n<p><strong>C\u00f3digo Convenio Marco : <\/strong> x<\/p>\n","protected":false},"excerpt":{"rendered":"<p>Preciosos paraguas con alegres y coloridos dise\u00f1os. Modelos surtidos. Precio por unidad. Material : Pl\u00e1stico C\u00f3digo Aukinko : 16-4015 C\u00f3digo Convenio Marco : x<\/p>\n","protected":false},"featured_media":631939,"comment_status":"open","ping_status":"closed","template":"","meta":{"_et_pb_use_builder":"","_et_pb_old_content":"","_et_gb_content_width":""},"product_brand":[],"product_cat":[1005,21],"product_tag":[],"class_list":{"0":"post-631940","1":"product","2":"type-product","3":"status-publish","4":"has-post-thumbnail","6":"product_cat-accesorios-patio","7":"product_cat-arte-y-manipulacion","8":"pa_edad-3-a-4-anos","9":"pa_edad-4-a-5-anos","10":"pa_edad-5-a-6-anos","11":"pa_edad-6-a-8-anos","12":"pa_marca-aukinko","13":"pa_medidas-66-x-68-cm-de-diametro","15":"first","16":"instock","17":"shipping-taxable","18":"purchasable","19":"product-type-simple"},"aioseo_notices":[],"_links":{"self":[{"href":"https:\/\/aukinkochile.com\/web\/wp-json\/wp\/v2\/product\/631940","targetHints":{"allow":["GET"]}}],"collection":[{"href":"https:\/\/aukinkochile.com\/web\/wp-json\/wp\/v2\/product"}],"about":[{"href":"https:\/\/aukinkochile.com\/web\/wp-json\/wp\/v2\/types\/product"}],"replies":[{"embeddable":true,"href":"https:\/\/aukinkochile.com\/web\/wp-json\/wp\/v2\/comments?post=631940"}],"wp:featuredmedia":[{"embeddable":true,"href":"https:\/\/aukinkochile.com\/web\/wp-json\/wp\/v2\/media\/631939"}],"wp:attachment":[{"href":"https:\/\/aukinkochile.com\/web\/wp-json\/wp\/v2\/media?parent=631940"}],"wp:term":[{"taxonomy":"product_brand","embeddable":true,"href":"https:\/\/aukinkochile.com\/web\/wp-json\/wp\/v2\/product_brand?post=631940"},{"taxonomy":"product_cat","embeddable":true,"href":"https:\/\/aukinkochile.com\/web\/wp-json\/wp\/v2\/product_cat?post=631940"},{"taxonomy":"product_tag","embeddable":true,"href":"https:\/\/aukinkochile.com\/web\/wp-json\/wp\/v2\/product_tag?post=631940"}],"curies":[{"name":"wp","href":"https:\/\/api.w.org\/{rel}","templated":true}]}}