{"id":631936,"date":"2025-07-22T21:52:51","date_gmt":"2025-07-22T21:52:51","guid":{"rendered":"https:\/\/aukinkochile.com\/web\/producto\/tren-accesorios-madera-magnetico\/"},"modified":"2025-11-06T20:08:12","modified_gmt":"2025-11-06T20:08:12","slug":"tren-accesorios-madera-magnetico","status":"publish","type":"product","link":"https:\/\/aukinkochile.com\/web\/producto\/tren-accesorios-madera-magnetico\/","title":{"rendered":"Tren accesorios Madera Magn\u00e9tico"},"content":{"rendered":"<p>Este divertido tren de carga magn\u00e9tico le brindar\u00e1 a los m\u00e1s peque\u00f1os diversi\u00f3n duradera. Este juego educativo y colorido con varios vagones ense\u00f1a la coordinaci\u00f3n mano-ojo y anima a ni\u00f1as y ni\u00f1os a jugar activamente. Fabricado en material suave y resistente con colores vivos.<\/p>\n<p><p><strong>Material : <\/strong> Madera<\/p>\n<p><strong>C\u00f3digo Aukinko : <\/strong> 18-250820<\/p>\n<p><strong>C\u00f3digo Convenio Marco : <\/strong> x<\/p>\n","protected":false},"excerpt":{"rendered":"<p>Este divertido tren de carga magn\u00e9tico le brindar\u00e1 a los m\u00e1s peque\u00f1os diversi\u00f3n duradera. Este juego educativo y colorido con varios vagones ense\u00f1a la coordinaci\u00f3n mano-ojo y anima a ni\u00f1as y ni\u00f1os a jugar activamente. Fabricado en material suave y resistente con colores vivos. Material : Madera C\u00f3digo Aukinko : 18-250820 C\u00f3digo Convenio Marco : [&hellip;]<\/p>\n","protected":false},"featured_media":631935,"comment_status":"open","ping_status":"closed","template":"","meta":{"_et_pb_use_builder":"","_et_pb_old_content":"","_et_gb_content_width":""},"product_brand":[],"product_cat":[91,17],"product_tag":[],"class_list":{"0":"post-631936","1":"product","2":"type-product","3":"status-publish","4":"has-post-thumbnail","6":"product_cat-accesorios-sala","7":"product_cat-juegos-de-rol","8":"pa_edad-3-a-4-anos","9":"pa_edad-4-a-5-anos","10":"pa_marca-viga","11":"pa_medidas-34-x-4-x-10-cm","13":"first","14":"instock","15":"shipping-taxable","16":"purchasable","17":"product-type-simple"},"aioseo_notices":[],"_links":{"self":[{"href":"https:\/\/aukinkochile.com\/web\/wp-json\/wp\/v2\/product\/631936","targetHints":{"allow":["GET"]}}],"collection":[{"href":"https:\/\/aukinkochile.com\/web\/wp-json\/wp\/v2\/product"}],"about":[{"href":"https:\/\/aukinkochile.com\/web\/wp-json\/wp\/v2\/types\/product"}],"replies":[{"embeddable":true,"href":"https:\/\/aukinkochile.com\/web\/wp-json\/wp\/v2\/comments?post=631936"}],"wp:featuredmedia":[{"embeddable":true,"href":"https:\/\/aukinkochile.com\/web\/wp-json\/wp\/v2\/media\/631935"}],"wp:attachment":[{"href":"https:\/\/aukinkochile.com\/web\/wp-json\/wp\/v2\/media?parent=631936"}],"wp:term":[{"taxonomy":"product_brand","embeddable":true,"href":"https:\/\/aukinkochile.com\/web\/wp-json\/wp\/v2\/product_brand?post=631936"},{"taxonomy":"product_cat","embeddable":true,"href":"https:\/\/aukinkochile.com\/web\/wp-json\/wp\/v2\/product_cat?post=631936"},{"taxonomy":"product_tag","embeddable":true,"href":"https:\/\/aukinkochile.com\/web\/wp-json\/wp\/v2\/product_tag?post=631936"}],"curies":[{"name":"wp","href":"https:\/\/api.w.org\/{rel}","templated":true}]}}