{"id":631928,"date":"2025-07-22T21:52:32","date_gmt":"2025-07-22T21:52:32","guid":{"rendered":"https:\/\/aukinkochile.com\/web\/producto\/tren-set-39-pz\/"},"modified":"2025-11-06T20:07:30","modified_gmt":"2025-11-06T20:07:30","slug":"tren-set-39-pz","status":"publish","type":"product","link":"https:\/\/aukinkochile.com\/web\/producto\/tren-set-39-pz\/","title":{"rendered":"Tren set 39 pz"},"content":{"rendered":"<p>Divertido juego de trenes de madera para armar y desarmar cuantas veces desees. Incluye 39 piezas con un divertido puente que le dar\u00e1 aun mas diversi\u00f3n a los mas peque\u00f1os. Incluye 18 piezas de madera para armar la pista de trenes y 21 accesorios variados para crear las mas divertidas historias; arboles, puente, personas, tren, cami\u00f3n, excavadora y se\u00f1ales de transito. Este juego estimula el desarrollo de habilidades motoras as\u00ed como tambi\u00e9n invita a la creaci\u00f3n de historias a partir de dejar volar la imaginaci\u00f3n. Fabricado en material suave y resistente. <\/p>\n<p><p><strong>Material : <\/strong> Madera y Corcho<\/p>\n<p><strong>C\u00f3digo Aukinko : <\/strong> 18-250266<\/p>\n<p><strong>C\u00f3digo Convenio Marco : <\/strong> x<\/p>\n","protected":false},"excerpt":{"rendered":"<p>Divertido juego de trenes de madera para armar y desarmar cuantas veces desees. Incluye 39 piezas con un divertido puente que le dar\u00e1 aun mas diversi\u00f3n a los mas peque\u00f1os. Incluye 18 piezas de madera para armar la pista de trenes y 21 accesorios variados para crear las mas divertidas historias; arboles, puente, personas, tren, [&hellip;]<\/p>\n","protected":false},"featured_media":624954,"comment_status":"open","ping_status":"closed","template":"","meta":{"_et_pb_use_builder":"","_et_pb_old_content":"","_et_gb_content_width":""},"product_brand":[],"product_cat":[91,19,17,20],"product_tag":[],"class_list":{"0":"post-631928","1":"product","2":"type-product","3":"status-publish","4":"has-post-thumbnail","6":"product_cat-accesorios-sala","7":"product_cat-construccion","8":"product_cat-juegos-de-rol","9":"product_cat-motricidad-fina","10":"pa_edad-2-a-3-anos","11":"pa_edad-3-a-4-anos","12":"pa_edad-4-a-5-anos","13":"pa_edad-5-a-6-anos","14":"pa_edad-6-a-8-anos","15":"pa_marca-viga","16":"pa_medidas-30-cm","18":"first","19":"instock","20":"shipping-taxable","21":"purchasable","22":"product-type-simple"},"aioseo_notices":[],"_links":{"self":[{"href":"https:\/\/aukinkochile.com\/web\/wp-json\/wp\/v2\/product\/631928","targetHints":{"allow":["GET"]}}],"collection":[{"href":"https:\/\/aukinkochile.com\/web\/wp-json\/wp\/v2\/product"}],"about":[{"href":"https:\/\/aukinkochile.com\/web\/wp-json\/wp\/v2\/types\/product"}],"replies":[{"embeddable":true,"href":"https:\/\/aukinkochile.com\/web\/wp-json\/wp\/v2\/comments?post=631928"}],"wp:featuredmedia":[{"embeddable":true,"href":"https:\/\/aukinkochile.com\/web\/wp-json\/wp\/v2\/media\/624954"}],"wp:attachment":[{"href":"https:\/\/aukinkochile.com\/web\/wp-json\/wp\/v2\/media?parent=631928"}],"wp:term":[{"taxonomy":"product_brand","embeddable":true,"href":"https:\/\/aukinkochile.com\/web\/wp-json\/wp\/v2\/product_brand?post=631928"},{"taxonomy":"product_cat","embeddable":true,"href":"https:\/\/aukinkochile.com\/web\/wp-json\/wp\/v2\/product_cat?post=631928"},{"taxonomy":"product_tag","embeddable":true,"href":"https:\/\/aukinkochile.com\/web\/wp-json\/wp\/v2\/product_tag?post=631928"}],"curies":[{"name":"wp","href":"https:\/\/api.w.org\/{rel}","templated":true}]}}