{"id":631926,"date":"2025-07-22T21:52:28","date_gmt":"2025-07-22T21:52:28","guid":{"rendered":"https:\/\/aukinkochile.com\/web\/producto\/puzle-madera-tarugo-9-pz-transportes\/"},"modified":"2025-11-06T20:06:54","modified_gmt":"2025-11-06T20:06:54","slug":"puzle-madera-tarugo-9-pz-transportes","status":"publish","type":"product","link":"https:\/\/aukinkochile.com\/web\/producto\/puzle-madera-tarugo-9-pz-transportes\/","title":{"rendered":"Puzle Madera Tarugo 9 pz Transportes"},"content":{"rendered":"<p>Puzle de tarugos de madera con 9 piezas de medios de transporte para estimular el aprendizaje de una forma muy entretenida. Con tarugos grandes para mayor facilidad para calzar las piezas. Ideal para el desarrollo de la observaci\u00f3n, la coordinaci\u00f3n mano-ojo, la motricidad fina y mucho m\u00e1s. Fabricado en material suave y resistente.<\/p>\n<p><p><strong>Material : <\/strong> Madera<\/p>\n<p><strong>C\u00f3digo Aukinko : <\/strong> 18-250016<\/p>\n<p><strong>C\u00f3digo Convenio Marco : <\/strong> x<\/p>\n","protected":false},"excerpt":{"rendered":"<p>Puzle de tarugos de madera con 9 piezas de medios de transporte para estimular el aprendizaje de una forma muy entretenida. Con tarugos grandes para mayor facilidad para calzar las piezas. Ideal para el desarrollo de la observaci\u00f3n, la coordinaci\u00f3n mano-ojo, la motricidad fina y mucho m\u00e1s. Fabricado en material suave y resistente. Material : [&hellip;]<\/p>\n","protected":false},"featured_media":624914,"comment_status":"open","ping_status":"closed","template":"","meta":{"_et_pb_use_builder":"","_et_pb_old_content":"","_et_gb_content_width":""},"product_brand":[],"product_cat":[91,20,22],"product_tag":[],"class_list":{"0":"post-631926","1":"product","2":"type-product","3":"status-publish","4":"has-post-thumbnail","6":"product_cat-accesorios-sala","7":"product_cat-motricidad-fina","8":"product_cat-puzzles","9":"pa_edad-2-a-3-anos","10":"pa_edad-3-a-4-anos","11":"pa_edad-4-a-5-anos","12":"pa_marca-viga","13":"pa_medidas-30-x-22-x-1-cm","15":"first","16":"instock","17":"shipping-taxable","18":"purchasable","19":"product-type-simple"},"aioseo_notices":[],"_links":{"self":[{"href":"https:\/\/aukinkochile.com\/web\/wp-json\/wp\/v2\/product\/631926","targetHints":{"allow":["GET"]}}],"collection":[{"href":"https:\/\/aukinkochile.com\/web\/wp-json\/wp\/v2\/product"}],"about":[{"href":"https:\/\/aukinkochile.com\/web\/wp-json\/wp\/v2\/types\/product"}],"replies":[{"embeddable":true,"href":"https:\/\/aukinkochile.com\/web\/wp-json\/wp\/v2\/comments?post=631926"}],"wp:featuredmedia":[{"embeddable":true,"href":"https:\/\/aukinkochile.com\/web\/wp-json\/wp\/v2\/media\/624914"}],"wp:attachment":[{"href":"https:\/\/aukinkochile.com\/web\/wp-json\/wp\/v2\/media?parent=631926"}],"wp:term":[{"taxonomy":"product_brand","embeddable":true,"href":"https:\/\/aukinkochile.com\/web\/wp-json\/wp\/v2\/product_brand?post=631926"},{"taxonomy":"product_cat","embeddable":true,"href":"https:\/\/aukinkochile.com\/web\/wp-json\/wp\/v2\/product_cat?post=631926"},{"taxonomy":"product_tag","embeddable":true,"href":"https:\/\/aukinkochile.com\/web\/wp-json\/wp\/v2\/product_tag?post=631926"}],"curies":[{"name":"wp","href":"https:\/\/api.w.org\/{rel}","templated":true}]}}