{"id":631921,"date":"2025-07-22T21:52:19","date_gmt":"2025-07-22T21:52:19","guid":{"rendered":"https:\/\/aukinkochile.com\/web\/producto\/laberinto-magnetico-numeros-y-frutas\/"},"modified":"2025-07-22T21:52:22","modified_gmt":"2025-07-22T21:52:22","slug":"laberinto-magnetico-numeros-y-frutas","status":"publish","type":"product","link":"https:\/\/aukinkochile.com\/web\/producto\/laberinto-magnetico-numeros-y-frutas\/","title":{"rendered":"Laberinto Magn\u00e9tico N\u00fameros y Frutas"},"content":{"rendered":"<p>Divertido juego educativo para pasar horas de diversi\u00f3n. Con este juego los ni\u00f1os y ni\u00f1as aprender\u00e1n los n\u00fameros asociados a las cantidades que representan y los nombres de las frutas de una forma muy entretenida. Con el l\u00e1piz magn\u00e9tico los jugadores deben ir llevando las bolitas seg\u00fan los colores y las cantidades indicadas. Fabricado en madera. De material suave y resistente y colores vivos.<\/p>\n<p><p><strong>Material : <\/strong> Madera y Pl\u00e1stico<\/p>\n<p><strong>C\u00f3digo Aukinko : <\/strong> 18-244745<\/p>\n<p><strong>C\u00f3digo Convenio Marco : <\/strong> x<\/p>\n","protected":false},"excerpt":{"rendered":"<p>Divertido juego educativo para pasar horas de diversi\u00f3n. Con este juego los ni\u00f1os y ni\u00f1as aprender\u00e1n los n\u00fameros asociados a las cantidades que representan y los nombres de las frutas de una forma muy entretenida. Con el l\u00e1piz magn\u00e9tico los jugadores deben ir llevando las bolitas seg\u00fan los colores y las cantidades indicadas. Fabricado en [&hellip;]<\/p>\n","protected":false},"featured_media":629381,"comment_status":"open","ping_status":"closed","template":"","meta":{"_et_pb_use_builder":"","_et_pb_old_content":"","_et_gb_content_width":""},"product_brand":[],"product_cat":[91,20],"product_tag":[],"class_list":{"0":"post-631921","1":"product","2":"type-product","3":"status-publish","4":"has-post-thumbnail","6":"product_cat-accesorios-sala","7":"product_cat-motricidad-fina","8":"pa_edad-3-a-4-anos","9":"pa_edad-4-a-5-anos","10":"pa_edad-5-a-6-anos","11":"pa_edad-6-a-8-anos","12":"pa_marca-viga","13":"pa_medidas-30-x-22","14":"pa_medidas-5-x-1","15":"pa_medidas-6-cm","17":"first","18":"instock","19":"shipping-taxable","20":"purchasable","21":"product-type-simple"},"aioseo_notices":[],"_links":{"self":[{"href":"https:\/\/aukinkochile.com\/web\/wp-json\/wp\/v2\/product\/631921","targetHints":{"allow":["GET"]}}],"collection":[{"href":"https:\/\/aukinkochile.com\/web\/wp-json\/wp\/v2\/product"}],"about":[{"href":"https:\/\/aukinkochile.com\/web\/wp-json\/wp\/v2\/types\/product"}],"replies":[{"embeddable":true,"href":"https:\/\/aukinkochile.com\/web\/wp-json\/wp\/v2\/comments?post=631921"}],"wp:featuredmedia":[{"embeddable":true,"href":"https:\/\/aukinkochile.com\/web\/wp-json\/wp\/v2\/media\/629381"}],"wp:attachment":[{"href":"https:\/\/aukinkochile.com\/web\/wp-json\/wp\/v2\/media?parent=631921"}],"wp:term":[{"taxonomy":"product_brand","embeddable":true,"href":"https:\/\/aukinkochile.com\/web\/wp-json\/wp\/v2\/product_brand?post=631921"},{"taxonomy":"product_cat","embeddable":true,"href":"https:\/\/aukinkochile.com\/web\/wp-json\/wp\/v2\/product_cat?post=631921"},{"taxonomy":"product_tag","embeddable":true,"href":"https:\/\/aukinkochile.com\/web\/wp-json\/wp\/v2\/product_tag?post=631921"}],"curies":[{"name":"wp","href":"https:\/\/api.w.org\/{rel}","templated":true}]}}