{"id":631910,"date":"2025-07-22T21:51:55","date_gmt":"2025-07-22T21:51:55","guid":{"rendered":"https:\/\/aukinkochile.com\/web\/producto\/juego-pared-casa-cerraduras\/"},"modified":"2025-07-22T21:51:57","modified_gmt":"2025-07-22T21:51:57","slug":"juego-pared-casa-cerraduras","status":"publish","type":"product","link":"https:\/\/aukinkochile.com\/web\/producto\/juego-pared-casa-cerraduras\/","title":{"rendered":"Juego Pared Casa Cerraduras"},"content":{"rendered":"<p>Divertido juego de cerraduras con propuesta Montessori en el que los m\u00e1s peque\u00f1os desarrollar\u00e1n sus habilidades motoras finas con diferentes tipos de cerraduras que luego encontrar\u00e1n en la vida cotidiana. Fabricado en madera con cerraduras de metal. De material suave y resistente y colores vivos.<\/p>\n<p><p><strong>Material : <\/strong> Metal y Madera<\/p>\n<p><strong>C\u00f3digo Aukinko : <\/strong> 18-244653<\/p>\n<p><strong>C\u00f3digo Convenio Marco : <\/strong> x<\/p>\n","protected":false},"excerpt":{"rendered":"<p>Divertido juego de cerraduras con propuesta Montessori en el que los m\u00e1s peque\u00f1os desarrollar\u00e1n sus habilidades motoras finas con diferentes tipos de cerraduras que luego encontrar\u00e1n en la vida cotidiana. Fabricado en madera con cerraduras de metal. De material suave y resistente y colores vivos. Material : Metal y Madera C\u00f3digo Aukinko : 18-244653 C\u00f3digo [&hellip;]<\/p>\n","protected":false},"featured_media":629339,"comment_status":"open","ping_status":"closed","template":"","meta":{"_et_pb_use_builder":"","_et_pb_old_content":"","_et_gb_content_width":""},"product_brand":[],"product_cat":[91,20],"product_tag":[],"class_list":{"0":"post-631910","1":"product","2":"type-product","3":"status-publish","4":"has-post-thumbnail","6":"product_cat-accesorios-sala","7":"product_cat-motricidad-fina","8":"pa_edad-3-a-4-anos","9":"pa_edad-4-a-5-anos","10":"pa_edad-5-a-6-anos","11":"pa_marca-viga","12":"pa_medidas-2-cm","13":"pa_medidas-30-x-30-x-2","15":"first","16":"instock","17":"shipping-taxable","18":"purchasable","19":"product-type-simple"},"aioseo_notices":[],"_links":{"self":[{"href":"https:\/\/aukinkochile.com\/web\/wp-json\/wp\/v2\/product\/631910","targetHints":{"allow":["GET"]}}],"collection":[{"href":"https:\/\/aukinkochile.com\/web\/wp-json\/wp\/v2\/product"}],"about":[{"href":"https:\/\/aukinkochile.com\/web\/wp-json\/wp\/v2\/types\/product"}],"replies":[{"embeddable":true,"href":"https:\/\/aukinkochile.com\/web\/wp-json\/wp\/v2\/comments?post=631910"}],"wp:featuredmedia":[{"embeddable":true,"href":"https:\/\/aukinkochile.com\/web\/wp-json\/wp\/v2\/media\/629339"}],"wp:attachment":[{"href":"https:\/\/aukinkochile.com\/web\/wp-json\/wp\/v2\/media?parent=631910"}],"wp:term":[{"taxonomy":"product_brand","embeddable":true,"href":"https:\/\/aukinkochile.com\/web\/wp-json\/wp\/v2\/product_brand?post=631910"},{"taxonomy":"product_cat","embeddable":true,"href":"https:\/\/aukinkochile.com\/web\/wp-json\/wp\/v2\/product_cat?post=631910"},{"taxonomy":"product_tag","embeddable":true,"href":"https:\/\/aukinkochile.com\/web\/wp-json\/wp\/v2\/product_tag?post=631910"}],"curies":[{"name":"wp","href":"https:\/\/api.w.org\/{rel}","templated":true}]}}