{"id":631904,"date":"2025-07-22T21:51:45","date_gmt":"2025-07-22T21:51:45","guid":{"rendered":"https:\/\/aukinkochile.com\/web\/producto\/set-de-motricidad\/"},"modified":"2025-11-06T19:00:02","modified_gmt":"2025-11-06T19:00:02","slug":"set-de-motricidad","status":"publish","type":"product","link":"https:\/\/aukinkochile.com\/web\/producto\/set-de-motricidad\/","title":{"rendered":"Set de Motricidad"},"content":{"rendered":"<p>Hermoso set de juguetes dise\u00f1ado para estimular el desarrollo de los m\u00e1s peque\u00f1os a trav\u00e9s del juego creativo. un juguete educativo inspirador que llevar\u00e1 a los ni\u00f1os a un viaje creativo a trav\u00e9s del mundo de los colores y las formas. Dise\u00f1ado para desarrollar las habilidades manuales, este set permite a los m\u00e1s peque\u00f1os divertirse interactivamente en la que la imaginaci\u00f3n y el pensamiento l\u00f3gico juegan un papel fundamental. Cada elemento ha sido elaborado cuidadosamente con materiales naturales y ecol\u00f3gicos, garantizando un juego seguro y divertido para los ni\u00f1os. Los bloques de madera, los rompecabezas y los elementos de enhebrado estimulan los sentidos del ni\u00f1o, favoreciendo el desarrollo de la motricidad fina, la coordinaci\u00f3n mano-ojo y el reconocimiento de colores y formas. Incluye 8 juegos educativos.<\/p>\n<p><p><strong>Material : <\/strong> Madera<\/p>\n<p><strong>C\u00f3digo Aukinko : <\/strong> 18-244264<\/p>\n<p><strong>C\u00f3digo Convenio Marco : <\/strong> x<\/p>\n","protected":false},"excerpt":{"rendered":"<p>Hermoso set de juguetes dise\u00f1ado para estimular el desarrollo de los m\u00e1s peque\u00f1os a trav\u00e9s del juego creativo. un juguete educativo inspirador que llevar\u00e1 a los ni\u00f1os a un viaje creativo a trav\u00e9s del mundo de los colores y las formas. Dise\u00f1ado para desarrollar las habilidades manuales, este set permite a los m\u00e1s peque\u00f1os divertirse [&hellip;]<\/p>\n","protected":false},"featured_media":631338,"comment_status":"open","ping_status":"closed","template":"","meta":{"_et_pb_use_builder":"","_et_pb_old_content":"","_et_gb_content_width":""},"product_brand":[],"product_cat":[91,23],"product_tag":[],"class_list":{"0":"post-631904","1":"product","2":"type-product","3":"status-publish","4":"has-post-thumbnail","6":"product_cat-accesorios-sala","7":"product_cat-primeros-anos","8":"pa_edad-1-a-2-anos","9":"pa_edad-2-a-3-anos","10":"pa_marca-polar","11":"pa_medidas-29-x-9","12":"pa_medidas-4-x-34","13":"pa_medidas-9-cm","15":"first","16":"instock","17":"shipping-taxable","18":"purchasable","19":"product-type-simple"},"aioseo_notices":[],"_links":{"self":[{"href":"https:\/\/aukinkochile.com\/web\/wp-json\/wp\/v2\/product\/631904","targetHints":{"allow":["GET"]}}],"collection":[{"href":"https:\/\/aukinkochile.com\/web\/wp-json\/wp\/v2\/product"}],"about":[{"href":"https:\/\/aukinkochile.com\/web\/wp-json\/wp\/v2\/types\/product"}],"replies":[{"embeddable":true,"href":"https:\/\/aukinkochile.com\/web\/wp-json\/wp\/v2\/comments?post=631904"}],"wp:featuredmedia":[{"embeddable":true,"href":"https:\/\/aukinkochile.com\/web\/wp-json\/wp\/v2\/media\/631338"}],"wp:attachment":[{"href":"https:\/\/aukinkochile.com\/web\/wp-json\/wp\/v2\/media?parent=631904"}],"wp:term":[{"taxonomy":"product_brand","embeddable":true,"href":"https:\/\/aukinkochile.com\/web\/wp-json\/wp\/v2\/product_brand?post=631904"},{"taxonomy":"product_cat","embeddable":true,"href":"https:\/\/aukinkochile.com\/web\/wp-json\/wp\/v2\/product_cat?post=631904"},{"taxonomy":"product_tag","embeddable":true,"href":"https:\/\/aukinkochile.com\/web\/wp-json\/wp\/v2\/product_tag?post=631904"}],"curies":[{"name":"wp","href":"https:\/\/api.w.org\/{rel}","templated":true}]}}