{"id":631862,"date":"2025-06-25T17:53:45","date_gmt":"2025-06-25T17:53:45","guid":{"rendered":"https:\/\/aukinkochile.com\/web\/producto\/escalador-triangulo-madera\/"},"modified":"2025-06-25T18:06:01","modified_gmt":"2025-06-25T18:06:01","slug":"escalador-triangulo-madera","status":"publish","type":"product","link":"https:\/\/aukinkochile.com\/web\/producto\/escalador-triangulo-madera\/","title":{"rendered":"Escalador Tri\u00e1ngulo Madera"},"content":{"rendered":"<p>Este hermoso tri\u00e1ngulo de escalada de madera es ideal para el desarrollo de las habilidades motoras gruesas de los m\u00e1s peque\u00f1os de una forma muy entretenida. Dise\u00f1ado para que los m\u00e1s peque\u00f1os puedan trepar, poner en pr\u00e1ctica su equilibrio, ganando as\u00ed confianza en su cuerpo de una forma segura. Fabricado en madera. Ideal para espacios de aprendizaje y estimulaci\u00f3n motora. Conectable con la tabla de equilibrio y escalada de la misma marca.<\/p>\n<p><p><strong>Material : <\/strong> Madera<\/p>\n<p><strong>C\u00f3digo Aukinko : <\/strong> 18-244708<\/p>\n<p><strong>C\u00f3digo Convenio Marco : <\/strong> x<\/p>\n","protected":false},"excerpt":{"rendered":"<p>Este hermoso tri\u00e1ngulo de escalada de madera es ideal para el desarrollo de las habilidades motoras gruesas de los m\u00e1s peque\u00f1os de una forma muy entretenida. Dise\u00f1ado para que los m\u00e1s peque\u00f1os puedan trepar, poner en pr\u00e1ctica su equilibrio, ganando as\u00ed confianza en su cuerpo de una forma segura. Fabricado en madera. Ideal para espacios [&hellip;]<\/p>\n","protected":false},"featured_media":629367,"comment_status":"open","ping_status":"closed","template":"","meta":{"_et_pb_use_builder":"","_et_pb_old_content":"","_et_gb_content_width":""},"product_brand":[],"product_cat":[148,18],"product_tag":[],"class_list":{"0":"post-631862","1":"product","2":"type-product","3":"status-publish","4":"has-post-thumbnail","6":"product_cat-deportes","7":"product_cat-motricidad-gruesa","8":"pa_edad-2-a-3-anos","9":"pa_edad-3-a-4-anos","10":"pa_edad-4-a-5-anos","11":"pa_marca-viga","12":"pa_medidas-6-x-58-cm","13":"pa_medidas-74-x-80","15":"first","16":"instock","17":"shipping-taxable","18":"purchasable","19":"product-type-simple"},"aioseo_notices":[],"_links":{"self":[{"href":"https:\/\/aukinkochile.com\/web\/wp-json\/wp\/v2\/product\/631862","targetHints":{"allow":["GET"]}}],"collection":[{"href":"https:\/\/aukinkochile.com\/web\/wp-json\/wp\/v2\/product"}],"about":[{"href":"https:\/\/aukinkochile.com\/web\/wp-json\/wp\/v2\/types\/product"}],"replies":[{"embeddable":true,"href":"https:\/\/aukinkochile.com\/web\/wp-json\/wp\/v2\/comments?post=631862"}],"wp:featuredmedia":[{"embeddable":true,"href":"https:\/\/aukinkochile.com\/web\/wp-json\/wp\/v2\/media\/629367"}],"wp:attachment":[{"href":"https:\/\/aukinkochile.com\/web\/wp-json\/wp\/v2\/media?parent=631862"}],"wp:term":[{"taxonomy":"product_brand","embeddable":true,"href":"https:\/\/aukinkochile.com\/web\/wp-json\/wp\/v2\/product_brand?post=631862"},{"taxonomy":"product_cat","embeddable":true,"href":"https:\/\/aukinkochile.com\/web\/wp-json\/wp\/v2\/product_cat?post=631862"},{"taxonomy":"product_tag","embeddable":true,"href":"https:\/\/aukinkochile.com\/web\/wp-json\/wp\/v2\/product_tag?post=631862"}],"curies":[{"name":"wp","href":"https:\/\/api.w.org\/{rel}","templated":true}]}}