{"id":631850,"date":"2025-06-25T17:53:26","date_gmt":"2025-06-25T17:53:26","guid":{"rendered":"https:\/\/aukinkochile.com\/web\/producto\/figura-magica-dragon-jungla\/"},"modified":"2025-06-25T18:06:00","modified_gmt":"2025-06-25T18:06:00","slug":"figura-magica-dragon-jungla","status":"publish","type":"product","link":"https:\/\/aukinkochile.com\/web\/producto\/figura-magica-dragon-jungla\/","title":{"rendered":"Figura M\u00e1gica Dragon Jungla"},"content":{"rendered":"<p>Hermosa figura pintada a mano con gran detalle. Todo en el Drag\u00f3n de selva parece muy peligroso: sus poderosas alas verdes est\u00e1n cubiertas de p\u00faas e incluso tiene repugnantes espinas puntiagudas en la cola. Es mejor no enfadarlo, porque ya ahora que est\u00e1 en calma abre sus mand\u00edbulas y ense\u00f1a sus afilados dientes. \u00a1Da much\u00edsimo miedo! Cuando vuela lejos en el cielo sobre Eldrador\u00ae es cuando m\u00e1s seguros se sienten todos.<\/p>\n<p><p><strong>Material : <\/strong> Pl\u00e1stico Duro<\/p>\n<p><strong>C\u00f3digo Aukinko : <\/strong> 07-670791<\/p>\n<p><strong>C\u00f3digo Convenio Marco : <\/strong> x<\/p>\n","protected":false},"excerpt":{"rendered":"<p>Hermosa figura pintada a mano con gran detalle. Todo en el Drag\u00f3n de selva parece muy peligroso: sus poderosas alas verdes est\u00e1n cubiertas de p\u00faas e incluso tiene repugnantes espinas puntiagudas en la cola. Es mejor no enfadarlo, porque ya ahora que est\u00e1 en calma abre sus mand\u00edbulas y ense\u00f1a sus afilados dientes. \u00a1Da much\u00edsimo [&hellip;]<\/p>\n","protected":false},"featured_media":628830,"comment_status":"open","ping_status":"closed","template":"","meta":{"_et_pb_use_builder":"","_et_pb_old_content":"","_et_gb_content_width":""},"product_brand":[],"product_cat":[212],"product_tag":[],"class_list":{"0":"post-631850","1":"product","2":"type-product","3":"status-publish","4":"has-post-thumbnail","6":"product_cat-munecos-y-figuras","7":"pa_edad-10-anos","8":"pa_edad-3-a-4-anos","9":"pa_edad-4-a-5-anos","10":"pa_edad-5-a-6-anos","11":"pa_edad-6-a-8-anos","12":"pa_edad-8-a-10-anos","13":"pa_marca-schleich","14":"pa_medidas-1-cm","15":"pa_medidas-2-x-11","16":"pa_medidas-4563","17":"pa_medidas-3-x-17","19":"first","20":"instock","21":"shipping-taxable","22":"purchasable","23":"product-type-simple"},"aioseo_notices":[],"_links":{"self":[{"href":"https:\/\/aukinkochile.com\/web\/wp-json\/wp\/v2\/product\/631850","targetHints":{"allow":["GET"]}}],"collection":[{"href":"https:\/\/aukinkochile.com\/web\/wp-json\/wp\/v2\/product"}],"about":[{"href":"https:\/\/aukinkochile.com\/web\/wp-json\/wp\/v2\/types\/product"}],"replies":[{"embeddable":true,"href":"https:\/\/aukinkochile.com\/web\/wp-json\/wp\/v2\/comments?post=631850"}],"wp:featuredmedia":[{"embeddable":true,"href":"https:\/\/aukinkochile.com\/web\/wp-json\/wp\/v2\/media\/628830"}],"wp:attachment":[{"href":"https:\/\/aukinkochile.com\/web\/wp-json\/wp\/v2\/media?parent=631850"}],"wp:term":[{"taxonomy":"product_brand","embeddable":true,"href":"https:\/\/aukinkochile.com\/web\/wp-json\/wp\/v2\/product_brand?post=631850"},{"taxonomy":"product_cat","embeddable":true,"href":"https:\/\/aukinkochile.com\/web\/wp-json\/wp\/v2\/product_cat?post=631850"},{"taxonomy":"product_tag","embeddable":true,"href":"https:\/\/aukinkochile.com\/web\/wp-json\/wp\/v2\/product_tag?post=631850"}],"curies":[{"name":"wp","href":"https:\/\/api.w.org\/{rel}","templated":true}]}}