{"id":631838,"date":"2025-06-25T17:53:06","date_gmt":"2025-06-25T17:53:06","guid":{"rendered":"https:\/\/aukinkochile.com\/web\/producto\/figura-magica-criatura-eldrador-mini-c-u\/"},"modified":"2025-06-25T18:05:52","modified_gmt":"2025-06-25T18:05:52","slug":"figura-magica-criatura-eldrador-mini-c-u","status":"publish","type":"product","link":"https:\/\/aukinkochile.com\/web\/producto\/figura-magica-criatura-eldrador-mini-c-u\/","title":{"rendered":"Figura M\u00e1gica Criatura Eldrador mini c\/u"},"content":{"rendered":"<p>Cuando abras tu ELDRADOR Mini Creatures Serie 3 de Schleich ELDRADOR Creatures, nunca sabr\u00e1s de qu\u00e9 mundo vendr\u00e1 tu nuevo y valiente amigo esta vez. Un juego para sorprenderse y pasar horas de diversi\u00f3n. Las valientes Mini Criaturas no s\u00f3lo son fuertes por s\u00ed mismas, sino tambi\u00e9n como pir\u00e1mide, si apilas a los peque\u00f1os luchadores uno encima del otro, se convierten en un oponente casi invencible. Recomendado para ni\u00f1os a partir de 7 a\u00f1os. Fabricado con el mayor detalle y materiales duraderos. Figuras surtidas. Precio por unidad.<\/p>\n<p><p><strong>Material : <\/strong> Pl\u00e1stico Duro<\/p>\n<p><strong>C\u00f3digo Aukinko : <\/strong> 07-670647<\/p>\n<p><strong>C\u00f3digo Convenio Marco : <\/strong> x<\/p>\n","protected":false},"excerpt":{"rendered":"<p>Cuando abras tu ELDRADOR Mini Creatures Serie 3 de Schleich ELDRADOR Creatures, nunca sabr\u00e1s de qu\u00e9 mundo vendr\u00e1 tu nuevo y valiente amigo esta vez. Un juego para sorprenderse y pasar horas de diversi\u00f3n. Las valientes Mini Criaturas no s\u00f3lo son fuertes por s\u00ed mismas, sino tambi\u00e9n como pir\u00e1mide, si apilas a los peque\u00f1os luchadores [&hellip;]<\/p>\n","protected":false},"featured_media":631837,"comment_status":"open","ping_status":"closed","template":"","meta":{"_et_pb_use_builder":"","_et_pb_old_content":"","_et_gb_content_width":""},"product_brand":[],"product_cat":[212],"product_tag":[],"class_list":{"0":"post-631838","1":"product","2":"type-product","3":"status-publish","4":"has-post-thumbnail","6":"product_cat-munecos-y-figuras","7":"pa_edad-10-anos","8":"pa_edad-3-a-4-anos","9":"pa_edad-4-a-5-anos","10":"pa_edad-5-a-6-anos","11":"pa_edad-6-a-8-anos","12":"pa_edad-8-a-10-anos","13":"pa_marca-schleich","14":"pa_medidas-11-x-2-x-14","15":"pa_medidas-5-cm","17":"first","18":"instock","19":"shipping-taxable","20":"purchasable","21":"product-type-simple"},"aioseo_notices":[],"_links":{"self":[{"href":"https:\/\/aukinkochile.com\/web\/wp-json\/wp\/v2\/product\/631838","targetHints":{"allow":["GET"]}}],"collection":[{"href":"https:\/\/aukinkochile.com\/web\/wp-json\/wp\/v2\/product"}],"about":[{"href":"https:\/\/aukinkochile.com\/web\/wp-json\/wp\/v2\/types\/product"}],"replies":[{"embeddable":true,"href":"https:\/\/aukinkochile.com\/web\/wp-json\/wp\/v2\/comments?post=631838"}],"wp:featuredmedia":[{"embeddable":true,"href":"https:\/\/aukinkochile.com\/web\/wp-json\/wp\/v2\/media\/631837"}],"wp:attachment":[{"href":"https:\/\/aukinkochile.com\/web\/wp-json\/wp\/v2\/media?parent=631838"}],"wp:term":[{"taxonomy":"product_brand","embeddable":true,"href":"https:\/\/aukinkochile.com\/web\/wp-json\/wp\/v2\/product_brand?post=631838"},{"taxonomy":"product_cat","embeddable":true,"href":"https:\/\/aukinkochile.com\/web\/wp-json\/wp\/v2\/product_cat?post=631838"},{"taxonomy":"product_tag","embeddable":true,"href":"https:\/\/aukinkochile.com\/web\/wp-json\/wp\/v2\/product_tag?post=631838"}],"curies":[{"name":"wp","href":"https:\/\/api.w.org\/{rel}","templated":true}]}}