{"id":631820,"date":"2025-06-25T17:52:32","date_gmt":"2025-06-25T17:52:32","guid":{"rendered":"https:\/\/aukinkochile.com\/web\/producto\/figura-magica-hada-sera-con-unicornio-florido\/"},"modified":"2025-06-25T18:05:44","modified_gmt":"2025-06-25T18:05:44","slug":"figura-magica-hada-sera-con-unicornio-florido","status":"publish","type":"product","link":"https:\/\/aukinkochile.com\/web\/producto\/figura-magica-hada-sera-con-unicornio-florido\/","title":{"rendered":"Figura M\u00e1gica Hada Sera con Unicornio Florido"},"content":{"rendered":"<p>Hada con animal m\u00e1gico mitol\u00f3gico. Delicados detalles y m\u00e1gicos colores. Un mundo de fantas\u00eda y belleza. De material resistente.<\/p>\n<p><p><strong>Material : <\/strong> Pl\u00e1stico Duro<\/p>\n<p><strong>C\u00f3digo Aukinko : <\/strong> 07-670565<\/p>\n<p><strong>C\u00f3digo Convenio Marco : <\/strong> x<\/p>\n","protected":false},"excerpt":{"rendered":"<p>Hada con animal m\u00e1gico mitol\u00f3gico. Delicados detalles y m\u00e1gicos colores. Un mundo de fantas\u00eda y belleza. De material resistente. Material : Pl\u00e1stico Duro C\u00f3digo Aukinko : 07-670565 C\u00f3digo Convenio Marco : x<\/p>\n","protected":false},"featured_media":626785,"comment_status":"open","ping_status":"closed","template":"","meta":{"_et_pb_use_builder":"","_et_pb_old_content":"","_et_gb_content_width":""},"product_brand":[],"product_cat":[212],"product_tag":[],"class_list":{"0":"post-631820","1":"product","2":"type-product","3":"status-publish","4":"has-post-thumbnail","6":"product_cat-munecos-y-figuras","7":"pa_edad-10-anos","8":"pa_edad-3-a-4-anos","9":"pa_edad-4-a-5-anos","10":"pa_edad-5-a-6-anos","11":"pa_edad-6-a-8-anos","12":"pa_edad-8-a-10-anos","13":"pa_marca-schleich","14":"pa_medidas-15-x-8","15":"pa_medidas-2-x-18-cm","17":"first","18":"instock","19":"shipping-taxable","20":"purchasable","21":"product-type-simple"},"aioseo_notices":[],"_links":{"self":[{"href":"https:\/\/aukinkochile.com\/web\/wp-json\/wp\/v2\/product\/631820","targetHints":{"allow":["GET"]}}],"collection":[{"href":"https:\/\/aukinkochile.com\/web\/wp-json\/wp\/v2\/product"}],"about":[{"href":"https:\/\/aukinkochile.com\/web\/wp-json\/wp\/v2\/types\/product"}],"replies":[{"embeddable":true,"href":"https:\/\/aukinkochile.com\/web\/wp-json\/wp\/v2\/comments?post=631820"}],"wp:featuredmedia":[{"embeddable":true,"href":"https:\/\/aukinkochile.com\/web\/wp-json\/wp\/v2\/media\/626785"}],"wp:attachment":[{"href":"https:\/\/aukinkochile.com\/web\/wp-json\/wp\/v2\/media?parent=631820"}],"wp:term":[{"taxonomy":"product_brand","embeddable":true,"href":"https:\/\/aukinkochile.com\/web\/wp-json\/wp\/v2\/product_brand?post=631820"},{"taxonomy":"product_cat","embeddable":true,"href":"https:\/\/aukinkochile.com\/web\/wp-json\/wp\/v2\/product_cat?post=631820"},{"taxonomy":"product_tag","embeddable":true,"href":"https:\/\/aukinkochile.com\/web\/wp-json\/wp\/v2\/product_tag?post=631820"}],"curies":[{"name":"wp","href":"https:\/\/api.w.org\/{rel}","templated":true}]}}