{"id":631804,"date":"2025-06-25T17:52:00","date_gmt":"2025-06-25T17:52:00","guid":{"rendered":"https:\/\/aukinkochile.com\/web\/producto\/animales-asia-set-4\/"},"modified":"2025-06-25T18:05:40","modified_gmt":"2025-06-25T18:05:40","slug":"animales-asia-set-4","status":"publish","type":"product","link":"https:\/\/aukinkochile.com\/web\/producto\/animales-asia-set-4\/","title":{"rendered":"Animales Asia set 4"},"content":{"rendered":"<p>El set de inicio de Wild Life Asia incluye figuras de Schleich que tienen detalles aut\u00e9nticos, est\u00e1n pintadas con cari\u00f1o y promueven un juego educativo valioso. Incluye 1 elefante, 1 oso panda, 1 mono y 1 tigre. Las figuras Schleich tienen detalles aut\u00e9nticos, est\u00e1n pintadas con cari\u00f1o y promueven un juego educativo valioso que despierta la imaginaci\u00f3n y garantiza una experiencia de juego educativo llena de aventuras. Fabricado con el mayor detalle y materiales duraderos.<\/p>\n<p><p><strong>Material : <\/strong> Pl\u00e1stico Duro<\/p>\n<p><strong>C\u00f3digo Aukinko : <\/strong> 07-642736<\/p>\n<p><strong>C\u00f3digo Convenio Marco : <\/strong> x<\/p>\n","protected":false},"excerpt":{"rendered":"<p>El set de inicio de Wild Life Asia incluye figuras de Schleich que tienen detalles aut\u00e9nticos, est\u00e1n pintadas con cari\u00f1o y promueven un juego educativo valioso. Incluye 1 elefante, 1 oso panda, 1 mono y 1 tigre. Las figuras Schleich tienen detalles aut\u00e9nticos, est\u00e1n pintadas con cari\u00f1o y promueven un juego educativo valioso que despierta [&hellip;]<\/p>\n","protected":false},"featured_media":631803,"comment_status":"open","ping_status":"closed","template":"","meta":{"_et_pb_use_builder":"","_et_pb_old_content":"","_et_gb_content_width":""},"product_brand":[],"product_cat":[212],"product_tag":[],"class_list":{"0":"post-631804","1":"product","2":"type-product","3":"status-publish","4":"has-post-thumbnail","6":"product_cat-munecos-y-figuras","7":"pa_edad-10-anos","8":"pa_edad-3-a-4-anos","9":"pa_edad-4-a-5-anos","10":"pa_edad-5-a-6-anos","11":"pa_edad-6-a-8-anos","12":"pa_edad-8-a-10-anos","13":"pa_marca-schleich","14":"pa_medidas-1-x-18","15":"pa_medidas-4343","16":"pa_medidas-5-cm","17":"pa_medidas-6-x-8","19":"first","20":"instock","21":"shipping-taxable","22":"purchasable","23":"product-type-simple"},"aioseo_notices":[],"_links":{"self":[{"href":"https:\/\/aukinkochile.com\/web\/wp-json\/wp\/v2\/product\/631804","targetHints":{"allow":["GET"]}}],"collection":[{"href":"https:\/\/aukinkochile.com\/web\/wp-json\/wp\/v2\/product"}],"about":[{"href":"https:\/\/aukinkochile.com\/web\/wp-json\/wp\/v2\/types\/product"}],"replies":[{"embeddable":true,"href":"https:\/\/aukinkochile.com\/web\/wp-json\/wp\/v2\/comments?post=631804"}],"wp:featuredmedia":[{"embeddable":true,"href":"https:\/\/aukinkochile.com\/web\/wp-json\/wp\/v2\/media\/631803"}],"wp:attachment":[{"href":"https:\/\/aukinkochile.com\/web\/wp-json\/wp\/v2\/media?parent=631804"}],"wp:term":[{"taxonomy":"product_brand","embeddable":true,"href":"https:\/\/aukinkochile.com\/web\/wp-json\/wp\/v2\/product_brand?post=631804"},{"taxonomy":"product_cat","embeddable":true,"href":"https:\/\/aukinkochile.com\/web\/wp-json\/wp\/v2\/product_cat?post=631804"},{"taxonomy":"product_tag","embeddable":true,"href":"https:\/\/aukinkochile.com\/web\/wp-json\/wp\/v2\/product_tag?post=631804"}],"curies":[{"name":"wp","href":"https:\/\/api.w.org\/{rel}","templated":true}]}}