{"id":631755,"date":"2025-06-25T17:50:39","date_gmt":"2025-06-25T17:50:39","guid":{"rendered":"https:\/\/aukinkochile.com\/web\/producto\/animales-establo-caballos\/"},"modified":"2025-06-26T16:28:17","modified_gmt":"2025-06-26T16:28:17","slug":"animales-establo-caballos","status":"publish","type":"product","link":"https:\/\/aukinkochile.com\/web\/producto\/animales-establo-caballos\/","title":{"rendered":"Animales Establo Caballos"},"content":{"rendered":"<p>Diversi\u00f3n sin fin para los peque\u00f1os con el nuevo colorido establo para caballos y sus muchas posibilidades fant\u00e1sticas de juego. Imitar el trabajo diario de la granja es f\u00e1cil con los 7 encantadores animales, las 2 cuadras para caballos, el granjero Paul y la granjera Laura y muchos accesorios m\u00e1s.\u00a0De material resistente y hermoso dise\u00f1o.<\/p>\n<p><strong>Material : <\/strong> Pl\u00e1stico Duro<\/p>\n<p><strong>C\u00f3digo Aukinko : <\/strong> 07-642485<\/p>\n<p><strong>C\u00f3digo Convenio Marco : <\/strong> x<\/p>\n","protected":false},"excerpt":{"rendered":"<p>Diversi\u00f3n sin fin para los peque\u00f1os con el nuevo colorido establo para caballos y sus muchas posibilidades fant\u00e1sticas de juego. Imitar el trabajo diario de la granja es f\u00e1cil con los 7 encantadores animales, las 2 cuadras para caballos, el granjero Paul y la granjera Laura y muchos accesorios m\u00e1s.\u00a0De material resistente y hermoso dise\u00f1o. [&hellip;]<\/p>\n","protected":false},"featured_media":628742,"comment_status":"open","ping_status":"closed","template":"","meta":{"_et_pb_use_builder":"","_et_pb_old_content":"","_et_gb_content_width":""},"product_brand":[],"product_cat":[212],"product_tag":[],"class_list":{"0":"post-631755","1":"product","2":"type-product","3":"status-publish","4":"has-post-thumbnail","6":"product_cat-munecos-y-figuras","7":"pa_edad-10-anos","8":"pa_edad-3-a-4-anos","9":"pa_edad-4-a-5-anos","10":"pa_edad-5-a-6-anos","11":"pa_edad-6-a-8-anos","12":"pa_edad-8-a-10-anos","13":"pa_marca-schleich","14":"pa_medidas-5-cm","15":"pa_medidas-60-x-40-x-29","17":"first","18":"instock","19":"shipping-taxable","20":"purchasable","21":"product-type-simple"},"aioseo_notices":[],"_links":{"self":[{"href":"https:\/\/aukinkochile.com\/web\/wp-json\/wp\/v2\/product\/631755","targetHints":{"allow":["GET"]}}],"collection":[{"href":"https:\/\/aukinkochile.com\/web\/wp-json\/wp\/v2\/product"}],"about":[{"href":"https:\/\/aukinkochile.com\/web\/wp-json\/wp\/v2\/types\/product"}],"replies":[{"embeddable":true,"href":"https:\/\/aukinkochile.com\/web\/wp-json\/wp\/v2\/comments?post=631755"}],"wp:featuredmedia":[{"embeddable":true,"href":"https:\/\/aukinkochile.com\/web\/wp-json\/wp\/v2\/media\/628742"}],"wp:attachment":[{"href":"https:\/\/aukinkochile.com\/web\/wp-json\/wp\/v2\/media?parent=631755"}],"wp:term":[{"taxonomy":"product_brand","embeddable":true,"href":"https:\/\/aukinkochile.com\/web\/wp-json\/wp\/v2\/product_brand?post=631755"},{"taxonomy":"product_cat","embeddable":true,"href":"https:\/\/aukinkochile.com\/web\/wp-json\/wp\/v2\/product_cat?post=631755"},{"taxonomy":"product_tag","embeddable":true,"href":"https:\/\/aukinkochile.com\/web\/wp-json\/wp\/v2\/product_tag?post=631755"}],"curies":[{"name":"wp","href":"https:\/\/api.w.org\/{rel}","templated":true}]}}