{"id":631746,"date":"2025-06-25T17:50:20","date_gmt":"2025-06-25T17:50:20","guid":{"rendered":"https:\/\/aukinkochile.com\/web\/producto\/animales-granja-set-4-pz\/"},"modified":"2025-06-25T18:05:27","modified_gmt":"2025-06-25T18:05:27","slug":"animales-granja-set-4-pz","status":"publish","type":"product","link":"https:\/\/aukinkochile.com\/web\/producto\/animales-granja-set-4-pz\/","title":{"rendered":"Animales Granja set 4 pz"},"content":{"rendered":"<p>Hermoso set de animales de la granja pintados a mano con gran detalle. Con el set de iniciaci\u00f3n Farm World, los ni\u00f1os se familiarizan con los animales m\u00e1s t\u00edpicos de la granja.<\/p>\n<p><p><strong>Material : <\/strong> Pl\u00e1stico Duro<\/p>\n<p><strong>C\u00f3digo Aukinko : <\/strong> 07-642385<\/p>\n<p><strong>C\u00f3digo Convenio Marco : <\/strong> x<\/p>\n","protected":false},"excerpt":{"rendered":"<p>Hermoso set de animales de la granja pintados a mano con gran detalle. Con el set de iniciaci\u00f3n Farm World, los ni\u00f1os se familiarizan con los animales m\u00e1s t\u00edpicos de la granja. Material : Pl\u00e1stico Duro C\u00f3digo Aukinko : 07-642385 C\u00f3digo Convenio Marco : x<\/p>\n","protected":false},"featured_media":628726,"comment_status":"open","ping_status":"closed","template":"","meta":{"_et_pb_use_builder":"","_et_pb_old_content":"","_et_gb_content_width":""},"product_brand":[],"product_cat":[212],"product_tag":[],"class_list":{"0":"post-631746","1":"product","2":"type-product","3":"status-publish","4":"has-post-thumbnail","6":"product_cat-munecos-y-figuras","7":"pa_edad-10-anos","8":"pa_edad-3-a-4-anos","9":"pa_edad-4-a-5-anos","10":"pa_edad-5-a-6-anos","11":"pa_edad-6-a-8-anos","12":"pa_edad-8-a-10-anos","13":"pa_marca-schleich","14":"pa_medidas-2-x-19-cm","15":"pa_medidas-4343","16":"pa_medidas-5-x-8","18":"first","19":"instock","20":"shipping-taxable","21":"purchasable","22":"product-type-simple"},"aioseo_notices":[],"_links":{"self":[{"href":"https:\/\/aukinkochile.com\/web\/wp-json\/wp\/v2\/product\/631746","targetHints":{"allow":["GET"]}}],"collection":[{"href":"https:\/\/aukinkochile.com\/web\/wp-json\/wp\/v2\/product"}],"about":[{"href":"https:\/\/aukinkochile.com\/web\/wp-json\/wp\/v2\/types\/product"}],"replies":[{"embeddable":true,"href":"https:\/\/aukinkochile.com\/web\/wp-json\/wp\/v2\/comments?post=631746"}],"wp:featuredmedia":[{"embeddable":true,"href":"https:\/\/aukinkochile.com\/web\/wp-json\/wp\/v2\/media\/628726"}],"wp:attachment":[{"href":"https:\/\/aukinkochile.com\/web\/wp-json\/wp\/v2\/media?parent=631746"}],"wp:term":[{"taxonomy":"product_brand","embeddable":true,"href":"https:\/\/aukinkochile.com\/web\/wp-json\/wp\/v2\/product_brand?post=631746"},{"taxonomy":"product_cat","embeddable":true,"href":"https:\/\/aukinkochile.com\/web\/wp-json\/wp\/v2\/product_cat?post=631746"},{"taxonomy":"product_tag","embeddable":true,"href":"https:\/\/aukinkochile.com\/web\/wp-json\/wp\/v2\/product_tag?post=631746"}],"curies":[{"name":"wp","href":"https:\/\/api.w.org\/{rel}","templated":true}]}}