{"id":631665,"date":"2025-06-25T17:48:01","date_gmt":"2025-06-25T17:48:01","guid":{"rendered":"https:\/\/aukinkochile.com\/web\/producto\/animal-ciervo-cola-blanca-hembra\/"},"modified":"2025-06-25T18:05:00","modified_gmt":"2025-06-25T18:05:00","slug":"animal-ciervo-cola-blanca-hembra","status":"publish","type":"product","link":"https:\/\/aukinkochile.com\/web\/producto\/animal-ciervo-cola-blanca-hembra\/","title":{"rendered":"Animal Ciervo Cola Blanca Hembra"},"content":{"rendered":"<p>Animal de pl\u00e1stico duro. Finos detalles y muy apegado a la realidad. Excelente dise\u00f1o. Material seguro y durable.<\/p>\n<p><p><strong>Material : <\/strong> Pl\u00e1stico Duro<\/p>\n<p><strong>C\u00f3digo Aukinko : <\/strong> 07-614819<\/p>\n<p><strong>C\u00f3digo Convenio Marco : <\/strong> x<\/p>\n","protected":false},"excerpt":{"rendered":"<p>Animal de pl\u00e1stico duro. Finos detalles y muy apegado a la realidad. Excelente dise\u00f1o. Material seguro y durable. Material : Pl\u00e1stico Duro C\u00f3digo Aukinko : 07-614819 C\u00f3digo Convenio Marco : x<\/p>\n","protected":false},"featured_media":628628,"comment_status":"open","ping_status":"closed","template":"","meta":{"_et_pb_use_builder":"","_et_pb_old_content":"","_et_gb_content_width":""},"product_brand":[],"product_cat":[212],"product_tag":[],"class_list":{"0":"post-631665","1":"product","2":"type-product","3":"status-publish","4":"has-post-thumbnail","6":"product_cat-munecos-y-figuras","7":"pa_edad-10-anos","8":"pa_edad-3-a-4-anos","9":"pa_edad-4-a-5-anos","10":"pa_edad-5-a-6-anos","11":"pa_edad-6-a-8-anos","12":"pa_edad-8-a-10-anos","13":"pa_marca-schleich","14":"pa_medidas-5-cm","15":"pa_medidas-5-x-8","16":"pa_medidas-6-x-3","17":"pa_medidas-4398","19":"first","20":"instock","21":"shipping-taxable","22":"purchasable","23":"product-type-simple"},"aioseo_notices":[],"_links":{"self":[{"href":"https:\/\/aukinkochile.com\/web\/wp-json\/wp\/v2\/product\/631665","targetHints":{"allow":["GET"]}}],"collection":[{"href":"https:\/\/aukinkochile.com\/web\/wp-json\/wp\/v2\/product"}],"about":[{"href":"https:\/\/aukinkochile.com\/web\/wp-json\/wp\/v2\/types\/product"}],"replies":[{"embeddable":true,"href":"https:\/\/aukinkochile.com\/web\/wp-json\/wp\/v2\/comments?post=631665"}],"wp:featuredmedia":[{"embeddable":true,"href":"https:\/\/aukinkochile.com\/web\/wp-json\/wp\/v2\/media\/628628"}],"wp:attachment":[{"href":"https:\/\/aukinkochile.com\/web\/wp-json\/wp\/v2\/media?parent=631665"}],"wp:term":[{"taxonomy":"product_brand","embeddable":true,"href":"https:\/\/aukinkochile.com\/web\/wp-json\/wp\/v2\/product_brand?post=631665"},{"taxonomy":"product_cat","embeddable":true,"href":"https:\/\/aukinkochile.com\/web\/wp-json\/wp\/v2\/product_cat?post=631665"},{"taxonomy":"product_tag","embeddable":true,"href":"https:\/\/aukinkochile.com\/web\/wp-json\/wp\/v2\/product_tag?post=631665"}],"curies":[{"name":"wp","href":"https:\/\/api.w.org\/{rel}","templated":true}]}}