{"id":631623,"date":"2025-06-25T17:46:38","date_gmt":"2025-06-25T17:46:38","guid":{"rendered":"https:\/\/aukinkochile.com\/web\/producto\/figura-serie-hp-thestral\/"},"modified":"2025-06-25T18:04:54","modified_gmt":"2025-06-25T18:04:54","slug":"figura-serie-hp-thestral","status":"publish","type":"product","link":"https:\/\/aukinkochile.com\/web\/producto\/figura-serie-hp-thestral\/","title":{"rendered":"Figura serie HP Thestral"},"content":{"rendered":"<p>Descubre el mundo de Harry Potter jugando con los aut\u00e9nticos y detallados personajes de Schleich. Fabricado con gran detalle y materiales resistentes. Los productos Schleich inspiran la imaginaci\u00f3n y garantizan una experiencia de juego educativo llena de aventuras. Recomendada para fan\u00e1ticos de esta incre\u00edble saga de 6 a\u00f1os en adelante.<\/p>\n<p><p><strong>Material : <\/strong> Pl\u00e1stico Duro<\/p>\n<p><strong>C\u00f3digo Aukinko : <\/strong> 07-613996<\/p>\n<p><strong>C\u00f3digo Convenio Marco : <\/strong> x<\/p>\n","protected":false},"excerpt":{"rendered":"<p>Descubre el mundo de Harry Potter jugando con los aut\u00e9nticos y detallados personajes de Schleich. Fabricado con gran detalle y materiales resistentes. Los productos Schleich inspiran la imaginaci\u00f3n y garantizan una experiencia de juego educativo llena de aventuras. Recomendada para fan\u00e1ticos de esta incre\u00edble saga de 6 a\u00f1os en adelante. Material : Pl\u00e1stico Duro C\u00f3digo [&hellip;]<\/p>\n","protected":false},"featured_media":631622,"comment_status":"open","ping_status":"closed","template":"","meta":{"_et_pb_use_builder":"","_et_pb_old_content":"","_et_gb_content_width":""},"product_brand":[],"product_cat":[212],"product_tag":[],"class_list":{"0":"post-631623","1":"product","2":"type-product","3":"status-publish","4":"has-post-thumbnail","6":"product_cat-munecos-y-figuras","7":"pa_edad-10-anos","8":"pa_edad-3-a-4-anos","9":"pa_edad-4-a-5-anos","10":"pa_edad-5-a-6-anos","11":"pa_edad-6-a-8-anos","12":"pa_edad-8-a-10-anos","13":"pa_marca-schleich","14":"pa_medidas-4400","15":"pa_medidas-6-x-16-x-18-cm","17":"first","18":"instock","19":"shipping-taxable","20":"purchasable","21":"product-type-simple"},"aioseo_notices":[],"_links":{"self":[{"href":"https:\/\/aukinkochile.com\/web\/wp-json\/wp\/v2\/product\/631623","targetHints":{"allow":["GET"]}}],"collection":[{"href":"https:\/\/aukinkochile.com\/web\/wp-json\/wp\/v2\/product"}],"about":[{"href":"https:\/\/aukinkochile.com\/web\/wp-json\/wp\/v2\/types\/product"}],"replies":[{"embeddable":true,"href":"https:\/\/aukinkochile.com\/web\/wp-json\/wp\/v2\/comments?post=631623"}],"wp:featuredmedia":[{"embeddable":true,"href":"https:\/\/aukinkochile.com\/web\/wp-json\/wp\/v2\/media\/631622"}],"wp:attachment":[{"href":"https:\/\/aukinkochile.com\/web\/wp-json\/wp\/v2\/media?parent=631623"}],"wp:term":[{"taxonomy":"product_brand","embeddable":true,"href":"https:\/\/aukinkochile.com\/web\/wp-json\/wp\/v2\/product_brand?post=631623"},{"taxonomy":"product_cat","embeddable":true,"href":"https:\/\/aukinkochile.com\/web\/wp-json\/wp\/v2\/product_cat?post=631623"},{"taxonomy":"product_tag","embeddable":true,"href":"https:\/\/aukinkochile.com\/web\/wp-json\/wp\/v2\/product_tag?post=631623"}],"curies":[{"name":"wp","href":"https:\/\/api.w.org\/{rel}","templated":true}]}}