{"id":631616,"date":"2025-06-25T17:46:28","date_gmt":"2025-06-25T17:46:28","guid":{"rendered":"https:\/\/aukinkochile.com\/web\/producto\/figura-serie-hp-buckbeak\/"},"modified":"2025-06-25T18:04:53","modified_gmt":"2025-06-25T18:04:53","slug":"figura-serie-hp-buckbeak","status":"publish","type":"product","link":"https:\/\/aukinkochile.com\/web\/producto\/figura-serie-hp-buckbeak\/","title":{"rendered":"Figura serie HP Buckbeak"},"content":{"rendered":"<p>Hermosa figura de la exitosa saga de Harry Potter pintada a mano con gran detalle. Buckbeak\u2122 es el amado hipogrifo de Hagrid\u2122.<\/p>\n<p><p><strong>Material : <\/strong> Pl\u00e1stico Duro<\/p>\n<p><strong>C\u00f3digo Aukinko : <\/strong> 07-613988<\/p>\n<p><strong>C\u00f3digo Convenio Marco : <\/strong> x<\/p>\n","protected":false},"excerpt":{"rendered":"<p>Hermosa figura de la exitosa saga de Harry Potter pintada a mano con gran detalle. Buckbeak\u2122 es el amado hipogrifo de Hagrid\u2122. Material : Pl\u00e1stico Duro C\u00f3digo Aukinko : 07-613988 C\u00f3digo Convenio Marco : x<\/p>\n","protected":false},"featured_media":628564,"comment_status":"open","ping_status":"closed","template":"","meta":{"_et_pb_use_builder":"","_et_pb_old_content":"","_et_gb_content_width":""},"product_brand":[],"product_cat":[212],"product_tag":[],"class_list":{"0":"post-631616","1":"product","2":"type-product","3":"status-publish","4":"has-post-thumbnail","6":"product_cat-munecos-y-figuras","7":"pa_edad-10-anos","8":"pa_edad-3-a-4-anos","9":"pa_edad-4-a-5-anos","10":"pa_edad-5-a-6-anos","11":"pa_edad-6-a-8-anos","12":"pa_edad-8-a-10-anos","13":"pa_marca-schleich","14":"pa_medidas-16-x-30-x-11","15":"pa_medidas-5-cm","17":"first","18":"instock","19":"shipping-taxable","20":"purchasable","21":"product-type-simple"},"aioseo_notices":[],"_links":{"self":[{"href":"https:\/\/aukinkochile.com\/web\/wp-json\/wp\/v2\/product\/631616","targetHints":{"allow":["GET"]}}],"collection":[{"href":"https:\/\/aukinkochile.com\/web\/wp-json\/wp\/v2\/product"}],"about":[{"href":"https:\/\/aukinkochile.com\/web\/wp-json\/wp\/v2\/types\/product"}],"replies":[{"embeddable":true,"href":"https:\/\/aukinkochile.com\/web\/wp-json\/wp\/v2\/comments?post=631616"}],"wp:featuredmedia":[{"embeddable":true,"href":"https:\/\/aukinkochile.com\/web\/wp-json\/wp\/v2\/media\/628564"}],"wp:attachment":[{"href":"https:\/\/aukinkochile.com\/web\/wp-json\/wp\/v2\/media?parent=631616"}],"wp:term":[{"taxonomy":"product_brand","embeddable":true,"href":"https:\/\/aukinkochile.com\/web\/wp-json\/wp\/v2\/product_brand?post=631616"},{"taxonomy":"product_cat","embeddable":true,"href":"https:\/\/aukinkochile.com\/web\/wp-json\/wp\/v2\/product_cat?post=631616"},{"taxonomy":"product_tag","embeddable":true,"href":"https:\/\/aukinkochile.com\/web\/wp-json\/wp\/v2\/product_tag?post=631616"}],"curies":[{"name":"wp","href":"https:\/\/api.w.org\/{rel}","templated":true}]}}