{"id":631612,"date":"2025-06-25T17:46:17","date_gmt":"2025-06-25T17:46:17","guid":{"rendered":"https:\/\/aukinkochile.com\/web\/producto\/animal-yegua-fiordos-noruegos\/"},"modified":"2025-06-25T18:04:50","modified_gmt":"2025-06-25T18:04:50","slug":"animal-yegua-fiordos-noruegos","status":"publish","type":"product","link":"https:\/\/aukinkochile.com\/web\/producto\/animal-yegua-fiordos-noruegos\/","title":{"rendered":"Animal Yegua Fiordos Noruegos"},"content":{"rendered":"<p>Hermosa yegua pintada a mano con gran detalle. Pelaje amarillento, larga l\u00ednea de anguila en el lomo y crin erguida blanca y negra: la bonita yegua fiordo tiene todas las caracter\u00edsticas t\u00edpicas de su raza y es preciosa. Con su complexi\u00f3n compacta, se mueve con seguridad incluso por terrenos irregulares. L\u00f3gico: tambi\u00e9n procede de la monta\u00f1osa Noruega.<\/p>\n<p><p><strong>Material : <\/strong> Pl\u00e1stico Duro<\/p>\n<p><strong>C\u00f3digo Aukinko : <\/strong> 07-613980<\/p>\n<p><strong>C\u00f3digo Convenio Marco : <\/strong> x<\/p>\n","protected":false},"excerpt":{"rendered":"<p>Hermosa yegua pintada a mano con gran detalle. Pelaje amarillento, larga l\u00ednea de anguila en el lomo y crin erguida blanca y negra: la bonita yegua fiordo tiene todas las caracter\u00edsticas t\u00edpicas de su raza y es preciosa. Con su complexi\u00f3n compacta, se mueve con seguridad incluso por terrenos irregulares. L\u00f3gico: tambi\u00e9n procede de la [&hellip;]<\/p>\n","protected":false},"featured_media":628552,"comment_status":"open","ping_status":"closed","template":"","meta":{"_et_pb_use_builder":"","_et_pb_old_content":"","_et_gb_content_width":""},"product_brand":[],"product_cat":[212],"product_tag":[],"class_list":{"0":"post-631612","1":"product","2":"type-product","3":"status-publish","4":"has-post-thumbnail","6":"product_cat-munecos-y-figuras","7":"pa_edad-10-anos","8":"pa_edad-3-a-4-anos","9":"pa_edad-4-a-5-anos","10":"pa_edad-5-a-6-anos","11":"pa_edad-6-a-8-anos","12":"pa_edad-8-a-10-anos","13":"pa_marca-schleich","14":"pa_medidas-14-x-4","15":"pa_medidas-3-cm","16":"pa_medidas-4-x-10","18":"first","19":"instock","20":"shipping-taxable","21":"purchasable","22":"product-type-simple"},"aioseo_notices":[],"_links":{"self":[{"href":"https:\/\/aukinkochile.com\/web\/wp-json\/wp\/v2\/product\/631612","targetHints":{"allow":["GET"]}}],"collection":[{"href":"https:\/\/aukinkochile.com\/web\/wp-json\/wp\/v2\/product"}],"about":[{"href":"https:\/\/aukinkochile.com\/web\/wp-json\/wp\/v2\/types\/product"}],"replies":[{"embeddable":true,"href":"https:\/\/aukinkochile.com\/web\/wp-json\/wp\/v2\/comments?post=631612"}],"wp:featuredmedia":[{"embeddable":true,"href":"https:\/\/aukinkochile.com\/web\/wp-json\/wp\/v2\/media\/628552"}],"wp:attachment":[{"href":"https:\/\/aukinkochile.com\/web\/wp-json\/wp\/v2\/media?parent=631612"}],"wp:term":[{"taxonomy":"product_brand","embeddable":true,"href":"https:\/\/aukinkochile.com\/web\/wp-json\/wp\/v2\/product_brand?post=631612"},{"taxonomy":"product_cat","embeddable":true,"href":"https:\/\/aukinkochile.com\/web\/wp-json\/wp\/v2\/product_cat?post=631612"},{"taxonomy":"product_tag","embeddable":true,"href":"https:\/\/aukinkochile.com\/web\/wp-json\/wp\/v2\/product_tag?post=631612"}],"curies":[{"name":"wp","href":"https:\/\/api.w.org\/{rel}","templated":true}]}}