{"id":631388,"date":"2025-04-22T14:02:24","date_gmt":"2025-04-22T14:02:24","guid":{"rendered":"https:\/\/aukinkochile.com\/web\/producto\/juego-de-mesa-madera-loto-tactil\/"},"modified":"2026-03-27T16:59:18","modified_gmt":"2026-03-27T16:59:18","slug":"juego-de-mesa-madera-loto-tactil","status":"publish","type":"product","link":"https:\/\/aukinkochile.com\/web\/producto\/juego-de-mesa-madera-loto-tactil\/","title":{"rendered":"Juego de Mesa Madera Loto T\u00e1ctil"},"content":{"rendered":"<p>Entretenido y educativo juego de loto t\u00e1ctil para pasar horas de diversi\u00f3n. Ideal para reconocer y aprender texturas desarrollando el sentido del tacto. Incluye 10 c\u00edrculos (3,5 cm di\u00e1metro x 2 cm) de madera con texturas diferentes (arpillera, velcro \u00e1spero, lija, paja, alfombra, papel corrugado, espuma, esponja, genero, velcro suave) para  reconocer y encajar en la correspondiente textura en el tablero. Fabricado en material suave y resistente.<\/p>\n<p><p><strong>Material : <\/strong> Madera<\/p>\n<p><strong>C\u00f3digo Aukinko : <\/strong> 18-258483<\/p>\n<p><strong>C\u00f3digo Convenio Marco : <\/strong> x<\/p>\n","protected":false},"excerpt":{"rendered":"<p>Entretenido y educativo juego de loto t\u00e1ctil para pasar horas de diversi\u00f3n. Ideal para reconocer y aprender texturas desarrollando el sentido del tacto. Incluye 10 c\u00edrculos (3,5 cm di\u00e1metro x 2 cm) de madera con texturas diferentes (arpillera, velcro \u00e1spero, lija, paja, alfombra, papel corrugado, espuma, esponja, genero, velcro suave) para reconocer y encajar en [&hellip;]<\/p>\n","protected":false},"featured_media":625126,"comment_status":"open","ping_status":"closed","template":"","meta":{"_et_pb_use_builder":"","_et_pb_old_content":"","_et_gb_content_width":""},"product_brand":[],"product_cat":[150,7385,149],"product_tag":[],"class_list":{"0":"post-631388","1":"product","2":"type-product","3":"status-publish","4":"has-post-thumbnail","6":"product_cat-asociacion-y-logica","7":"product_cat-estimulacion-cognitiva-y-motora-para-adultos-mayores","8":"product_cat-juegos-de-mesa","9":"pa_edad-3-a-4-anos","10":"pa_edad-4-a-5-anos","11":"pa_marca-viga","12":"pa_medidas-4394","13":"pa_medidas-5-x-11-x-4-cm","15":"first","16":"instock","17":"shipping-taxable","18":"purchasable","19":"product-type-simple"},"aioseo_notices":[],"_links":{"self":[{"href":"https:\/\/aukinkochile.com\/web\/wp-json\/wp\/v2\/product\/631388","targetHints":{"allow":["GET"]}}],"collection":[{"href":"https:\/\/aukinkochile.com\/web\/wp-json\/wp\/v2\/product"}],"about":[{"href":"https:\/\/aukinkochile.com\/web\/wp-json\/wp\/v2\/types\/product"}],"replies":[{"embeddable":true,"href":"https:\/\/aukinkochile.com\/web\/wp-json\/wp\/v2\/comments?post=631388"}],"wp:featuredmedia":[{"embeddable":true,"href":"https:\/\/aukinkochile.com\/web\/wp-json\/wp\/v2\/media\/625126"}],"wp:attachment":[{"href":"https:\/\/aukinkochile.com\/web\/wp-json\/wp\/v2\/media?parent=631388"}],"wp:term":[{"taxonomy":"product_brand","embeddable":true,"href":"https:\/\/aukinkochile.com\/web\/wp-json\/wp\/v2\/product_brand?post=631388"},{"taxonomy":"product_cat","embeddable":true,"href":"https:\/\/aukinkochile.com\/web\/wp-json\/wp\/v2\/product_cat?post=631388"},{"taxonomy":"product_tag","embeddable":true,"href":"https:\/\/aukinkochile.com\/web\/wp-json\/wp\/v2\/product_tag?post=631388"}],"curies":[{"name":"wp","href":"https:\/\/api.w.org\/{rel}","templated":true}]}}