{"id":631386,"date":"2025-04-22T14:02:21","date_gmt":"2025-04-22T14:02:21","guid":{"rendered":"https:\/\/aukinkochile.com\/web\/producto\/arrastre-perro-madera\/"},"modified":"2025-11-06T20:08:34","modified_gmt":"2025-11-06T20:08:34","slug":"arrastre-perro-madera","status":"publish","type":"product","link":"https:\/\/aukinkochile.com\/web\/producto\/arrastre-perro-madera\/","title":{"rendered":"Arrastre Perro Madera"},"content":{"rendered":"<p>Hermoso arrastre de madera para llevar a todas partes. Este simp\u00e1tico perro de arrastre de estilo escandinavo de madera natural delicadamente pintado ser\u00e1 ideal para acompa\u00f1ar a los ni\u00f1os y ni\u00f1as en sus primeros pasos. Al arrastrarlo este divertido perro menea la cola. Sus ruedas con goma lo hacen suave y silencioso. Fabricado en madera es ideal para ni\u00f1os y ni\u00f1as peque\u00f1as cuando comienzan a caminar. Fabricado en material suave y resistente con colores suaves.<\/p>\n<p><p><strong>Material : <\/strong> Madera<\/p>\n<p><strong>C\u00f3digo Aukinko : <\/strong> 18-251614<\/p>\n<p><strong>C\u00f3digo Convenio Marco : <\/strong> x<\/p>\n","protected":false},"excerpt":{"rendered":"<p>Hermoso arrastre de madera para llevar a todas partes. Este simp\u00e1tico perro de arrastre de estilo escandinavo de madera natural delicadamente pintado ser\u00e1 ideal para acompa\u00f1ar a los ni\u00f1os y ni\u00f1as en sus primeros pasos. Al arrastrarlo este divertido perro menea la cola. Sus ruedas con goma lo hacen suave y silencioso. Fabricado en madera [&hellip;]<\/p>\n","protected":false},"featured_media":625078,"comment_status":"open","ping_status":"closed","template":"","meta":{"_et_pb_use_builder":"","_et_pb_old_content":"","_et_gb_content_width":""},"product_brand":[],"product_cat":[91,18,23],"product_tag":[],"class_list":{"0":"post-631386","1":"product","2":"type-product","3":"status-publish","4":"has-post-thumbnail","6":"product_cat-accesorios-sala","7":"product_cat-motricidad-gruesa","8":"product_cat-primeros-anos","9":"pa_edad-1-a-2-anos","10":"pa_edad-2-a-3-anos","11":"pa_marca-viga","12":"pa_medidas-30-x-22","13":"pa_medidas-5-x-1-cm","15":"first","16":"instock","17":"shipping-taxable","18":"purchasable","19":"product-type-simple"},"aioseo_notices":[],"_links":{"self":[{"href":"https:\/\/aukinkochile.com\/web\/wp-json\/wp\/v2\/product\/631386","targetHints":{"allow":["GET"]}}],"collection":[{"href":"https:\/\/aukinkochile.com\/web\/wp-json\/wp\/v2\/product"}],"about":[{"href":"https:\/\/aukinkochile.com\/web\/wp-json\/wp\/v2\/types\/product"}],"replies":[{"embeddable":true,"href":"https:\/\/aukinkochile.com\/web\/wp-json\/wp\/v2\/comments?post=631386"}],"wp:featuredmedia":[{"embeddable":true,"href":"https:\/\/aukinkochile.com\/web\/wp-json\/wp\/v2\/media\/625078"}],"wp:attachment":[{"href":"https:\/\/aukinkochile.com\/web\/wp-json\/wp\/v2\/media?parent=631386"}],"wp:term":[{"taxonomy":"product_brand","embeddable":true,"href":"https:\/\/aukinkochile.com\/web\/wp-json\/wp\/v2\/product_brand?post=631386"},{"taxonomy":"product_cat","embeddable":true,"href":"https:\/\/aukinkochile.com\/web\/wp-json\/wp\/v2\/product_cat?post=631386"},{"taxonomy":"product_tag","embeddable":true,"href":"https:\/\/aukinkochile.com\/web\/wp-json\/wp\/v2\/product_tag?post=631386"}],"curies":[{"name":"wp","href":"https:\/\/api.w.org\/{rel}","templated":true}]}}