{"id":631368,"date":"2025-04-22T14:02:02","date_gmt":"2025-04-22T14:02:02","guid":{"rendered":"https:\/\/aukinkochile.com\/web\/producto\/juego-pared-madera-oso\/"},"modified":"2025-11-06T20:07:46","modified_gmt":"2025-11-06T20:07:46","slug":"juego-pared-madera-oso","status":"publish","type":"product","link":"https:\/\/aukinkochile.com\/web\/producto\/juego-pared-madera-oso\/","title":{"rendered":"Juego Pared Madera Oso"},"content":{"rendered":"<p>Divertido juego de pared con forma de oso, viene con distintas funciones y juegos. Fabricado con madera de calidad pintada y de estructura robusta que puede ser utilizado por a\u00f1os. Juguete ideal para escuelas, jardines infantiles, centros de aprendizaje, \u00e1reas publicas y familiares. Fabricado en material suave y resistente. <\/p>\n<p><p><strong>Material : <\/strong> Madera<\/p>\n<p><strong>C\u00f3digo Aukinko : <\/strong> 18-250471<\/p>\n<p><strong>C\u00f3digo Convenio Marco : <\/strong> x<\/p>\n","protected":false},"excerpt":{"rendered":"<p>Divertido juego de pared con forma de oso, viene con distintas funciones y juegos. Fabricado con madera de calidad pintada y de estructura robusta que puede ser utilizado por a\u00f1os. Juguete ideal para escuelas, jardines infantiles, centros de aprendizaje, \u00e1reas publicas y familiares. Fabricado en material suave y resistente. Material : Madera C\u00f3digo Aukinko : [&hellip;]<\/p>\n","protected":false},"featured_media":628001,"comment_status":"open","ping_status":"closed","template":"","meta":{"_et_pb_use_builder":"","_et_pb_old_content":"","_et_gb_content_width":""},"product_brand":[],"product_cat":[91,20],"product_tag":[],"class_list":{"0":"post-631368","1":"product","2":"type-product","3":"status-publish","4":"has-post-thumbnail","6":"product_cat-accesorios-sala","7":"product_cat-motricidad-fina","8":"pa_edad-1-a-2-anos","9":"pa_edad-2-a-3-anos","10":"pa_edad-3-a-4-anos","11":"pa_marca-viga","12":"pa_medidas-91-x-32-x-6-cm","14":"first","15":"instock","16":"shipping-taxable","17":"purchasable","18":"product-type-simple"},"aioseo_notices":[],"_links":{"self":[{"href":"https:\/\/aukinkochile.com\/web\/wp-json\/wp\/v2\/product\/631368","targetHints":{"allow":["GET"]}}],"collection":[{"href":"https:\/\/aukinkochile.com\/web\/wp-json\/wp\/v2\/product"}],"about":[{"href":"https:\/\/aukinkochile.com\/web\/wp-json\/wp\/v2\/types\/product"}],"replies":[{"embeddable":true,"href":"https:\/\/aukinkochile.com\/web\/wp-json\/wp\/v2\/comments?post=631368"}],"wp:featuredmedia":[{"embeddable":true,"href":"https:\/\/aukinkochile.com\/web\/wp-json\/wp\/v2\/media\/628001"}],"wp:attachment":[{"href":"https:\/\/aukinkochile.com\/web\/wp-json\/wp\/v2\/media?parent=631368"}],"wp:term":[{"taxonomy":"product_brand","embeddable":true,"href":"https:\/\/aukinkochile.com\/web\/wp-json\/wp\/v2\/product_brand?post=631368"},{"taxonomy":"product_cat","embeddable":true,"href":"https:\/\/aukinkochile.com\/web\/wp-json\/wp\/v2\/product_cat?post=631368"},{"taxonomy":"product_tag","embeddable":true,"href":"https:\/\/aukinkochile.com\/web\/wp-json\/wp\/v2\/product_tag?post=631368"}],"curies":[{"name":"wp","href":"https:\/\/api.w.org\/{rel}","templated":true}]}}