{"id":631365,"date":"2025-04-22T14:01:58","date_gmt":"2025-04-22T14:01:58","guid":{"rendered":"https:\/\/aukinkochile.com\/web\/producto\/puzle-sonido-naturaleza-7-pz\/"},"modified":"2025-04-22T14:25:23","modified_gmt":"2025-04-22T14:25:23","slug":"puzle-sonido-naturaleza-7-pz","status":"publish","type":"product","link":"https:\/\/aukinkochile.com\/web\/producto\/puzle-sonido-naturaleza-7-pz\/","title":{"rendered":"Puzle Sonido Naturaleza 7 pz"},"content":{"rendered":"<p>Maravilloso puzle interactivo que introduce a los ni\u00f1os y ni\u00f1as al mundo de los sonidos naturales. Este juguete educativo desarrolla habilidades manuales y cognitivas y fomenta el juego interactivo. Gracias a los efectos de sonido realistas, los m\u00e1s peque\u00f1os podr\u00e1n sentirse como si estuvieran en una aut\u00e9ntica expedici\u00f3n por el bosque. Es un gran entretenimiento combinado con aprendizaje que desarrolla la imaginaci\u00f3n y la curiosidad sobre el mundo. Perfecto para ni\u00f1os y ni\u00f1as peque\u00f1as que quieren explorar el mundo a trav\u00e9s del juego interactivo. M\u00f3dulo de sonido incorporado: el sonido se activa cuando la figura coincide. Este juego permite el reconocimiento de sonidos naturales y sus fuentes, estimula el desarrollo de la destreza manual y la coordinaci\u00f3n mano-ojo, la memoria y el pensamiento l\u00f3gico, la curiosidad por aprender sobre el mundo y la conciencia ambiental. Fabricado en madera, con colores suaves y material duradero y resistente.<\/p>\n<p><p><strong>Material : <\/strong> Madera<\/p>\n<p><strong>C\u00f3digo Aukinko : <\/strong> 18-244762<\/p>\n<p><strong>C\u00f3digo Convenio Marco : <\/strong> x<\/p>\n","protected":false},"excerpt":{"rendered":"<p>Maravilloso puzle interactivo que introduce a los ni\u00f1os y ni\u00f1as al mundo de los sonidos naturales. Este juguete educativo desarrolla habilidades manuales y cognitivas y fomenta el juego interactivo. Gracias a los efectos de sonido realistas, los m\u00e1s peque\u00f1os podr\u00e1n sentirse como si estuvieran en una aut\u00e9ntica expedici\u00f3n por el bosque. Es un gran entretenimiento [&hellip;]<\/p>\n","protected":false},"featured_media":631364,"comment_status":"open","ping_status":"closed","template":"","meta":{"_et_pb_use_builder":"","_et_pb_old_content":"","_et_gb_content_width":""},"product_brand":[],"product_cat":[91,20,22],"product_tag":[],"class_list":{"0":"post-631365","1":"product","2":"type-product","3":"status-publish","4":"has-post-thumbnail","6":"product_cat-accesorios-sala","7":"product_cat-motricidad-fina","8":"product_cat-puzzles","9":"pa_edad-1-a-2-anos","10":"pa_edad-2-a-3-anos","11":"pa_edad-3-a-4-anos","12":"pa_edad-4-a-5-anos","13":"pa_marca-viga","14":"pa_medidas-3-cm","15":"pa_medidas-30-x-22","16":"pa_medidas-5-x-3","18":"first","19":"instock","20":"shipping-taxable","21":"purchasable","22":"product-type-simple"},"aioseo_notices":[],"_links":{"self":[{"href":"https:\/\/aukinkochile.com\/web\/wp-json\/wp\/v2\/product\/631365","targetHints":{"allow":["GET"]}}],"collection":[{"href":"https:\/\/aukinkochile.com\/web\/wp-json\/wp\/v2\/product"}],"about":[{"href":"https:\/\/aukinkochile.com\/web\/wp-json\/wp\/v2\/types\/product"}],"replies":[{"embeddable":true,"href":"https:\/\/aukinkochile.com\/web\/wp-json\/wp\/v2\/comments?post=631365"}],"wp:featuredmedia":[{"embeddable":true,"href":"https:\/\/aukinkochile.com\/web\/wp-json\/wp\/v2\/media\/631364"}],"wp:attachment":[{"href":"https:\/\/aukinkochile.com\/web\/wp-json\/wp\/v2\/media?parent=631365"}],"wp:term":[{"taxonomy":"product_brand","embeddable":true,"href":"https:\/\/aukinkochile.com\/web\/wp-json\/wp\/v2\/product_brand?post=631365"},{"taxonomy":"product_cat","embeddable":true,"href":"https:\/\/aukinkochile.com\/web\/wp-json\/wp\/v2\/product_cat?post=631365"},{"taxonomy":"product_tag","embeddable":true,"href":"https:\/\/aukinkochile.com\/web\/wp-json\/wp\/v2\/product_tag?post=631365"}],"curies":[{"name":"wp","href":"https:\/\/api.w.org\/{rel}","templated":true}]}}