{"id":631363,"date":"2025-04-22T14:01:57","date_gmt":"2025-04-22T14:01:57","guid":{"rendered":"https:\/\/aukinkochile.com\/web\/producto\/puzle-sonido-casa-7-pz\/"},"modified":"2025-04-22T14:25:23","modified_gmt":"2025-04-22T14:25:23","slug":"puzle-sonido-casa-7-pz","status":"publish","type":"product","link":"https:\/\/aukinkochile.com\/web\/producto\/puzle-sonido-casa-7-pz\/","title":{"rendered":"Puzle Sonido Casa 7 pz"},"content":{"rendered":"<p>Divertido puzle musical educativo sobre actividades diarias para que los ni\u00f1os y ni\u00f1as aprendan las tareas de la vida cotidiana de una forma muy entretenida. Este hermoso juguete consta de seis piezas de madera con tarugos ideales para las manos peque\u00f1as. Cada pieza representa una actividad diaria distinta, como cepillarse los dientes, cocinar o limpiar. Al colocarlas correctamente, el rompecabezas produce un sonido correspondiente asociado con la acci\u00f3n: el zumbido de la aspiradora, las campanas del reloj, etc. Un juego que desarrolla la coordinaci\u00f3n mano-ojo, estimula el aprendizaje a trav\u00e9s del juego, ayuda a los ni\u00f1os y ni\u00f1as a reconocer y comprender diversas actividades cotidianas, desarrolla la creatividad, estimula la imaginaci\u00f3n a trav\u00e9s del juego de roles y prepara a los m\u00e1s peque\u00f1os para la independencia introduci\u00e9ndolos a las tareas rutinarias de una manera divertida y l\u00fadica. Fabricado en madera, con colores suaves y material duradero y resistente.<\/p>\n<p><p><strong>Material : <\/strong> Madera<\/p>\n<p><strong>C\u00f3digo Aukinko : <\/strong> 18-244761<\/p>\n<p><strong>C\u00f3digo Convenio Marco : <\/strong> x<\/p>\n","protected":false},"excerpt":{"rendered":"<p>Divertido puzle musical educativo sobre actividades diarias para que los ni\u00f1os y ni\u00f1as aprendan las tareas de la vida cotidiana de una forma muy entretenida. Este hermoso juguete consta de seis piezas de madera con tarugos ideales para las manos peque\u00f1as. Cada pieza representa una actividad diaria distinta, como cepillarse los dientes, cocinar o limpiar. [&hellip;]<\/p>\n","protected":false},"featured_media":631362,"comment_status":"open","ping_status":"closed","template":"","meta":{"_et_pb_use_builder":"","_et_pb_old_content":"","_et_gb_content_width":""},"product_brand":[],"product_cat":[91,20,22],"product_tag":[],"class_list":{"0":"post-631363","1":"product","2":"type-product","3":"status-publish","4":"has-post-thumbnail","6":"product_cat-accesorios-sala","7":"product_cat-motricidad-fina","8":"product_cat-puzzles","9":"pa_edad-1-a-2-anos","10":"pa_edad-2-a-3-anos","11":"pa_edad-3-a-4-anos","12":"pa_edad-4-a-5-anos","13":"pa_marca-viga","14":"pa_medidas-3-cm","15":"pa_medidas-30-x-22","16":"pa_medidas-5-x-3","18":"first","19":"instock","20":"shipping-taxable","21":"purchasable","22":"product-type-simple"},"aioseo_notices":[],"_links":{"self":[{"href":"https:\/\/aukinkochile.com\/web\/wp-json\/wp\/v2\/product\/631363","targetHints":{"allow":["GET"]}}],"collection":[{"href":"https:\/\/aukinkochile.com\/web\/wp-json\/wp\/v2\/product"}],"about":[{"href":"https:\/\/aukinkochile.com\/web\/wp-json\/wp\/v2\/types\/product"}],"replies":[{"embeddable":true,"href":"https:\/\/aukinkochile.com\/web\/wp-json\/wp\/v2\/comments?post=631363"}],"wp:featuredmedia":[{"embeddable":true,"href":"https:\/\/aukinkochile.com\/web\/wp-json\/wp\/v2\/media\/631362"}],"wp:attachment":[{"href":"https:\/\/aukinkochile.com\/web\/wp-json\/wp\/v2\/media?parent=631363"}],"wp:term":[{"taxonomy":"product_brand","embeddable":true,"href":"https:\/\/aukinkochile.com\/web\/wp-json\/wp\/v2\/product_brand?post=631363"},{"taxonomy":"product_cat","embeddable":true,"href":"https:\/\/aukinkochile.com\/web\/wp-json\/wp\/v2\/product_cat?post=631363"},{"taxonomy":"product_tag","embeddable":true,"href":"https:\/\/aukinkochile.com\/web\/wp-json\/wp\/v2\/product_tag?post=631363"}],"curies":[{"name":"wp","href":"https:\/\/api.w.org\/{rel}","templated":true}]}}