{"id":631357,"date":"2025-04-22T14:01:52","date_gmt":"2025-04-22T14:01:52","guid":{"rendered":"https:\/\/aukinkochile.com\/web\/producto\/tocador-madera-con-espejo\/"},"modified":"2026-03-27T17:05:11","modified_gmt":"2026-03-27T17:05:11","slug":"tocador-madera-con-espejo","status":"publish","type":"product","link":"https:\/\/aukinkochile.com\/web\/producto\/tocador-madera-con-espejo\/","title":{"rendered":"Tocador Madera con Espejo"},"content":{"rendered":"<p>Hermoso tocador de madera con espejo para pasar horas de diversi\u00f3n. Un divertido accesorio para la pieza de ni\u00f1os y ni\u00f1as fabricado en madera de alta calidad. Los juegos de imitaci\u00f3n son ideales para estimular la imaginaci\u00f3n, desarrollar habilidades sociales y f\u00edsicas y mucho m\u00e1s, de una forma muy entretenida. Promueven la interacci\u00f3n entre ni\u00f1os y adultos. Mesa 48 x 27,5 x 84 cm, taburete 29,8 x 29,8 x 23 cm.<\/p>\n<p><p><strong>Material : <\/strong> Madera<\/p>\n<p><strong>C\u00f3digo Aukinko : <\/strong> 18-244711<\/p>\n<p><strong>C\u00f3digo Convenio Marco : <\/strong> x<\/p>\n","protected":false},"excerpt":{"rendered":"<p>Hermoso tocador de madera con espejo para pasar horas de diversi\u00f3n. Un divertido accesorio para la pieza de ni\u00f1os y ni\u00f1as fabricado en madera de alta calidad. Los juegos de imitaci\u00f3n son ideales para estimular la imaginaci\u00f3n, desarrollar habilidades sociales y f\u00edsicas y mucho m\u00e1s, de una forma muy entretenida. Promueven la interacci\u00f3n entre ni\u00f1os [&hellip;]<\/p>\n","protected":false},"featured_media":630338,"comment_status":"open","ping_status":"closed","template":"","meta":{"_et_pb_use_builder":"","_et_pb_old_content":"","_et_gb_content_width":""},"product_brand":[],"product_cat":[17],"product_tag":[],"class_list":{"0":"post-631357","1":"product","2":"type-product","3":"status-publish","4":"has-post-thumbnail","6":"product_cat-juegos-de-rol","7":"pa_edad-3-a-4-anos","8":"pa_edad-4-a-5-anos","9":"pa_edad-5-a-6-anos","10":"pa_marca-viga","11":"pa_medidas-48-x-27","12":"pa_medidas-5-x-84-cm","14":"first","15":"instock","16":"shipping-taxable","17":"purchasable","18":"product-type-simple"},"aioseo_notices":[],"_links":{"self":[{"href":"https:\/\/aukinkochile.com\/web\/wp-json\/wp\/v2\/product\/631357","targetHints":{"allow":["GET"]}}],"collection":[{"href":"https:\/\/aukinkochile.com\/web\/wp-json\/wp\/v2\/product"}],"about":[{"href":"https:\/\/aukinkochile.com\/web\/wp-json\/wp\/v2\/types\/product"}],"replies":[{"embeddable":true,"href":"https:\/\/aukinkochile.com\/web\/wp-json\/wp\/v2\/comments?post=631357"}],"wp:featuredmedia":[{"embeddable":true,"href":"https:\/\/aukinkochile.com\/web\/wp-json\/wp\/v2\/media\/630338"}],"wp:attachment":[{"href":"https:\/\/aukinkochile.com\/web\/wp-json\/wp\/v2\/media?parent=631357"}],"wp:term":[{"taxonomy":"product_brand","embeddable":true,"href":"https:\/\/aukinkochile.com\/web\/wp-json\/wp\/v2\/product_brand?post=631357"},{"taxonomy":"product_cat","embeddable":true,"href":"https:\/\/aukinkochile.com\/web\/wp-json\/wp\/v2\/product_cat?post=631357"},{"taxonomy":"product_tag","embeddable":true,"href":"https:\/\/aukinkochile.com\/web\/wp-json\/wp\/v2\/product_tag?post=631357"}],"curies":[{"name":"wp","href":"https:\/\/api.w.org\/{rel}","templated":true}]}}