{"id":631348,"date":"2025-04-22T14:01:46","date_gmt":"2025-04-22T14:01:46","guid":{"rendered":"https:\/\/aukinkochile.com\/web\/producto\/vehiculo-madera-camper-van-y-accesorios\/"},"modified":"2025-04-22T14:25:14","modified_gmt":"2025-04-22T14:25:14","slug":"vehiculo-madera-camper-van-y-accesorios","status":"publish","type":"product","link":"https:\/\/aukinkochile.com\/web\/producto\/vehiculo-madera-camper-van-y-accesorios\/","title":{"rendered":"Veh\u00edculo Madera Camper Van y Accesorios"},"content":{"rendered":"<p>Divertido veh\u00edculo con accesorios para pasar horas de diversi\u00f3n. Incluye 1 camioneta, 2 figuras, 2 sillas de playa con cojines, 1 mesa, 1 barbacoa, 1 sombrilla, 1 tabla de surf, 1 perro. La puerta de la camioneta se puede sacar f\u00e1cilmente. Los juegos de imitaci\u00f3n son ideales para estimular la imaginaci\u00f3n, desarrollar habilidades sociales y f\u00edsicas y mucho m\u00e1s, de una forma muy entretenida. Promueven la interacci\u00f3n entre ni\u00f1os y adultos. Fabricado en madera con colores pasteles suaves.<\/p>\n<p><p><strong>Material : <\/strong> Madera<\/p>\n<p><strong>C\u00f3digo Aukinko : <\/strong> 18-244688<\/p>\n<p><strong>C\u00f3digo Convenio Marco : <\/strong> x<\/p>\n","protected":false},"excerpt":{"rendered":"<p>Divertido veh\u00edculo con accesorios para pasar horas de diversi\u00f3n. Incluye 1 camioneta, 2 figuras, 2 sillas de playa con cojines, 1 mesa, 1 barbacoa, 1 sombrilla, 1 tabla de surf, 1 perro. La puerta de la camioneta se puede sacar f\u00e1cilmente. Los juegos de imitaci\u00f3n son ideales para estimular la imaginaci\u00f3n, desarrollar habilidades sociales y [&hellip;]<\/p>\n","protected":false},"featured_media":630330,"comment_status":"open","ping_status":"closed","template":"","meta":{"_et_pb_use_builder":"","_et_pb_old_content":"","_et_gb_content_width":""},"product_brand":[],"product_cat":[17],"product_tag":[],"class_list":{"0":"post-631348","1":"product","2":"type-product","3":"status-publish","4":"has-post-thumbnail","6":"product_cat-juegos-de-rol","7":"pa_edad-3-a-4-anos","8":"pa_edad-4-a-5-anos","9":"pa_edad-5-a-6-anos","10":"pa_marca-viga","11":"pa_medidas-19-x-11","12":"pa_medidas-5-cm","13":"pa_medidas-8-x-12","15":"first","16":"instock","17":"shipping-taxable","18":"purchasable","19":"product-type-simple"},"aioseo_notices":[],"_links":{"self":[{"href":"https:\/\/aukinkochile.com\/web\/wp-json\/wp\/v2\/product\/631348","targetHints":{"allow":["GET"]}}],"collection":[{"href":"https:\/\/aukinkochile.com\/web\/wp-json\/wp\/v2\/product"}],"about":[{"href":"https:\/\/aukinkochile.com\/web\/wp-json\/wp\/v2\/types\/product"}],"replies":[{"embeddable":true,"href":"https:\/\/aukinkochile.com\/web\/wp-json\/wp\/v2\/comments?post=631348"}],"wp:featuredmedia":[{"embeddable":true,"href":"https:\/\/aukinkochile.com\/web\/wp-json\/wp\/v2\/media\/630330"}],"wp:attachment":[{"href":"https:\/\/aukinkochile.com\/web\/wp-json\/wp\/v2\/media?parent=631348"}],"wp:term":[{"taxonomy":"product_brand","embeddable":true,"href":"https:\/\/aukinkochile.com\/web\/wp-json\/wp\/v2\/product_brand?post=631348"},{"taxonomy":"product_cat","embeddable":true,"href":"https:\/\/aukinkochile.com\/web\/wp-json\/wp\/v2\/product_cat?post=631348"},{"taxonomy":"product_tag","embeddable":true,"href":"https:\/\/aukinkochile.com\/web\/wp-json\/wp\/v2\/product_tag?post=631348"}],"curies":[{"name":"wp","href":"https:\/\/api.w.org\/{rel}","templated":true}]}}