{"id":631345,"date":"2025-04-22T14:01:42","date_gmt":"2025-04-22T14:01:42","guid":{"rendered":"https:\/\/aukinkochile.com\/web\/producto\/juego-toca-y-adivina\/"},"modified":"2025-04-22T14:25:10","modified_gmt":"2025-04-22T14:25:10","slug":"juego-toca-y-adivina","status":"publish","type":"product","link":"https:\/\/aukinkochile.com\/web\/producto\/juego-toca-y-adivina\/","title":{"rendered":"Juego Toca y Adivina"},"content":{"rendered":"<p>Divertido juego de reconocimiento a trav\u00e9s del sentido del tacto. Los ni\u00f1os y ni\u00f1as deben sacar del tonel la pieza que corresponda seg\u00fan lo que indique la tarjeta que les haya tocado, la dificultad y originalidad de este juego es que deben encontrarla sin mirar, solamente a trav\u00e9s del tacto. Fabricado en madera, de material suave y resistente y colores vivos. Contiene 20 piezas gruesas que se pueden usar para jugar tambi\u00e9n libremente y 20 tarjetas.<\/p>\n<p><p><strong>Material : <\/strong> Madera<\/p>\n<p><strong>C\u00f3digo Aukinko : <\/strong> 18-244658<\/p>\n<p><strong>C\u00f3digo Convenio Marco : <\/strong> x<\/p>\n","protected":false},"excerpt":{"rendered":"<p>Divertido juego de reconocimiento a trav\u00e9s del sentido del tacto. Los ni\u00f1os y ni\u00f1as deben sacar del tonel la pieza que corresponda seg\u00fan lo que indique la tarjeta que les haya tocado, la dificultad y originalidad de este juego es que deben encontrarla sin mirar, solamente a trav\u00e9s del tacto. Fabricado en madera, de material [&hellip;]<\/p>\n","protected":false},"featured_media":629341,"comment_status":"open","ping_status":"closed","template":"","meta":{"_et_pb_use_builder":"","_et_pb_old_content":"","_et_gb_content_width":""},"product_brand":[],"product_cat":[91,20],"product_tag":[],"class_list":{"0":"post-631345","1":"product","2":"type-product","3":"status-publish","4":"has-post-thumbnail","6":"product_cat-accesorios-sala","7":"product_cat-motricidad-fina","8":"pa_edad-3-a-4-anos","9":"pa_edad-4-a-5-anos","10":"pa_edad-5-a-6-anos","11":"pa_edad-6-a-8-anos","12":"pa_edad-8-a-10-anos","13":"pa_marca-viga","14":"pa_medidas-4501","15":"pa_medidas-5-x-15","16":"pa_medidas-5-x-15-cm","18":"first","19":"instock","20":"shipping-taxable","21":"purchasable","22":"product-type-simple"},"aioseo_notices":[],"_links":{"self":[{"href":"https:\/\/aukinkochile.com\/web\/wp-json\/wp\/v2\/product\/631345","targetHints":{"allow":["GET"]}}],"collection":[{"href":"https:\/\/aukinkochile.com\/web\/wp-json\/wp\/v2\/product"}],"about":[{"href":"https:\/\/aukinkochile.com\/web\/wp-json\/wp\/v2\/types\/product"}],"replies":[{"embeddable":true,"href":"https:\/\/aukinkochile.com\/web\/wp-json\/wp\/v2\/comments?post=631345"}],"wp:featuredmedia":[{"embeddable":true,"href":"https:\/\/aukinkochile.com\/web\/wp-json\/wp\/v2\/media\/629341"}],"wp:attachment":[{"href":"https:\/\/aukinkochile.com\/web\/wp-json\/wp\/v2\/media?parent=631345"}],"wp:term":[{"taxonomy":"product_brand","embeddable":true,"href":"https:\/\/aukinkochile.com\/web\/wp-json\/wp\/v2\/product_brand?post=631345"},{"taxonomy":"product_cat","embeddable":true,"href":"https:\/\/aukinkochile.com\/web\/wp-json\/wp\/v2\/product_cat?post=631345"},{"taxonomy":"product_tag","embeddable":true,"href":"https:\/\/aukinkochile.com\/web\/wp-json\/wp\/v2\/product_tag?post=631345"}],"curies":[{"name":"wp","href":"https:\/\/api.w.org\/{rel}","templated":true}]}}