{"id":631333,"date":"2025-04-22T14:01:32","date_gmt":"2025-04-22T14:01:32","guid":{"rendered":"https:\/\/aukinkochile.com\/web\/producto\/set-juguetes-sensoriales\/"},"modified":"2025-11-06T18:59:58","modified_gmt":"2025-11-06T18:59:58","slug":"set-juguetes-sensoriales","status":"publish","type":"product","link":"https:\/\/aukinkochile.com\/web\/producto\/set-juguetes-sensoriales\/","title":{"rendered":"Set Juguetes Sensoriales"},"content":{"rendered":"<p>Hermoso set de juguetes sensoriales dise\u00f1ado para estimular el desarrollo de los m\u00e1s peque\u00f1os a trav\u00e9s del juego creativo. Este set contiene una combinaci\u00f3n de juegos dise\u00f1ados para acompa\u00f1ar el desarrollo de los beb\u00e9s en las primeras etapas de su crecimiento. Todos los juegos ayudan a que los m\u00e1s peque\u00f1os descubran su entorno con sus ojos, sus o\u00eddos y sus manos. Cada juguete provocar\u00e1 la exploraci\u00f3n cuidadosa estimulando el desarrollo de las habilidades motoras y cognitivas. Fabricado en madera de alta calidad con superficies lisas y esquinas redondeadas que dan mayor seguridad. Incluye set de tarjetas de alto contraste, 1 espejo, 1 maraca dobles, 1 sonajero, 2 c\u00edrculos interconectados, 4 pelotas sensoriales y un manual educativo.<\/p>\n<p><p><strong>Material : <\/strong> Goma, Cart\u00f3n y Madera<\/p>\n<p><strong>C\u00f3digo Aukinko : <\/strong> 18-244261<\/p>\n<p><strong>C\u00f3digo Convenio Marco : <\/strong> x<\/p>\n","protected":false},"excerpt":{"rendered":"<p>Hermoso set de juguetes sensoriales dise\u00f1ado para estimular el desarrollo de los m\u00e1s peque\u00f1os a trav\u00e9s del juego creativo. Este set contiene una combinaci\u00f3n de juegos dise\u00f1ados para acompa\u00f1ar el desarrollo de los beb\u00e9s en las primeras etapas de su crecimiento. Todos los juegos ayudan a que los m\u00e1s peque\u00f1os descubran su entorno con sus [&hellip;]<\/p>\n","protected":false},"featured_media":631332,"comment_status":"open","ping_status":"closed","template":"","meta":{"_et_pb_use_builder":"","_et_pb_old_content":"","_et_gb_content_width":""},"product_brand":[],"product_cat":[91,23],"product_tag":[],"class_list":{"0":"post-631333","1":"product","2":"type-product","3":"status-publish","4":"has-post-thumbnail","6":"product_cat-accesorios-sala","7":"product_cat-primeros-anos","8":"pa_edad-0-a-1-ano","9":"pa_marca-polar","10":"pa_medidas-29-x-9","11":"pa_medidas-4-x-34","12":"pa_medidas-9-cm","14":"first","15":"instock","16":"shipping-taxable","17":"purchasable","18":"product-type-simple"},"aioseo_notices":[],"_links":{"self":[{"href":"https:\/\/aukinkochile.com\/web\/wp-json\/wp\/v2\/product\/631333","targetHints":{"allow":["GET"]}}],"collection":[{"href":"https:\/\/aukinkochile.com\/web\/wp-json\/wp\/v2\/product"}],"about":[{"href":"https:\/\/aukinkochile.com\/web\/wp-json\/wp\/v2\/types\/product"}],"replies":[{"embeddable":true,"href":"https:\/\/aukinkochile.com\/web\/wp-json\/wp\/v2\/comments?post=631333"}],"wp:featuredmedia":[{"embeddable":true,"href":"https:\/\/aukinkochile.com\/web\/wp-json\/wp\/v2\/media\/631332"}],"wp:attachment":[{"href":"https:\/\/aukinkochile.com\/web\/wp-json\/wp\/v2\/media?parent=631333"}],"wp:term":[{"taxonomy":"product_brand","embeddable":true,"href":"https:\/\/aukinkochile.com\/web\/wp-json\/wp\/v2\/product_brand?post=631333"},{"taxonomy":"product_cat","embeddable":true,"href":"https:\/\/aukinkochile.com\/web\/wp-json\/wp\/v2\/product_cat?post=631333"},{"taxonomy":"product_tag","embeddable":true,"href":"https:\/\/aukinkochile.com\/web\/wp-json\/wp\/v2\/product_tag?post=631333"}],"curies":[{"name":"wp","href":"https:\/\/api.w.org\/{rel}","templated":true}]}}