{"id":631323,"date":"2025-04-22T14:01:25","date_gmt":"2025-04-22T14:01:25","guid":{"rendered":"https:\/\/aukinkochile.com\/web\/producto\/auto-arrastre-cafe\/"},"modified":"2026-03-27T16:58:18","modified_gmt":"2026-03-27T16:58:18","slug":"auto-arrastre-cafe","status":"publish","type":"product","link":"https:\/\/aukinkochile.com\/web\/producto\/auto-arrastre-cafe\/","title":{"rendered":"Auto Arrastre Caf\u00e9"},"content":{"rendered":"<p>Este hermoso auto de madera tiene un dise\u00f1o sencillo y en tonos pastel que seguro le gustar\u00e1 a los m\u00e1s peque\u00f1os. F\u00e1cil y c\u00f3modo de agarrar para las manos  peque\u00f1as. Tiene ruedas silenciosas y de movimiento suave . Al empujar el veh\u00edculo, los ni\u00f1os y ni\u00f1as desarrollar\u00e1n sus habilidades manuales de una forma entretenida. Tiene bordes redondeados que dan mayor seguridad para los m\u00e1s peque\u00f1os. Fabricado en madera, con colores suaves y material duradero y resistente.<\/p>\n<p><p><strong>Material : <\/strong> Madera<\/p>\n<p><strong>C\u00f3digo Aukinko : <\/strong> 18-244225<\/p>\n<p><strong>C\u00f3digo Convenio Marco : <\/strong> x<\/p>\n","protected":false},"excerpt":{"rendered":"<p>Este hermoso auto de madera tiene un dise\u00f1o sencillo y en tonos pastel que seguro le gustar\u00e1 a los m\u00e1s peque\u00f1os. F\u00e1cil y c\u00f3modo de agarrar para las manos peque\u00f1as. Tiene ruedas silenciosas y de movimiento suave . Al empujar el veh\u00edculo, los ni\u00f1os y ni\u00f1as desarrollar\u00e1n sus habilidades manuales de una forma entretenida. Tiene [&hellip;]<\/p>\n","protected":false},"featured_media":631322,"comment_status":"open","ping_status":"closed","template":"","meta":{"_et_pb_use_builder":"","_et_pb_old_content":"","_et_gb_content_width":""},"product_brand":[],"product_cat":[91,20,23],"product_tag":[],"class_list":{"0":"post-631323","1":"product","2":"type-product","3":"status-publish","4":"has-post-thumbnail","6":"product_cat-accesorios-sala","7":"product_cat-motricidad-fina","8":"product_cat-primeros-anos","9":"pa_edad-1-a-2-anos","10":"pa_edad-2-a-3-anos","11":"pa_marca-polar","12":"pa_medidas-14-x-5","13":"pa_medidas-2-x-9","14":"pa_medidas-5-cm","16":"first","17":"instock","18":"shipping-taxable","19":"purchasable","20":"product-type-simple"},"aioseo_notices":[],"_links":{"self":[{"href":"https:\/\/aukinkochile.com\/web\/wp-json\/wp\/v2\/product\/631323","targetHints":{"allow":["GET"]}}],"collection":[{"href":"https:\/\/aukinkochile.com\/web\/wp-json\/wp\/v2\/product"}],"about":[{"href":"https:\/\/aukinkochile.com\/web\/wp-json\/wp\/v2\/types\/product"}],"replies":[{"embeddable":true,"href":"https:\/\/aukinkochile.com\/web\/wp-json\/wp\/v2\/comments?post=631323"}],"wp:featuredmedia":[{"embeddable":true,"href":"https:\/\/aukinkochile.com\/web\/wp-json\/wp\/v2\/media\/631322"}],"wp:attachment":[{"href":"https:\/\/aukinkochile.com\/web\/wp-json\/wp\/v2\/media?parent=631323"}],"wp:term":[{"taxonomy":"product_brand","embeddable":true,"href":"https:\/\/aukinkochile.com\/web\/wp-json\/wp\/v2\/product_brand?post=631323"},{"taxonomy":"product_cat","embeddable":true,"href":"https:\/\/aukinkochile.com\/web\/wp-json\/wp\/v2\/product_cat?post=631323"},{"taxonomy":"product_tag","embeddable":true,"href":"https:\/\/aukinkochile.com\/web\/wp-json\/wp\/v2\/product_tag?post=631323"}],"curies":[{"name":"wp","href":"https:\/\/api.w.org\/{rel}","templated":true}]}}