{"id":631287,"date":"2025-04-14T17:34:32","date_gmt":"2025-04-14T17:34:32","guid":{"rendered":"https:\/\/aukinkochile.com\/web\/producto\/torre-espiral-play-eco-10-pz\/"},"modified":"2025-04-14T17:38:58","modified_gmt":"2025-04-14T17:38:58","slug":"torre-espiral-play-eco-10-pz","status":"publish","type":"product","link":"https:\/\/aukinkochile.com\/web\/producto\/torre-espiral-play-eco-10-pz\/","title":{"rendered":"Torre espiral Play Eco 10 pz"},"content":{"rendered":"<p>Juego de motricidad Spiral Torre Bio de Quercetti con el que los ni\u00f1os podr\u00e1n crear una torre de espirales de diferentes colores y ver c\u00f3mo las canicas bajan por ella. Con las bolas corriendo por la pista en espiral, la diversi\u00f3n est\u00e1 garantizada para todos los ni\u00f1os. Desarrolla las habilidades motoras finas, el desarrollo sensorial, el aprendizaje de causa efecto y la coordinaci\u00f3n mano-ojo. Incluye 6 elementos en espiral, 1 base, 1 sonajero, 2 canicas bicolor. De material suave y resistente. La torre construida mide 46 cm de altura. Juguete ecol\u00f3gico hecho con pl\u00e1stico biodegradable.<\/p>\n<p><p><strong>Material : <\/strong> Biopl\u00e1stico<\/p>\n<p><strong>C\u00f3digo Aukinko : <\/strong> 07-58650<\/p>\n<p><strong>C\u00f3digo Convenio Marco : <\/strong> <\/p>\n","protected":false},"excerpt":{"rendered":"<p>Juego de motricidad Spiral Torre Bio de Quercetti con el que los ni\u00f1os podr\u00e1n crear una torre de espirales de diferentes colores y ver c\u00f3mo las canicas bajan por ella. Con las bolas corriendo por la pista en espiral, la diversi\u00f3n est\u00e1 garantizada para todos los ni\u00f1os. Desarrolla las habilidades motoras finas, el desarrollo sensorial, [&hellip;]<\/p>\n","protected":false},"featured_media":626502,"comment_status":"open","ping_status":"closed","template":"","meta":{"_et_pb_use_builder":"","_et_pb_old_content":"","_et_gb_content_width":""},"product_brand":[],"product_cat":[19,20],"product_tag":[],"class_list":{"0":"post-631287","1":"product","2":"type-product","3":"status-publish","4":"has-post-thumbnail","6":"product_cat-construccion","7":"product_cat-motricidad-fina","8":"pa_edad-1-a-2-anos","9":"pa_edad-2-a-3-anos","10":"pa_marca-quercetti","11":"pa_medidas-33-x-31-x-13-cm","13":"first","14":"instock","15":"shipping-taxable","16":"purchasable","17":"product-type-simple"},"aioseo_notices":[],"_links":{"self":[{"href":"https:\/\/aukinkochile.com\/web\/wp-json\/wp\/v2\/product\/631287","targetHints":{"allow":["GET"]}}],"collection":[{"href":"https:\/\/aukinkochile.com\/web\/wp-json\/wp\/v2\/product"}],"about":[{"href":"https:\/\/aukinkochile.com\/web\/wp-json\/wp\/v2\/types\/product"}],"replies":[{"embeddable":true,"href":"https:\/\/aukinkochile.com\/web\/wp-json\/wp\/v2\/comments?post=631287"}],"wp:featuredmedia":[{"embeddable":true,"href":"https:\/\/aukinkochile.com\/web\/wp-json\/wp\/v2\/media\/626502"}],"wp:attachment":[{"href":"https:\/\/aukinkochile.com\/web\/wp-json\/wp\/v2\/media?parent=631287"}],"wp:term":[{"taxonomy":"product_brand","embeddable":true,"href":"https:\/\/aukinkochile.com\/web\/wp-json\/wp\/v2\/product_brand?post=631287"},{"taxonomy":"product_cat","embeddable":true,"href":"https:\/\/aukinkochile.com\/web\/wp-json\/wp\/v2\/product_cat?post=631287"},{"taxonomy":"product_tag","embeddable":true,"href":"https:\/\/aukinkochile.com\/web\/wp-json\/wp\/v2\/product_tag?post=631287"}],"curies":[{"name":"wp","href":"https:\/\/api.w.org\/{rel}","templated":true}]}}