{"id":631284,"date":"2025-04-14T17:34:25","date_gmt":"2025-04-14T17:34:25","guid":{"rendered":"https:\/\/aukinkochile.com\/web\/producto\/construir-auto-isotta\/"},"modified":"2025-04-14T17:38:58","modified_gmt":"2025-04-14T17:38:58","slug":"construir-auto-isotta","status":"publish","type":"product","link":"https:\/\/aukinkochile.com\/web\/producto\/construir-auto-isotta\/","title":{"rendered":"Construir Auto Isotta"},"content":{"rendered":"<p>Isotta es un coche transparente extraordinario y original.\u00a0Es perfecto para involucrar a sus hijos en una nueva y emocionante experiencia de construcci\u00f3n.\u00a0El conjunto incluye nueve piezas grandes que ya est\u00e1n ensambladas y solo necesitan montarse correctamente en el chasis para que el autom\u00f3vil se mueva.\u00a0Ser\u00e1 fascinante descubrir c\u00f3mo funcionan sus mecanismos internos: echa un vistazo a los pistones, bielas y engranajes, y mira qu\u00e9 sucede cuando cambias de marcha,  \u00a1descubre c\u00f3mo funciona una unidad diferencial!\u00a0\u00a1gracias a tu isotta, un coche de verdad no tendr\u00e1 m\u00e1s secretos para ti!\u00a0Isotta est\u00e1 fabricado con materiales de alta calidad, totalmente irrompibles y no t\u00f3xicos para garantizar la m\u00e1xima seguridad y durabilidad.<\/p>\n<p><p><strong>Material : <\/strong> Pl\u00e1stico<\/p>\n<p><strong>C\u00f3digo Aukinko : <\/strong> 07-58515<\/p>\n<p><strong>C\u00f3digo Convenio Marco : <\/strong> <\/p>\n","protected":false},"excerpt":{"rendered":"<p>Isotta es un coche transparente extraordinario y original.\u00a0Es perfecto para involucrar a sus hijos en una nueva y emocionante experiencia de construcci\u00f3n.\u00a0El conjunto incluye nueve piezas grandes que ya est\u00e1n ensambladas y solo necesitan montarse correctamente en el chasis para que el autom\u00f3vil se mueva.\u00a0Ser\u00e1 fascinante descubrir c\u00f3mo funcionan sus mecanismos internos: echa un vistazo [&hellip;]<\/p>\n","protected":false},"featured_media":626500,"comment_status":"open","ping_status":"closed","template":"","meta":{"_et_pb_use_builder":"","_et_pb_old_content":"","_et_gb_content_width":""},"product_brand":[],"product_cat":[19,20],"product_tag":[],"class_list":{"0":"post-631284","1":"product","2":"type-product","3":"status-publish","4":"has-post-thumbnail","6":"product_cat-construccion","7":"product_cat-motricidad-fina","8":"pa_edad-3-a-4-anos","9":"pa_edad-4-a-5-anos","10":"pa_edad-5-a-6-anos","11":"pa_edad-6-a-8-anos","12":"pa_marca-quercetti","13":"pa_medidas-40-x-34-x-9","14":"pa_medidas-5-cm","16":"first","17":"instock","18":"shipping-taxable","19":"purchasable","20":"product-type-simple"},"aioseo_notices":[],"_links":{"self":[{"href":"https:\/\/aukinkochile.com\/web\/wp-json\/wp\/v2\/product\/631284","targetHints":{"allow":["GET"]}}],"collection":[{"href":"https:\/\/aukinkochile.com\/web\/wp-json\/wp\/v2\/product"}],"about":[{"href":"https:\/\/aukinkochile.com\/web\/wp-json\/wp\/v2\/types\/product"}],"replies":[{"embeddable":true,"href":"https:\/\/aukinkochile.com\/web\/wp-json\/wp\/v2\/comments?post=631284"}],"wp:featuredmedia":[{"embeddable":true,"href":"https:\/\/aukinkochile.com\/web\/wp-json\/wp\/v2\/media\/626500"}],"wp:attachment":[{"href":"https:\/\/aukinkochile.com\/web\/wp-json\/wp\/v2\/media?parent=631284"}],"wp:term":[{"taxonomy":"product_brand","embeddable":true,"href":"https:\/\/aukinkochile.com\/web\/wp-json\/wp\/v2\/product_brand?post=631284"},{"taxonomy":"product_cat","embeddable":true,"href":"https:\/\/aukinkochile.com\/web\/wp-json\/wp\/v2\/product_cat?post=631284"},{"taxonomy":"product_tag","embeddable":true,"href":"https:\/\/aukinkochile.com\/web\/wp-json\/wp\/v2\/product_tag?post=631284"}],"curies":[{"name":"wp","href":"https:\/\/api.w.org\/{rel}","templated":true}]}}