{"id":631283,"date":"2025-04-14T17:34:23","date_gmt":"2025-04-14T17:34:23","guid":{"rendered":"https:\/\/aukinkochile.com\/web\/producto\/mosaico-fanta-color-baby-eco-28-pz\/"},"modified":"2025-04-14T17:38:55","modified_gmt":"2025-04-14T17:38:55","slug":"mosaico-fanta-color-baby-eco-28-pz","status":"publish","type":"product","link":"https:\/\/aukinkochile.com\/web\/producto\/mosaico-fanta-color-baby-eco-28-pz\/","title":{"rendered":"Mosaico Fanta Color Baby eco 28 pz"},"content":{"rendered":"<p>Con este nuevo juego verde, beb\u00e9s y ni\u00f1os pueden jugar con botones de colores para crear sus hermosos mosaicos. Los botones redondos extragrandes son f\u00e1ciles de agarrar, ya que est\u00e1n especialmente dise\u00f1ados para facilitar su manejo por parte de los m\u00e1s peque\u00f1os. Est\u00e1n disponibles en diferentes colores y se adaptan f\u00e1cilmente a las peque\u00f1as c\u00fapulas del tablero. La parte superior de las tarjetas contiene una serie de im\u00e1genes de patrones con ilustraciones divertidas y f\u00e1ciles de reconocer. Incluye 1 tableta perforada, 7 botones azules, 7 botones amarillos, 7 botones rojos, 6 tarjetas ilustradas. Fabricado en material suave y resistente.<\/p>\n<p><p><strong>Material : <\/strong> Pl\u00e1stico y Cart\u00f3n<\/p>\n<p><strong>C\u00f3digo Aukinko : <\/strong> 07-58440<\/p>\n<p><strong>C\u00f3digo Convenio Marco : <\/strong> <\/p>\n","protected":false},"excerpt":{"rendered":"<p>Con este nuevo juego verde, beb\u00e9s y ni\u00f1os pueden jugar con botones de colores para crear sus hermosos mosaicos. Los botones redondos extragrandes son f\u00e1ciles de agarrar, ya que est\u00e1n especialmente dise\u00f1ados para facilitar su manejo por parte de los m\u00e1s peque\u00f1os. Est\u00e1n disponibles en diferentes colores y se adaptan f\u00e1cilmente a las peque\u00f1as c\u00fapulas [&hellip;]<\/p>\n","protected":false},"featured_media":631282,"comment_status":"open","ping_status":"closed","template":"","meta":{"_et_pb_use_builder":"","_et_pb_old_content":"","_et_gb_content_width":""},"product_brand":[],"product_cat":[91,21,19,20],"product_tag":[],"class_list":{"0":"post-631283","1":"product","2":"type-product","3":"status-publish","4":"has-post-thumbnail","6":"product_cat-accesorios-sala","7":"product_cat-arte-y-manipulacion","8":"product_cat-construccion","9":"product_cat-motricidad-fina","10":"pa_edad-1-a-2-anos","11":"pa_edad-2-a-3-anos","12":"pa_marca-quercetti","13":"pa_medidas-29-x-6","14":"pa_medidas-5-x-29-cm","16":"first","17":"instock","18":"shipping-taxable","19":"purchasable","20":"product-type-simple"},"aioseo_notices":[],"_links":{"self":[{"href":"https:\/\/aukinkochile.com\/web\/wp-json\/wp\/v2\/product\/631283","targetHints":{"allow":["GET"]}}],"collection":[{"href":"https:\/\/aukinkochile.com\/web\/wp-json\/wp\/v2\/product"}],"about":[{"href":"https:\/\/aukinkochile.com\/web\/wp-json\/wp\/v2\/types\/product"}],"replies":[{"embeddable":true,"href":"https:\/\/aukinkochile.com\/web\/wp-json\/wp\/v2\/comments?post=631283"}],"wp:featuredmedia":[{"embeddable":true,"href":"https:\/\/aukinkochile.com\/web\/wp-json\/wp\/v2\/media\/631282"}],"wp:attachment":[{"href":"https:\/\/aukinkochile.com\/web\/wp-json\/wp\/v2\/media?parent=631283"}],"wp:term":[{"taxonomy":"product_brand","embeddable":true,"href":"https:\/\/aukinkochile.com\/web\/wp-json\/wp\/v2\/product_brand?post=631283"},{"taxonomy":"product_cat","embeddable":true,"href":"https:\/\/aukinkochile.com\/web\/wp-json\/wp\/v2\/product_cat?post=631283"},{"taxonomy":"product_tag","embeddable":true,"href":"https:\/\/aukinkochile.com\/web\/wp-json\/wp\/v2\/product_tag?post=631283"}],"curies":[{"name":"wp","href":"https:\/\/api.w.org\/{rel}","templated":true}]}}