{"id":631281,"date":"2025-04-14T17:34:20","date_gmt":"2025-04-14T17:34:20","guid":{"rendered":"https:\/\/aukinkochile.com\/web\/producto\/mosaico-fanta-color-eco-58-pz\/"},"modified":"2025-04-14T17:38:55","modified_gmt":"2025-04-14T17:38:55","slug":"mosaico-fanta-color-eco-58-pz","status":"publish","type":"product","link":"https:\/\/aukinkochile.com\/web\/producto\/mosaico-fanta-color-eco-58-pz\/","title":{"rendered":"Mosaico Fanta Color Eco 58 pz"},"content":{"rendered":"<p>El cl\u00e1sico juego de botones de mosaico que entretiene y engancha a ni\u00f1os de todo el mundo. \u00a1Solo inserta los botones de colores en los agujeros de las 8 tarjetas ilustradas o simplemente deja volar tu imaginaci\u00f3n! Incluye 48 botones (\u00f8 33 mm) en 4 colores diferentes, 8 Pesta\u00f1as, 1 tablero perforado transparente, 1 estuche de almacenamiento. Fabricado en material suave y resistente.<\/p>\n<p><p><strong>Material : <\/strong> Pl\u00e1stico<\/p>\n<p><strong>C\u00f3digo Aukinko : <\/strong> 07-58419<\/p>\n<p><strong>C\u00f3digo Convenio Marco : <\/strong> <\/p>\n","protected":false},"excerpt":{"rendered":"<p>El cl\u00e1sico juego de botones de mosaico que entretiene y engancha a ni\u00f1os de todo el mundo. \u00a1Solo inserta los botones de colores en los agujeros de las 8 tarjetas ilustradas o simplemente deja volar tu imaginaci\u00f3n! Incluye 48 botones (\u00f8 33 mm) en 4 colores diferentes, 8 Pesta\u00f1as, 1 tablero perforado transparente, 1 estuche [&hellip;]<\/p>\n","protected":false},"featured_media":631280,"comment_status":"open","ping_status":"closed","template":"","meta":{"_et_pb_use_builder":"","_et_pb_old_content":"","_et_gb_content_width":""},"product_brand":[],"product_cat":[91,21,19,20],"product_tag":[],"class_list":{"0":"post-631281","1":"product","2":"type-product","3":"status-publish","4":"has-post-thumbnail","6":"product_cat-accesorios-sala","7":"product_cat-arte-y-manipulacion","8":"product_cat-construccion","9":"product_cat-motricidad-fina","10":"pa_edad-2-a-3-anos","11":"pa_edad-3-a-4-anos","12":"pa_edad-4-a-5-anos","13":"pa_marca-quercetti","14":"pa_medidas-5040","15":"pa_medidas-5-x-5-x-28-cm","17":"first","18":"instock","19":"shipping-taxable","20":"purchasable","21":"product-type-simple"},"aioseo_notices":[],"_links":{"self":[{"href":"https:\/\/aukinkochile.com\/web\/wp-json\/wp\/v2\/product\/631281","targetHints":{"allow":["GET"]}}],"collection":[{"href":"https:\/\/aukinkochile.com\/web\/wp-json\/wp\/v2\/product"}],"about":[{"href":"https:\/\/aukinkochile.com\/web\/wp-json\/wp\/v2\/types\/product"}],"replies":[{"embeddable":true,"href":"https:\/\/aukinkochile.com\/web\/wp-json\/wp\/v2\/comments?post=631281"}],"wp:featuredmedia":[{"embeddable":true,"href":"https:\/\/aukinkochile.com\/web\/wp-json\/wp\/v2\/media\/631280"}],"wp:attachment":[{"href":"https:\/\/aukinkochile.com\/web\/wp-json\/wp\/v2\/media?parent=631281"}],"wp:term":[{"taxonomy":"product_brand","embeddable":true,"href":"https:\/\/aukinkochile.com\/web\/wp-json\/wp\/v2\/product_brand?post=631281"},{"taxonomy":"product_cat","embeddable":true,"href":"https:\/\/aukinkochile.com\/web\/wp-json\/wp\/v2\/product_cat?post=631281"},{"taxonomy":"product_tag","embeddable":true,"href":"https:\/\/aukinkochile.com\/web\/wp-json\/wp\/v2\/product_tag?post=631281"}],"curies":[{"name":"wp","href":"https:\/\/api.w.org\/{rel}","templated":true}]}}