{"id":631275,"date":"2025-04-14T17:34:12","date_gmt":"2025-04-14T17:34:12","guid":{"rendered":"https:\/\/aukinkochile.com\/web\/producto\/engranaje-kaleido-gears-eco-38-pz\/"},"modified":"2025-04-14T17:38:55","modified_gmt":"2025-04-14T17:38:55","slug":"engranaje-kaleido-gears-eco-38-pz","status":"publish","type":"product","link":"https:\/\/aukinkochile.com\/web\/producto\/engranaje-kaleido-gears-eco-38-pz\/","title":{"rendered":"Engranaje Kaleido Gears Eco 38 pz"},"content":{"rendered":"<p>Juego de construcci\u00f3n con engranajes de varios tama\u00f1os para una espectacular reacci\u00f3n en cadena; todo empieza a moverse en cuanto giras la manivela. Aprendes, mientras te diviertes, principios mec\u00e1nicos sencillos y descubres efectos \u00f3pticos extraordinarios. Incluye 4 engranajes grandes, 4 engranajes medianos, 4 engranajes peque\u00f1os, 13 placas de enclavamiento, 4 pegatinas para engranajes grandes y 2 para engranajes medianos, pasadores blancos y manivela. Fabricado en material suave y resistente.<\/p>\n<p><p><strong>Material : <\/strong> Pl\u00e1stico<\/p>\n<p><strong>C\u00f3digo Aukinko : <\/strong> 07-58234<\/p>\n<p><strong>C\u00f3digo Convenio Marco : <\/strong> <\/p>\n","protected":false},"excerpt":{"rendered":"<p>Juego de construcci\u00f3n con engranajes de varios tama\u00f1os para una espectacular reacci\u00f3n en cadena; todo empieza a moverse en cuanto giras la manivela. Aprendes, mientras te diviertes, principios mec\u00e1nicos sencillos y descubres efectos \u00f3pticos extraordinarios. Incluye 4 engranajes grandes, 4 engranajes medianos, 4 engranajes peque\u00f1os, 13 placas de enclavamiento, 4 pegatinas para engranajes grandes y [&hellip;]<\/p>\n","protected":false},"featured_media":631274,"comment_status":"open","ping_status":"closed","template":"","meta":{"_et_pb_use_builder":"","_et_pb_old_content":"","_et_gb_content_width":""},"product_brand":[],"product_cat":[91,19,20],"product_tag":[],"class_list":{"0":"post-631275","1":"product","2":"type-product","3":"status-publish","4":"has-post-thumbnail","6":"product_cat-accesorios-sala","7":"product_cat-construccion","8":"product_cat-motricidad-fina","9":"pa_edad-3-a-4-anos","10":"pa_edad-4-a-5-anos","11":"pa_edad-5-a-6-anos","12":"pa_marca-quercetti","13":"pa_medidas-30-x-30-x-7-cm","15":"first","16":"instock","17":"shipping-taxable","18":"purchasable","19":"product-type-simple"},"aioseo_notices":[],"_links":{"self":[{"href":"https:\/\/aukinkochile.com\/web\/wp-json\/wp\/v2\/product\/631275","targetHints":{"allow":["GET"]}}],"collection":[{"href":"https:\/\/aukinkochile.com\/web\/wp-json\/wp\/v2\/product"}],"about":[{"href":"https:\/\/aukinkochile.com\/web\/wp-json\/wp\/v2\/types\/product"}],"replies":[{"embeddable":true,"href":"https:\/\/aukinkochile.com\/web\/wp-json\/wp\/v2\/comments?post=631275"}],"wp:featuredmedia":[{"embeddable":true,"href":"https:\/\/aukinkochile.com\/web\/wp-json\/wp\/v2\/media\/631274"}],"wp:attachment":[{"href":"https:\/\/aukinkochile.com\/web\/wp-json\/wp\/v2\/media?parent=631275"}],"wp:term":[{"taxonomy":"product_brand","embeddable":true,"href":"https:\/\/aukinkochile.com\/web\/wp-json\/wp\/v2\/product_brand?post=631275"},{"taxonomy":"product_cat","embeddable":true,"href":"https:\/\/aukinkochile.com\/web\/wp-json\/wp\/v2\/product_cat?post=631275"},{"taxonomy":"product_tag","embeddable":true,"href":"https:\/\/aukinkochile.com\/web\/wp-json\/wp\/v2\/product_tag?post=631275"}],"curies":[{"name":"wp","href":"https:\/\/api.w.org\/{rel}","templated":true}]}}