{"id":631273,"date":"2025-04-14T17:34:09","date_gmt":"2025-04-14T17:34:09","guid":{"rendered":"https:\/\/aukinkochile.com\/web\/producto\/mosaico-gigante-peggy-eco-41-pz\/"},"modified":"2025-04-23T20:48:23","modified_gmt":"2025-04-23T20:48:23","slug":"mosaico-gigante-peggy-eco-41-pz","status":"publish","type":"product","link":"https:\/\/aukinkochile.com\/web\/producto\/mosaico-gigante-peggy-eco-41-pz\/","title":{"rendered":"Mosaico Gigante Peggy Eco 41 pz"},"content":{"rendered":"<p>El primer juego de clavijas para ni\u00f1os a partir de 2 a\u00f1os. Las numerosas piezas son coloridas, grandes y apilables para crear mosaicos coloridos o construir torres altas. Un juego genial que estimula la creatividad y las habilidades manuales. Incluye 1 base de pl\u00e1stico ecol\u00f3gico, 3 tarjetas troqueladas ilustradas de doble cara, 40 clavijas de pl\u00e1stico ecol\u00f3gico de colores. Fabricado en material suave y resistente.<\/p>\n<p><strong>Material : <\/strong> Pl\u00e1stico<\/p>\n<p><strong>C\u00f3digo Aukinko : <\/strong> 07-58227<\/p>\n<p><strong>C\u00f3digo Convenio Marco : <\/strong><\/p>\n","protected":false},"excerpt":{"rendered":"<p>El primer juego de clavijas para ni\u00f1os a partir de 2 a\u00f1os. Las numerosas piezas son coloridas, grandes y apilables para crear mosaicos coloridos o construir torres altas. Un juego genial que estimula la creatividad y las habilidades manuales. Incluye 1 base de pl\u00e1stico ecol\u00f3gico, 3 tarjetas troqueladas ilustradas de doble cara, 40 clavijas de [&hellip;]<\/p>\n","protected":false},"featured_media":631397,"comment_status":"open","ping_status":"closed","template":"","meta":{"_et_pb_use_builder":"","_et_pb_old_content":"","_et_gb_content_width":""},"product_brand":[],"product_cat":[91,21,19,20],"product_tag":[],"class_list":{"0":"post-631273","1":"product","2":"type-product","3":"status-publish","4":"has-post-thumbnail","6":"product_cat-accesorios-sala","7":"product_cat-arte-y-manipulacion","8":"product_cat-construccion","9":"product_cat-motricidad-fina","10":"pa_edad-2-a-3-anos","11":"pa_edad-3-a-4-anos","12":"pa_edad-4-a-5-anos","13":"pa_marca-quercetti","14":"pa_medidas-30-x-30-x-7-cm","16":"first","17":"instock","18":"shipping-taxable","19":"purchasable","20":"product-type-simple"},"aioseo_notices":[],"_links":{"self":[{"href":"https:\/\/aukinkochile.com\/web\/wp-json\/wp\/v2\/product\/631273","targetHints":{"allow":["GET"]}}],"collection":[{"href":"https:\/\/aukinkochile.com\/web\/wp-json\/wp\/v2\/product"}],"about":[{"href":"https:\/\/aukinkochile.com\/web\/wp-json\/wp\/v2\/types\/product"}],"replies":[{"embeddable":true,"href":"https:\/\/aukinkochile.com\/web\/wp-json\/wp\/v2\/comments?post=631273"}],"wp:featuredmedia":[{"embeddable":true,"href":"https:\/\/aukinkochile.com\/web\/wp-json\/wp\/v2\/media\/631397"}],"wp:attachment":[{"href":"https:\/\/aukinkochile.com\/web\/wp-json\/wp\/v2\/media?parent=631273"}],"wp:term":[{"taxonomy":"product_brand","embeddable":true,"href":"https:\/\/aukinkochile.com\/web\/wp-json\/wp\/v2\/product_brand?post=631273"},{"taxonomy":"product_cat","embeddable":true,"href":"https:\/\/aukinkochile.com\/web\/wp-json\/wp\/v2\/product_cat?post=631273"},{"taxonomy":"product_tag","embeddable":true,"href":"https:\/\/aukinkochile.com\/web\/wp-json\/wp\/v2\/product_tag?post=631273"}],"curies":[{"name":"wp","href":"https:\/\/api.w.org\/{rel}","templated":true}]}}