{"id":631264,"date":"2025-04-14T17:33:51","date_gmt":"2025-04-14T17:33:51","guid":{"rendered":"https:\/\/aukinkochile.com\/web\/producto\/engranaje-georello-tech-100-pz\/"},"modified":"2025-04-14T17:38:32","modified_gmt":"2025-04-14T17:38:32","slug":"engranaje-georello-tech-100-pz","status":"publish","type":"product","link":"https:\/\/aukinkochile.com\/web\/producto\/engranaje-georello-tech-100-pz\/","title":{"rendered":"Engranaje Georello Tech 100 pz"},"content":{"rendered":"<p>Construye complejas estructuras tridimensionales, conecta los engranajes y ponlo todo en movimiento en una espectacular reacci\u00f3n en cadena. Este ingenioso sistema de construcci\u00f3n cuenta con una cadena de pl\u00e1stico que permite transferir el movimiento entre engranajes que no est\u00e1n conectados. Una forma fant\u00e1stica de aprender los principios de la mec\u00e1nica mientras te diviertes. Adem\u00e1s, es totalmente irrompible y seguro. Incluye 1 pizarra blanca + 1 trompo, 1 engranaje grande, 5 engranajes medianos, 2 engranajes peque\u00f1os, 23 pilares, 20 articulaciones, 1 cadena de 25 eslabones, 8 articulaciones rojas con conector de 4 v\u00edas, 9 conectores blancos, 1 \u00e1lbum con instrucciones y ejemplos. Fabricado en material suave y resistente.<\/p>\n<p><p><strong>Material : <\/strong> Pl\u00e1stico<\/p>\n<p><strong>C\u00f3digo Aukinko : <\/strong> 07-56136<\/p>\n<p><strong>C\u00f3digo Convenio Marco : <\/strong> <\/p>\n","protected":false},"excerpt":{"rendered":"<p>Construye complejas estructuras tridimensionales, conecta los engranajes y ponlo todo en movimiento en una espectacular reacci\u00f3n en cadena. Este ingenioso sistema de construcci\u00f3n cuenta con una cadena de pl\u00e1stico que permite transferir el movimiento entre engranajes que no est\u00e1n conectados. Una forma fant\u00e1stica de aprender los principios de la mec\u00e1nica mientras te diviertes. Adem\u00e1s, es [&hellip;]<\/p>\n","protected":false},"featured_media":631263,"comment_status":"open","ping_status":"closed","template":"","meta":{"_et_pb_use_builder":"","_et_pb_old_content":"","_et_gb_content_width":""},"product_brand":[],"product_cat":[91,19,20],"product_tag":[],"class_list":{"0":"post-631264","1":"product","2":"type-product","3":"status-publish","4":"has-post-thumbnail","6":"product_cat-accesorios-sala","7":"product_cat-construccion","8":"product_cat-motricidad-fina","9":"pa_edad-5-a-6-anos","10":"pa_edad-6-a-8-anos","11":"pa_edad-8-a-10-anos","12":"pa_marca-quercetti","13":"pa_medidas-36-x-28-x-5-cm","15":"first","16":"instock","17":"shipping-taxable","18":"purchasable","19":"product-type-simple"},"aioseo_notices":[],"_links":{"self":[{"href":"https:\/\/aukinkochile.com\/web\/wp-json\/wp\/v2\/product\/631264","targetHints":{"allow":["GET"]}}],"collection":[{"href":"https:\/\/aukinkochile.com\/web\/wp-json\/wp\/v2\/product"}],"about":[{"href":"https:\/\/aukinkochile.com\/web\/wp-json\/wp\/v2\/types\/product"}],"replies":[{"embeddable":true,"href":"https:\/\/aukinkochile.com\/web\/wp-json\/wp\/v2\/comments?post=631264"}],"wp:featuredmedia":[{"embeddable":true,"href":"https:\/\/aukinkochile.com\/web\/wp-json\/wp\/v2\/media\/631263"}],"wp:attachment":[{"href":"https:\/\/aukinkochile.com\/web\/wp-json\/wp\/v2\/media?parent=631264"}],"wp:term":[{"taxonomy":"product_brand","embeddable":true,"href":"https:\/\/aukinkochile.com\/web\/wp-json\/wp\/v2\/product_brand?post=631264"},{"taxonomy":"product_cat","embeddable":true,"href":"https:\/\/aukinkochile.com\/web\/wp-json\/wp\/v2\/product_cat?post=631264"},{"taxonomy":"product_tag","embeddable":true,"href":"https:\/\/aukinkochile.com\/web\/wp-json\/wp\/v2\/product_tag?post=631264"}],"curies":[{"name":"wp","href":"https:\/\/api.w.org\/{rel}","templated":true}]}}