{"id":631262,"date":"2025-04-14T17:33:48","date_gmt":"2025-04-14T17:33:48","guid":{"rendered":"https:\/\/aukinkochile.com\/web\/producto\/mosaico-basic-baby-40-pz\/"},"modified":"2025-04-14T17:38:07","modified_gmt":"2025-04-14T17:38:07","slug":"mosaico-basic-baby-40-pz","status":"publish","type":"product","link":"https:\/\/aukinkochile.com\/web\/producto\/mosaico-basic-baby-40-pz\/","title":{"rendered":"Mosaico Basic Baby 40 pz"},"content":{"rendered":"<p>Una nueva versi\u00f3n de fantacolor baby;\u00a0est\u00e1 equipado con una tableta y una canasta completamente redise\u00f1ada y propuesta con asas c\u00f3modas. Incluye 8 tarjetas de patr\u00f3n, 30 clavijas XL (46 mm de di\u00e1metro) en 3 formas y 3 colores, estuche de transporte.<\/p>\n<p><p><strong>Material : <\/strong> Pl\u00e1stico<\/p>\n<p><strong>C\u00f3digo Aukinko : <\/strong> 07-54401<\/p>\n<p><strong>C\u00f3digo Convenio Marco : <\/strong> <\/p>\n","protected":false},"excerpt":{"rendered":"<p>Una nueva versi\u00f3n de fantacolor baby;\u00a0est\u00e1 equipado con una tableta y una canasta completamente redise\u00f1ada y propuesta con asas c\u00f3modas. Incluye 8 tarjetas de patr\u00f3n, 30 clavijas XL (46 mm de di\u00e1metro) en 3 formas y 3 colores, estuche de transporte. Material : Pl\u00e1stico C\u00f3digo Aukinko : 07-54401 C\u00f3digo Convenio Marco :<\/p>\n","protected":false},"featured_media":626506,"comment_status":"open","ping_status":"closed","template":"","meta":{"_et_pb_use_builder":"","_et_pb_old_content":"","_et_gb_content_width":""},"product_brand":[],"product_cat":[21,19,20],"product_tag":[],"class_list":{"0":"post-631262","1":"product","2":"type-product","3":"status-publish","4":"has-post-thumbnail","6":"product_cat-arte-y-manipulacion","7":"product_cat-construccion","8":"product_cat-motricidad-fina","9":"pa_edad-1-a-2-anos","10":"pa_edad-2-a-3-anos","11":"pa_edad-3-a-4-anos","12":"pa_marca-quercetti","13":"pa_medidas-34-x-29-x-7-cm","15":"first","16":"instock","17":"shipping-taxable","18":"purchasable","19":"product-type-simple"},"aioseo_notices":[],"_links":{"self":[{"href":"https:\/\/aukinkochile.com\/web\/wp-json\/wp\/v2\/product\/631262","targetHints":{"allow":["GET"]}}],"collection":[{"href":"https:\/\/aukinkochile.com\/web\/wp-json\/wp\/v2\/product"}],"about":[{"href":"https:\/\/aukinkochile.com\/web\/wp-json\/wp\/v2\/types\/product"}],"replies":[{"embeddable":true,"href":"https:\/\/aukinkochile.com\/web\/wp-json\/wp\/v2\/comments?post=631262"}],"wp:featuredmedia":[{"embeddable":true,"href":"https:\/\/aukinkochile.com\/web\/wp-json\/wp\/v2\/media\/626506"}],"wp:attachment":[{"href":"https:\/\/aukinkochile.com\/web\/wp-json\/wp\/v2\/media?parent=631262"}],"wp:term":[{"taxonomy":"product_brand","embeddable":true,"href":"https:\/\/aukinkochile.com\/web\/wp-json\/wp\/v2\/product_brand?post=631262"},{"taxonomy":"product_cat","embeddable":true,"href":"https:\/\/aukinkochile.com\/web\/wp-json\/wp\/v2\/product_cat?post=631262"},{"taxonomy":"product_tag","embeddable":true,"href":"https:\/\/aukinkochile.com\/web\/wp-json\/wp\/v2\/product_tag?post=631262"}],"curies":[{"name":"wp","href":"https:\/\/api.w.org\/{rel}","templated":true}]}}