{"id":631259,"date":"2025-04-14T17:33:43","date_gmt":"2025-04-14T17:33:43","guid":{"rendered":"https:\/\/aukinkochile.com\/web\/producto\/bloques-suaves-momy-32-pz\/"},"modified":"2025-04-14T17:37:47","modified_gmt":"2025-04-14T17:37:47","slug":"bloques-suaves-momy-32-pz","status":"publish","type":"product","link":"https:\/\/aukinkochile.com\/web\/producto\/bloques-suaves-momy-32-pz\/","title":{"rendered":"Bloques Suaves Momy 32 pz"},"content":{"rendered":"<p>Los Momy Quercetti son construcciones grandes, suaves y coloridas, perfectas para los m\u00e1s peque\u00f1os. Sus colores vibrantes y formas redondeadas ofrecen infinitas combinaciones y diversi\u00f3n garantizada. Estimula el desarrollo motor y la imaginaci\u00f3n de los m\u00e1s peque\u00f1os de una forma muy entretenida. Incluye 26 bloques simples, 6 bloques dobles. Fabricado en material suave y resistente.<\/p>\n<p><p><strong>Material : <\/strong> Pl\u00e1stico<\/p>\n<p><strong>C\u00f3digo Aukinko : <\/strong> 07-54143<\/p>\n<p><strong>C\u00f3digo Convenio Marco : <\/strong> <\/p>\n","protected":false},"excerpt":{"rendered":"<p>Los Momy Quercetti son construcciones grandes, suaves y coloridas, perfectas para los m\u00e1s peque\u00f1os. Sus colores vibrantes y formas redondeadas ofrecen infinitas combinaciones y diversi\u00f3n garantizada. Estimula el desarrollo motor y la imaginaci\u00f3n de los m\u00e1s peque\u00f1os de una forma muy entretenida. Incluye 26 bloques simples, 6 bloques dobles. Fabricado en material suave y resistente. [&hellip;]<\/p>\n","protected":false},"featured_media":631258,"comment_status":"open","ping_status":"closed","template":"","meta":{"_et_pb_use_builder":"","_et_pb_old_content":"","_et_gb_content_width":""},"product_brand":[],"product_cat":[91,19,20],"product_tag":[],"class_list":{"0":"post-631259","1":"product","2":"type-product","3":"status-publish","4":"has-post-thumbnail","6":"product_cat-accesorios-sala","7":"product_cat-construccion","8":"product_cat-motricidad-fina","9":"pa_edad-0-a-1-ano","10":"pa_edad-1-a-2-anos","11":"pa_edad-2-a-3-anos","12":"pa_marca-quercetti","13":"pa_medidas-22-x-14-x-27-cm","15":"first","16":"instock","17":"shipping-taxable","18":"purchasable","19":"product-type-simple"},"aioseo_notices":[],"_links":{"self":[{"href":"https:\/\/aukinkochile.com\/web\/wp-json\/wp\/v2\/product\/631259","targetHints":{"allow":["GET"]}}],"collection":[{"href":"https:\/\/aukinkochile.com\/web\/wp-json\/wp\/v2\/product"}],"about":[{"href":"https:\/\/aukinkochile.com\/web\/wp-json\/wp\/v2\/types\/product"}],"replies":[{"embeddable":true,"href":"https:\/\/aukinkochile.com\/web\/wp-json\/wp\/v2\/comments?post=631259"}],"wp:featuredmedia":[{"embeddable":true,"href":"https:\/\/aukinkochile.com\/web\/wp-json\/wp\/v2\/media\/631258"}],"wp:attachment":[{"href":"https:\/\/aukinkochile.com\/web\/wp-json\/wp\/v2\/media?parent=631259"}],"wp:term":[{"taxonomy":"product_brand","embeddable":true,"href":"https:\/\/aukinkochile.com\/web\/wp-json\/wp\/v2\/product_brand?post=631259"},{"taxonomy":"product_cat","embeddable":true,"href":"https:\/\/aukinkochile.com\/web\/wp-json\/wp\/v2\/product_cat?post=631259"},{"taxonomy":"product_tag","embeddable":true,"href":"https:\/\/aukinkochile.com\/web\/wp-json\/wp\/v2\/product_tag?post=631259"}],"curies":[{"name":"wp","href":"https:\/\/api.w.org\/{rel}","templated":true}]}}