{"id":631246,"date":"2025-04-14T17:33:24","date_gmt":"2025-04-14T17:33:24","guid":{"rendered":"https:\/\/aukinkochile.com\/web\/producto\/matematicas-tubo-pitagorico\/"},"modified":"2025-04-14T17:37:14","modified_gmt":"2025-04-14T17:37:14","slug":"matematicas-tubo-pitagorico","status":"publish","type":"product","link":"https:\/\/aukinkochile.com\/web\/producto\/matematicas-tubo-pitagorico\/","title":{"rendered":"Matem\u00e1ticas Tubo Pitag\u00f3rico"},"content":{"rendered":"<p>Entretenido y educativo juego para aprender las tablas de multiplicar. Tubo pitag\u00f3rico de 21 x 5 cm. Se gira y se calculas todas la tablas hasta el 12. <\/p>\n<p><p><strong>Material : <\/strong> Pl\u00e1stico<\/p>\n<p><strong>C\u00f3digo Aukinko : <\/strong> 07-52561<\/p>\n<p><strong>C\u00f3digo Convenio Marco : <\/strong> <\/p>\n","protected":false},"excerpt":{"rendered":"<p>Entretenido y educativo juego para aprender las tablas de multiplicar. Tubo pitag\u00f3rico de 21 x 5 cm. Se gira y se calculas todas la tablas hasta el 12. Material : Pl\u00e1stico C\u00f3digo Aukinko : 07-52561 C\u00f3digo Convenio Marco :<\/p>\n","protected":false},"featured_media":626407,"comment_status":"open","ping_status":"closed","template":"","meta":{"_et_pb_use_builder":"","_et_pb_old_content":"","_et_gb_content_width":""},"product_brand":[],"product_cat":[90],"product_tag":[],"class_list":{"0":"post-631246","1":"product","2":"type-product","3":"status-publish","4":"has-post-thumbnail","6":"product_cat-matematicas","7":"pa_edad-5-a-6-anos","8":"pa_edad-6-a-8-anos","9":"pa_edad-8-a-10-anos","10":"pa_marca-quercetti","11":"pa_medidas-21-x-4","12":"pa_medidas-5-cm-diametro","14":"first","15":"instock","16":"shipping-taxable","17":"purchasable","18":"product-type-simple"},"aioseo_notices":[],"_links":{"self":[{"href":"https:\/\/aukinkochile.com\/web\/wp-json\/wp\/v2\/product\/631246","targetHints":{"allow":["GET"]}}],"collection":[{"href":"https:\/\/aukinkochile.com\/web\/wp-json\/wp\/v2\/product"}],"about":[{"href":"https:\/\/aukinkochile.com\/web\/wp-json\/wp\/v2\/types\/product"}],"replies":[{"embeddable":true,"href":"https:\/\/aukinkochile.com\/web\/wp-json\/wp\/v2\/comments?post=631246"}],"wp:featuredmedia":[{"embeddable":true,"href":"https:\/\/aukinkochile.com\/web\/wp-json\/wp\/v2\/media\/626407"}],"wp:attachment":[{"href":"https:\/\/aukinkochile.com\/web\/wp-json\/wp\/v2\/media?parent=631246"}],"wp:term":[{"taxonomy":"product_brand","embeddable":true,"href":"https:\/\/aukinkochile.com\/web\/wp-json\/wp\/v2\/product_brand?post=631246"},{"taxonomy":"product_cat","embeddable":true,"href":"https:\/\/aukinkochile.com\/web\/wp-json\/wp\/v2\/product_cat?post=631246"},{"taxonomy":"product_tag","embeddable":true,"href":"https:\/\/aukinkochile.com\/web\/wp-json\/wp\/v2\/product_tag?post=631246"}],"curies":[{"name":"wp","href":"https:\/\/api.w.org\/{rel}","templated":true}]}}