{"id":631237,"date":"2025-04-14T17:33:09","date_gmt":"2025-04-14T17:33:09","guid":{"rendered":"https:\/\/aukinkochile.com\/web\/producto\/mandala-spirogiro\/"},"modified":"2025-04-14T17:36:29","modified_gmt":"2025-04-14T17:36:29","slug":"mandala-spirogiro","status":"publish","type":"product","link":"https:\/\/aukinkochile.com\/web\/producto\/mandala-spirogiro\/","title":{"rendered":"M\u00e1ndala Spirogiro"},"content":{"rendered":"<p>Este conjunto es incre\u00edble para crear dise\u00f1os geom\u00e9tricos arremolinados de una manera que ser\u00eda muy dif\u00edcil hacer a mano. Cuenta con tres tipos diferentes de engranajes giratorios que te sorprender\u00e1n con las configuraciones sin fin. Este juguete estimula la creatividad y las habilidades art\u00edsticas, adem\u00e1s de promover el desarrollo de la motricidad fina y la coordinaci\u00f3n.<\/p>\n<p><p><strong>Material : <\/strong> Pl\u00e1stico<\/p>\n<p><strong>C\u00f3digo Aukinko : <\/strong> 07-51680<\/p>\n<p><strong>C\u00f3digo Convenio Marco : <\/strong> <\/p>\n","protected":false},"excerpt":{"rendered":"<p>Este conjunto es incre\u00edble para crear dise\u00f1os geom\u00e9tricos arremolinados de una manera que ser\u00eda muy dif\u00edcil hacer a mano. Cuenta con tres tipos diferentes de engranajes giratorios que te sorprender\u00e1n con las configuraciones sin fin. Este juguete estimula la creatividad y las habilidades art\u00edsticas, adem\u00e1s de promover el desarrollo de la motricidad fina y la [&hellip;]<\/p>\n","protected":false},"featured_media":626442,"comment_status":"open","ping_status":"closed","template":"","meta":{"_et_pb_use_builder":"","_et_pb_old_content":"","_et_gb_content_width":""},"product_brand":[],"product_cat":[21,20],"product_tag":[],"class_list":{"0":"post-631237","1":"product","2":"type-product","3":"status-publish","4":"has-post-thumbnail","6":"product_cat-arte-y-manipulacion","7":"product_cat-motricidad-fina","8":"pa_edad-10-anos","9":"pa_edad-6-a-8-anos","10":"pa_edad-8-a-10-anos","11":"pa_marca-quercetti","12":"pa_medidas-36-x-28-x-5-cm","14":"first","15":"instock","16":"shipping-taxable","17":"purchasable","18":"product-type-simple"},"aioseo_notices":[],"_links":{"self":[{"href":"https:\/\/aukinkochile.com\/web\/wp-json\/wp\/v2\/product\/631237","targetHints":{"allow":["GET"]}}],"collection":[{"href":"https:\/\/aukinkochile.com\/web\/wp-json\/wp\/v2\/product"}],"about":[{"href":"https:\/\/aukinkochile.com\/web\/wp-json\/wp\/v2\/types\/product"}],"replies":[{"embeddable":true,"href":"https:\/\/aukinkochile.com\/web\/wp-json\/wp\/v2\/comments?post=631237"}],"wp:featuredmedia":[{"embeddable":true,"href":"https:\/\/aukinkochile.com\/web\/wp-json\/wp\/v2\/media\/626442"}],"wp:attachment":[{"href":"https:\/\/aukinkochile.com\/web\/wp-json\/wp\/v2\/media?parent=631237"}],"wp:term":[{"taxonomy":"product_brand","embeddable":true,"href":"https:\/\/aukinkochile.com\/web\/wp-json\/wp\/v2\/product_brand?post=631237"},{"taxonomy":"product_cat","embeddable":true,"href":"https:\/\/aukinkochile.com\/web\/wp-json\/wp\/v2\/product_cat?post=631237"},{"taxonomy":"product_tag","embeddable":true,"href":"https:\/\/aukinkochile.com\/web\/wp-json\/wp\/v2\/product_tag?post=631237"}],"curies":[{"name":"wp","href":"https:\/\/api.w.org\/{rel}","templated":true}]}}