{"id":631235,"date":"2025-04-14T17:33:04","date_gmt":"2025-04-14T17:33:04","guid":{"rendered":"https:\/\/aukinkochile.com\/web\/producto\/memory-chinitas-multipicture\/"},"modified":"2025-04-14T17:36:29","modified_gmt":"2025-04-14T17:36:29","slug":"memory-chinitas-multipicture","status":"publish","type":"product","link":"https:\/\/aukinkochile.com\/web\/producto\/memory-chinitas-multipicture\/","title":{"rendered":"Memory Chinitas Multipicture"},"content":{"rendered":"<p>Divertido juego de memoria para ni\u00f1os a partir de los 2 a\u00f1os de edad. Con este juego los ni\u00f1os y ni\u00f1as desarrollan la observaci\u00f3n, la memoria, la concentraci\u00f3n y mucho m\u00e1s. Las tarjetas ilustradas con diferentes elementos estimulan el desarrollo del lenguaje de una forma muy entretenida. Incluye: 1 rejilla amarilla, 16 tapas de mariquita roja, 6+6 tarjetas ilustradas.<\/p>\n<p><p><strong>Material : <\/strong> Pl\u00e1stico<\/p>\n<p><strong>C\u00f3digo Aukinko : <\/strong> 07-51051<\/p>\n<p><strong>C\u00f3digo Convenio Marco : <\/strong> <\/p>\n","protected":false},"excerpt":{"rendered":"<p>Divertido juego de memoria para ni\u00f1os a partir de los 2 a\u00f1os de edad. Con este juego los ni\u00f1os y ni\u00f1as desarrollan la observaci\u00f3n, la memoria, la concentraci\u00f3n y mucho m\u00e1s. Las tarjetas ilustradas con diferentes elementos estimulan el desarrollo del lenguaje de una forma muy entretenida. Incluye: 1 rejilla amarilla, 16 tapas de mariquita [&hellip;]<\/p>\n","protected":false},"featured_media":626395,"comment_status":"open","ping_status":"closed","template":"","meta":{"_et_pb_use_builder":"","_et_pb_old_content":"","_et_gb_content_width":""},"product_brand":[],"product_cat":[150,149],"product_tag":[],"class_list":{"0":"post-631235","1":"product","2":"type-product","3":"status-publish","4":"has-post-thumbnail","6":"product_cat-asociacion-y-logica","7":"product_cat-juegos-de-mesa","8":"pa_edad-3-a-4-anos","9":"pa_edad-4-a-5-anos","10":"pa_marca-quercetti","12":"first","13":"instock","14":"shipping-taxable","15":"purchasable","16":"product-type-simple"},"aioseo_notices":[],"_links":{"self":[{"href":"https:\/\/aukinkochile.com\/web\/wp-json\/wp\/v2\/product\/631235","targetHints":{"allow":["GET"]}}],"collection":[{"href":"https:\/\/aukinkochile.com\/web\/wp-json\/wp\/v2\/product"}],"about":[{"href":"https:\/\/aukinkochile.com\/web\/wp-json\/wp\/v2\/types\/product"}],"replies":[{"embeddable":true,"href":"https:\/\/aukinkochile.com\/web\/wp-json\/wp\/v2\/comments?post=631235"}],"wp:featuredmedia":[{"embeddable":true,"href":"https:\/\/aukinkochile.com\/web\/wp-json\/wp\/v2\/media\/626395"}],"wp:attachment":[{"href":"https:\/\/aukinkochile.com\/web\/wp-json\/wp\/v2\/media?parent=631235"}],"wp:term":[{"taxonomy":"product_brand","embeddable":true,"href":"https:\/\/aukinkochile.com\/web\/wp-json\/wp\/v2\/product_brand?post=631235"},{"taxonomy":"product_cat","embeddable":true,"href":"https:\/\/aukinkochile.com\/web\/wp-json\/wp\/v2\/product_cat?post=631235"},{"taxonomy":"product_tag","embeddable":true,"href":"https:\/\/aukinkochile.com\/web\/wp-json\/wp\/v2\/product_tag?post=631235"}],"curies":[{"name":"wp","href":"https:\/\/api.w.org\/{rel}","templated":true}]}}