{"id":631234,"date":"2025-04-14T17:33:01","date_gmt":"2025-04-14T17:33:01","guid":{"rendered":"https:\/\/aukinkochile.com\/web\/producto\/juego-balance-arbol-manzanas\/"},"modified":"2025-04-14T17:36:29","modified_gmt":"2025-04-14T17:36:29","slug":"juego-balance-arbol-manzanas","status":"publish","type":"product","link":"https:\/\/aukinkochile.com\/web\/producto\/juego-balance-arbol-manzanas\/","title":{"rendered":"Juego Balance \u00c1rbol Manzanas"},"content":{"rendered":"<p>Un divertido juego que pone a prueba el sentido del equilibrio y las leyes de la gravedad. Cada jugador, por turnos, debe colocar las manzanas rojas y amarillas en la copa del \u00e1rbol oscilante, intentando que no se derrumbe. \u00bfPodr\u00e1n mantener el control y evitar el desastre? 1 \u00abcopa de \u00e1rbol\u00bb verde, 1 \u00abtronco\u00bb para sostener la copa , 1 bolsa con 24 \u00abmanzanas\u00bb amarillas, 1 bolsa con 24 \u00abmanzanas\u00bb rojas ,2 dados, 1 bandeja de cart\u00f3n, 1 pieza troquelada con el dise\u00f1o del tronco, instrucciones. Estimula el pensamiento l\u00f3gico, la paciencia, el pensamiento estrat\u00e9gico, la motricidad fina y mucho m\u00e1s. Fabricado en material suave y resistente.<\/p>\n<p><p><strong>Material : <\/strong> Pl\u00e1stico<\/p>\n<p><strong>C\u00f3digo Aukinko : <\/strong> 07-51041<\/p>\n<p><strong>C\u00f3digo Convenio Marco : <\/strong> <\/p>\n","protected":false},"excerpt":{"rendered":"<p>Un divertido juego que pone a prueba el sentido del equilibrio y las leyes de la gravedad. Cada jugador, por turnos, debe colocar las manzanas rojas y amarillas en la copa del \u00e1rbol oscilante, intentando que no se derrumbe. \u00bfPodr\u00e1n mantener el control y evitar el desastre? 1 \u00abcopa de \u00e1rbol\u00bb verde, 1 \u00abtronco\u00bb para [&hellip;]<\/p>\n","protected":false},"featured_media":631233,"comment_status":"open","ping_status":"closed","template":"","meta":{"_et_pb_use_builder":"","_et_pb_old_content":"","_et_gb_content_width":""},"product_brand":[],"product_cat":[19,20],"product_tag":[],"class_list":{"0":"post-631234","1":"product","2":"type-product","3":"status-publish","4":"has-post-thumbnail","6":"product_cat-construccion","7":"product_cat-motricidad-fina","8":"pa_edad-10-anos","9":"pa_edad-5-a-6-anos","10":"pa_edad-6-a-8-anos","11":"pa_edad-8-a-10-anos","12":"pa_marca-quercetti","13":"pa_medidas-30-x-30-x-7-cm","15":"first","16":"instock","17":"shipping-taxable","18":"purchasable","19":"product-type-simple"},"aioseo_notices":[],"_links":{"self":[{"href":"https:\/\/aukinkochile.com\/web\/wp-json\/wp\/v2\/product\/631234","targetHints":{"allow":["GET"]}}],"collection":[{"href":"https:\/\/aukinkochile.com\/web\/wp-json\/wp\/v2\/product"}],"about":[{"href":"https:\/\/aukinkochile.com\/web\/wp-json\/wp\/v2\/types\/product"}],"replies":[{"embeddable":true,"href":"https:\/\/aukinkochile.com\/web\/wp-json\/wp\/v2\/comments?post=631234"}],"wp:featuredmedia":[{"embeddable":true,"href":"https:\/\/aukinkochile.com\/web\/wp-json\/wp\/v2\/media\/631233"}],"wp:attachment":[{"href":"https:\/\/aukinkochile.com\/web\/wp-json\/wp\/v2\/media?parent=631234"}],"wp:term":[{"taxonomy":"product_brand","embeddable":true,"href":"https:\/\/aukinkochile.com\/web\/wp-json\/wp\/v2\/product_brand?post=631234"},{"taxonomy":"product_cat","embeddable":true,"href":"https:\/\/aukinkochile.com\/web\/wp-json\/wp\/v2\/product_cat?post=631234"},{"taxonomy":"product_tag","embeddable":true,"href":"https:\/\/aukinkochile.com\/web\/wp-json\/wp\/v2\/product_tag?post=631234"}],"curies":[{"name":"wp","href":"https:\/\/api.w.org\/{rel}","templated":true}]}}