{"id":631232,"date":"2025-04-14T17:32:58","date_gmt":"2025-04-14T17:32:58","guid":{"rendered":"https:\/\/aukinkochile.com\/web\/producto\/juego-estrategia-4-en-1\/"},"modified":"2025-04-14T17:36:21","modified_gmt":"2025-04-14T17:36:21","slug":"juego-estrategia-4-en-1","status":"publish","type":"product","link":"https:\/\/aukinkochile.com\/web\/producto\/juego-estrategia-4-en-1\/","title":{"rendered":"Juego Estrategia 4 en 1"},"content":{"rendered":"<p>Un juego de estrategia muy sencillo y divertido. Por turnos, dos jugadores colocan las fichas de su color en las ranuras de la cuadr\u00edcula. El primero en alinear 4 fichas vertical, horizontal o diagonalmente gana. Incluye 1 rejilla, 2 pies, 21 pines dobles amarillos, 21 pines dobles rojos, instrucciones de juego. Estimula el pensamiento l\u00f3gico, la paciencia, el pensamiento estrat\u00e9gico, la motricidad fina y mucho m\u00e1s. Fabricado en material suave y resistente.<\/p>\n<p><p><strong>Material : <\/strong> Pl\u00e1stico<\/p>\n<p><strong>C\u00f3digo Aukinko : <\/strong> 07-51010<\/p>\n<p><strong>C\u00f3digo Convenio Marco : <\/strong> <\/p>\n","protected":false},"excerpt":{"rendered":"<p>Un juego de estrategia muy sencillo y divertido. Por turnos, dos jugadores colocan las fichas de su color en las ranuras de la cuadr\u00edcula. El primero en alinear 4 fichas vertical, horizontal o diagonalmente gana. Incluye 1 rejilla, 2 pies, 21 pines dobles amarillos, 21 pines dobles rojos, instrucciones de juego. Estimula el pensamiento l\u00f3gico, [&hellip;]<\/p>\n","protected":false},"featured_media":631231,"comment_status":"open","ping_status":"closed","template":"","meta":{"_et_pb_use_builder":"","_et_pb_old_content":"","_et_gb_content_width":""},"product_brand":[],"product_cat":[149],"product_tag":[],"class_list":{"0":"post-631232","1":"product","2":"type-product","3":"status-publish","4":"has-post-thumbnail","6":"product_cat-juegos-de-mesa","7":"pa_edad-10-anos","8":"pa_edad-4-a-5-anos","9":"pa_edad-5-a-6-anos","10":"pa_edad-6-a-8-anos","11":"pa_edad-8-a-10-anos","12":"pa_marca-quercetti","13":"pa_medidas-30-x-30-x-7-cm","15":"first","16":"instock","17":"shipping-taxable","18":"purchasable","19":"product-type-simple"},"aioseo_notices":[],"_links":{"self":[{"href":"https:\/\/aukinkochile.com\/web\/wp-json\/wp\/v2\/product\/631232","targetHints":{"allow":["GET"]}}],"collection":[{"href":"https:\/\/aukinkochile.com\/web\/wp-json\/wp\/v2\/product"}],"about":[{"href":"https:\/\/aukinkochile.com\/web\/wp-json\/wp\/v2\/types\/product"}],"replies":[{"embeddable":true,"href":"https:\/\/aukinkochile.com\/web\/wp-json\/wp\/v2\/comments?post=631232"}],"wp:featuredmedia":[{"embeddable":true,"href":"https:\/\/aukinkochile.com\/web\/wp-json\/wp\/v2\/media\/631231"}],"wp:attachment":[{"href":"https:\/\/aukinkochile.com\/web\/wp-json\/wp\/v2\/media?parent=631232"}],"wp:term":[{"taxonomy":"product_brand","embeddable":true,"href":"https:\/\/aukinkochile.com\/web\/wp-json\/wp\/v2\/product_brand?post=631232"},{"taxonomy":"product_cat","embeddable":true,"href":"https:\/\/aukinkochile.com\/web\/wp-json\/wp\/v2\/product_cat?post=631232"},{"taxonomy":"product_tag","embeddable":true,"href":"https:\/\/aukinkochile.com\/web\/wp-json\/wp\/v2\/product_tag?post=631232"}],"curies":[{"name":"wp","href":"https:\/\/api.w.org\/{rel}","templated":true}]}}