{"id":631230,"date":"2025-04-14T17:32:56","date_gmt":"2025-04-14T17:32:56","guid":{"rendered":"https:\/\/aukinkochile.com\/web\/producto\/juego-codigo-secreto\/"},"modified":"2025-04-14T17:36:17","modified_gmt":"2025-04-14T17:36:17","slug":"juego-codigo-secreto","status":"publish","type":"product","link":"https:\/\/aukinkochile.com\/web\/producto\/juego-codigo-secreto\/","title":{"rendered":"Juego C\u00f3digo Secreto"},"content":{"rendered":"<p>Juego de estrategia para dos o m\u00e1s jugadores. El \u00abdecodificador\u00bb debe descubrir el c\u00f3digo secreto compuesto por su oponente, el \u00abcodificador\u00bb, utilizando el razonamiento deductivo y la l\u00f3gica. Incluye 2 hojas para principiantes, 2 hojas para expertos, 1 tablero de 80 clavijas, 280 clavijas, 4 clavijas de precisi\u00f3n, 1 punz\u00f3n y 1 tablero de c\u00f3digos.<\/p>\n<p><p><strong>Material : <\/strong> Pl\u00e1stico<\/p>\n<p><strong>C\u00f3digo Aukinko : <\/strong> 07-51001<\/p>\n<p><strong>C\u00f3digo Convenio Marco : <\/strong> <\/p>\n","protected":false},"excerpt":{"rendered":"<p>Juego de estrategia para dos o m\u00e1s jugadores. El \u00abdecodificador\u00bb debe descubrir el c\u00f3digo secreto compuesto por su oponente, el \u00abcodificador\u00bb, utilizando el razonamiento deductivo y la l\u00f3gica. Incluye 2 hojas para principiantes, 2 hojas para expertos, 1 tablero de 80 clavijas, 280 clavijas, 4 clavijas de precisi\u00f3n, 1 punz\u00f3n y 1 tablero de c\u00f3digos. [&hellip;]<\/p>\n","protected":false},"featured_media":626435,"comment_status":"open","ping_status":"closed","template":"","meta":{"_et_pb_use_builder":"","_et_pb_old_content":"","_et_gb_content_width":""},"product_brand":[],"product_cat":[150,149,20],"product_tag":[],"class_list":{"0":"post-631230","1":"product","2":"type-product","3":"status-publish","4":"has-post-thumbnail","6":"product_cat-asociacion-y-logica","7":"product_cat-juegos-de-mesa","8":"product_cat-motricidad-fina","9":"pa_edad-10-anos","10":"pa_edad-6-a-8-anos","11":"pa_edad-8-a-10-anos","12":"pa_marca-quercetti","13":"pa_medidas-28-x-35","14":"pa_medidas-5-x-6-cm","16":"first","17":"instock","18":"shipping-taxable","19":"purchasable","20":"product-type-simple"},"aioseo_notices":[],"_links":{"self":[{"href":"https:\/\/aukinkochile.com\/web\/wp-json\/wp\/v2\/product\/631230","targetHints":{"allow":["GET"]}}],"collection":[{"href":"https:\/\/aukinkochile.com\/web\/wp-json\/wp\/v2\/product"}],"about":[{"href":"https:\/\/aukinkochile.com\/web\/wp-json\/wp\/v2\/types\/product"}],"replies":[{"embeddable":true,"href":"https:\/\/aukinkochile.com\/web\/wp-json\/wp\/v2\/comments?post=631230"}],"wp:featuredmedia":[{"embeddable":true,"href":"https:\/\/aukinkochile.com\/web\/wp-json\/wp\/v2\/media\/626435"}],"wp:attachment":[{"href":"https:\/\/aukinkochile.com\/web\/wp-json\/wp\/v2\/media?parent=631230"}],"wp:term":[{"taxonomy":"product_brand","embeddable":true,"href":"https:\/\/aukinkochile.com\/web\/wp-json\/wp\/v2\/product_brand?post=631230"},{"taxonomy":"product_cat","embeddable":true,"href":"https:\/\/aukinkochile.com\/web\/wp-json\/wp\/v2\/product_cat?post=631230"},{"taxonomy":"product_tag","embeddable":true,"href":"https:\/\/aukinkochile.com\/web\/wp-json\/wp\/v2\/product_tag?post=631230"}],"curies":[{"name":"wp","href":"https:\/\/api.w.org\/{rel}","templated":true}]}}