{"id":631229,"date":"2025-04-14T17:32:54","date_gmt":"2025-04-14T17:32:54","guid":{"rendered":"https:\/\/aukinkochile.com\/web\/producto\/mosaico-design-300-pz\/"},"modified":"2025-04-14T17:36:00","modified_gmt":"2025-04-14T17:36:00","slug":"mosaico-design-300-pz","status":"publish","type":"product","link":"https:\/\/aukinkochile.com\/web\/producto\/mosaico-design-300-pz\/","title":{"rendered":"Mosaico Design 300 pz"},"content":{"rendered":"<p>El nuevo marco externo con clavijas y bordes curvos, junto con las cerraduras perfectamente efectivas y el original dise\u00f1o redondo del tablero perforado hacen de la l\u00ednea Fantacolor Design una de las mejores ofertas del mercado en cuanto a inventiva, seguridad y prop\u00f3sito. \u00a1El tablero tambi\u00e9n se puede colocar verticalmente, de pie sobre su base como un marco de imagen, para que las obras maestras de sus hijos se puedan mostrar a la vista! Las manijas incorporadas lo convierten en el juguete perfecto para viajes: el tablero perforado se bloquea firmemente en la parte superior del marco, y todos los componentes se pueden almacenar de manera segura y transportar f\u00e1cilmente.<\/p>\n<p><p><strong>Material : <\/strong> Pl\u00e1stico<\/p>\n<p><strong>C\u00f3digo Aukinko : <\/strong> 07-50900<\/p>\n<p><strong>C\u00f3digo Convenio Marco : <\/strong> <\/p>\n","protected":false},"excerpt":{"rendered":"<p>El nuevo marco externo con clavijas y bordes curvos, junto con las cerraduras perfectamente efectivas y el original dise\u00f1o redondo del tablero perforado hacen de la l\u00ednea Fantacolor Design una de las mejores ofertas del mercado en cuanto a inventiva, seguridad y prop\u00f3sito. \u00a1El tablero tambi\u00e9n se puede colocar verticalmente, de pie sobre su base [&hellip;]<\/p>\n","protected":false},"featured_media":626428,"comment_status":"open","ping_status":"closed","template":"","meta":{"_et_pb_use_builder":"","_et_pb_old_content":"","_et_gb_content_width":""},"product_brand":[],"product_cat":[19,20],"product_tag":[],"class_list":{"0":"post-631229","1":"product","2":"type-product","3":"status-publish","4":"has-post-thumbnail","6":"product_cat-construccion","7":"product_cat-motricidad-fina","8":"pa_edad-3-a-4-anos","9":"pa_edad-4-a-5-anos","10":"pa_edad-5-a-6-anos","11":"pa_marca-quercetti","12":"pa_medidas-36-x-27","13":"pa_medidas-5-x-6-cm","15":"first","16":"instock","17":"shipping-taxable","18":"purchasable","19":"product-type-simple"},"aioseo_notices":[],"_links":{"self":[{"href":"https:\/\/aukinkochile.com\/web\/wp-json\/wp\/v2\/product\/631229","targetHints":{"allow":["GET"]}}],"collection":[{"href":"https:\/\/aukinkochile.com\/web\/wp-json\/wp\/v2\/product"}],"about":[{"href":"https:\/\/aukinkochile.com\/web\/wp-json\/wp\/v2\/types\/product"}],"replies":[{"embeddable":true,"href":"https:\/\/aukinkochile.com\/web\/wp-json\/wp\/v2\/comments?post=631229"}],"wp:featuredmedia":[{"embeddable":true,"href":"https:\/\/aukinkochile.com\/web\/wp-json\/wp\/v2\/media\/626428"}],"wp:attachment":[{"href":"https:\/\/aukinkochile.com\/web\/wp-json\/wp\/v2\/media?parent=631229"}],"wp:term":[{"taxonomy":"product_brand","embeddable":true,"href":"https:\/\/aukinkochile.com\/web\/wp-json\/wp\/v2\/product_brand?post=631229"},{"taxonomy":"product_cat","embeddable":true,"href":"https:\/\/aukinkochile.com\/web\/wp-json\/wp\/v2\/product_cat?post=631229"},{"taxonomy":"product_tag","embeddable":true,"href":"https:\/\/aukinkochile.com\/web\/wp-json\/wp\/v2\/product_tag?post=631229"}],"curies":[{"name":"wp","href":"https:\/\/api.w.org\/{rel}","templated":true}]}}