{"id":631226,"date":"2025-04-14T17:32:49","date_gmt":"2025-04-14T17:32:49","guid":{"rendered":"https:\/\/aukinkochile.com\/web\/producto\/juego-expresiones-caras-puzle\/"},"modified":"2025-04-14T17:35:47","modified_gmt":"2025-04-14T17:35:47","slug":"juego-expresiones-caras-puzle","status":"publish","type":"product","link":"https:\/\/aukinkochile.com\/web\/producto\/juego-expresiones-caras-puzle\/","title":{"rendered":"Juego Expresiones caras Puzle"},"content":{"rendered":"<p>Divertido juego dise\u00f1ado para acompa\u00f1ar el desarrollo emocional de los m\u00e1s peque\u00f1os de una forma muy entretenida. Armando y desarmando caras con infinitas expresiones los ni\u00f1os y ni\u00f1as se divertir\u00e1n mientras desarrollan sus habilidades sociales, emocionales y de lenguaje. Incluye una plantilla con 13 pinchos fijos para poner las plantillas de las caras y crear diferentes expresiones faciales , 4 pinchos para fijar la base , 6 plantillas a doble cara. La plantilla principal lleva emoticones que ayudan a los ni\u00f1os a la autocorrecci\u00f3n. Desarrolla la inteligencia emocional , la percepci\u00f3n visual y al autocorrecci\u00f3n. Fabricado en material suave y resistente.<\/p>\n<p><p><strong>Material : <\/strong> Pl\u00e1stico y Cart\u00f3n<\/p>\n<p><strong>C\u00f3digo Aukinko : <\/strong> 07-50321<\/p>\n<p><strong>C\u00f3digo Convenio Marco : <\/strong> <\/p>\n","protected":false},"excerpt":{"rendered":"<p>Divertido juego dise\u00f1ado para acompa\u00f1ar el desarrollo emocional de los m\u00e1s peque\u00f1os de una forma muy entretenida. Armando y desarmando caras con infinitas expresiones los ni\u00f1os y ni\u00f1as se divertir\u00e1n mientras desarrollan sus habilidades sociales, emocionales y de lenguaje. Incluye una plantilla con 13 pinchos fijos para poner las plantillas de las caras y crear [&hellip;]<\/p>\n","protected":false},"featured_media":631225,"comment_status":"open","ping_status":"closed","template":"","meta":{"_et_pb_use_builder":"","_et_pb_old_content":"","_et_gb_content_width":""},"product_brand":[],"product_cat":[91,22],"product_tag":[],"class_list":{"0":"post-631226","1":"product","2":"type-product","3":"status-publish","4":"has-post-thumbnail","6":"product_cat-accesorios-sala","7":"product_cat-puzzles","8":"pa_edad-3-a-4-anos","9":"pa_edad-4-a-5-anos","10":"pa_edad-5-a-6-anos","11":"pa_edad-6-a-8-anos","12":"pa_edad-8-a-10-anos","13":"pa_marca-quercetti","14":"pa_medidas-30-x-30-x-7-cm","16":"first","17":"instock","18":"shipping-taxable","19":"purchasable","20":"product-type-simple"},"aioseo_notices":[],"_links":{"self":[{"href":"https:\/\/aukinkochile.com\/web\/wp-json\/wp\/v2\/product\/631226","targetHints":{"allow":["GET"]}}],"collection":[{"href":"https:\/\/aukinkochile.com\/web\/wp-json\/wp\/v2\/product"}],"about":[{"href":"https:\/\/aukinkochile.com\/web\/wp-json\/wp\/v2\/types\/product"}],"replies":[{"embeddable":true,"href":"https:\/\/aukinkochile.com\/web\/wp-json\/wp\/v2\/comments?post=631226"}],"wp:featuredmedia":[{"embeddable":true,"href":"https:\/\/aukinkochile.com\/web\/wp-json\/wp\/v2\/media\/631225"}],"wp:attachment":[{"href":"https:\/\/aukinkochile.com\/web\/wp-json\/wp\/v2\/media?parent=631226"}],"wp:term":[{"taxonomy":"product_brand","embeddable":true,"href":"https:\/\/aukinkochile.com\/web\/wp-json\/wp\/v2\/product_brand?post=631226"},{"taxonomy":"product_cat","embeddable":true,"href":"https:\/\/aukinkochile.com\/web\/wp-json\/wp\/v2\/product_cat?post=631226"},{"taxonomy":"product_tag","embeddable":true,"href":"https:\/\/aukinkochile.com\/web\/wp-json\/wp\/v2\/product_tag?post=631226"}],"curies":[{"name":"wp","href":"https:\/\/api.w.org\/{rel}","templated":true}]}}