{"id":631224,"date":"2025-04-14T17:32:46","date_gmt":"2025-04-14T17:32:46","guid":{"rendered":"https:\/\/aukinkochile.com\/web\/producto\/encaje-plastico-formas-daisy-28-pz\/"},"modified":"2025-04-14T17:35:47","modified_gmt":"2025-04-14T17:35:47","slug":"encaje-plastico-formas-daisy-28-pz","status":"publish","type":"product","link":"https:\/\/aukinkochile.com\/web\/producto\/encaje-plastico-formas-daisy-28-pz\/","title":{"rendered":"Encaje Pl\u00e1stico Formas Daisy 28 pz"},"content":{"rendered":"<p>Creado con formas redondas, de material suave y seguro. Caja Daisy ha sido dise\u00f1ado para los bebes y ni\u00f1os peque\u00f1os. Con grandes clavijas gruesas que son divertidos y f\u00e1ciles de manejar, 4 redondas (6 x 4 cm di\u00e1metro), 4 ovaladas  (6 x 4 cm di\u00e1metro), 4 tuerca  (6 x 4 cm di\u00e1metro), 4 cuadrados (6 x 4 cm di\u00e1metro) , 8 tri\u00e1ngulos (7 x 7 x 4 cm) y 2 transparentes  (6 x 4 cm di\u00e1metro) con pelotitas en su interior. El conjunto incluye un gran cubo en forma de flor (34 cm di\u00e1metro x 14 cm) con tapa con agujeros para calzar las clavijas para almacenar todas las piezas en su interior.<\/p>\n<p><p><strong>Material : <\/strong> Pl\u00e1stico<\/p>\n<p><strong>C\u00f3digo Aukinko : <\/strong> 07-50270<\/p>\n<p><strong>C\u00f3digo Convenio Marco : <\/strong> <\/p>\n","protected":false},"excerpt":{"rendered":"<p>Creado con formas redondas, de material suave y seguro. Caja Daisy ha sido dise\u00f1ado para los bebes y ni\u00f1os peque\u00f1os. Con grandes clavijas gruesas que son divertidos y f\u00e1ciles de manejar, 4 redondas (6 x 4 cm di\u00e1metro), 4 ovaladas (6 x 4 cm di\u00e1metro), 4 tuerca (6 x 4 cm di\u00e1metro), 4 cuadrados (6 [&hellip;]<\/p>\n","protected":false},"featured_media":626387,"comment_status":"open","ping_status":"closed","template":"","meta":{"_et_pb_use_builder":"","_et_pb_old_content":"","_et_gb_content_width":""},"product_brand":[],"product_cat":[91,19,20],"product_tag":[],"class_list":{"0":"post-631224","1":"product","2":"type-product","3":"status-publish","4":"has-post-thumbnail","6":"product_cat-accesorios-sala","7":"product_cat-construccion","8":"product_cat-motricidad-fina","9":"pa_edad-1-a-2-anos","10":"pa_edad-2-a-3-anos","11":"pa_marca-quercetti","12":"pa_medidas-30-x-32","13":"pa_medidas-5-x-12-cm","15":"first","16":"instock","17":"shipping-taxable","18":"purchasable","19":"product-type-simple"},"aioseo_notices":[],"_links":{"self":[{"href":"https:\/\/aukinkochile.com\/web\/wp-json\/wp\/v2\/product\/631224","targetHints":{"allow":["GET"]}}],"collection":[{"href":"https:\/\/aukinkochile.com\/web\/wp-json\/wp\/v2\/product"}],"about":[{"href":"https:\/\/aukinkochile.com\/web\/wp-json\/wp\/v2\/types\/product"}],"replies":[{"embeddable":true,"href":"https:\/\/aukinkochile.com\/web\/wp-json\/wp\/v2\/comments?post=631224"}],"wp:featuredmedia":[{"embeddable":true,"href":"https:\/\/aukinkochile.com\/web\/wp-json\/wp\/v2\/media\/626387"}],"wp:attachment":[{"href":"https:\/\/aukinkochile.com\/web\/wp-json\/wp\/v2\/media?parent=631224"}],"wp:term":[{"taxonomy":"product_brand","embeddable":true,"href":"https:\/\/aukinkochile.com\/web\/wp-json\/wp\/v2\/product_brand?post=631224"},{"taxonomy":"product_cat","embeddable":true,"href":"https:\/\/aukinkochile.com\/web\/wp-json\/wp\/v2\/product_cat?post=631224"},{"taxonomy":"product_tag","embeddable":true,"href":"https:\/\/aukinkochile.com\/web\/wp-json\/wp\/v2\/product_tag?post=631224"}],"curies":[{"name":"wp","href":"https:\/\/api.w.org\/{rel}","templated":true}]}}