{"id":631192,"date":"2025-03-31T17:54:39","date_gmt":"2025-03-31T17:54:39","guid":{"rendered":"https:\/\/aukinkochile.com\/web\/producto\/plancha-tatami-bicolor\/"},"modified":"2025-06-26T16:15:29","modified_gmt":"2025-06-26T16:15:29","slug":"plancha-tatami-bicolor","status":"publish","type":"product","link":"https:\/\/aukinkochile.com\/web\/producto\/plancha-tatami-bicolor\/","title":{"rendered":"Plancha Tatami Bicolor"},"content":{"rendered":"<p>Tatami de goma Eva con relieve antideslizante esta especialmente dise\u00f1ado para el uso en practicas deportivas. Suelo liviano y practico, con sistema de encaje en puzle para una f\u00e1cil y r\u00e1pida instalaci\u00f3n y desinstalaci\u00f3n. Sin necesidad de fijaci\u00f3n adhesivas. F\u00e1cil de higienizar. Reduce el impacto de saltos y ca\u00eddas.<\/p>\n<p><p><strong>Material : <\/strong> Goma Eva<\/p>\n<p><strong>C\u00f3digo Aukinko : <\/strong> 16-4100<\/p>\n<p><strong>C\u00f3digo Convenio Marco : <\/strong> x<\/p>\n","protected":false},"excerpt":{"rendered":"<p>Tatami de goma Eva con relieve antideslizante esta especialmente dise\u00f1ado para el uso en practicas deportivas. Suelo liviano y practico, con sistema de encaje en puzle para una f\u00e1cil y r\u00e1pida instalaci\u00f3n y desinstalaci\u00f3n. Sin necesidad de fijaci\u00f3n adhesivas. F\u00e1cil de higienizar. Reduce el impacto de saltos y ca\u00eddas. Material : Goma Eva C\u00f3digo Aukinko [&hellip;]<\/p>\n","protected":false},"featured_media":631121,"comment_status":"open","ping_status":"closed","template":"","meta":{"_et_pb_use_builder":"","_et_pb_old_content":"","_et_gb_content_width":""},"product_brand":[],"product_cat":[91,7385,17],"product_tag":[],"class_list":{"0":"post-631192","1":"product","2":"type-product","3":"status-publish","4":"has-post-thumbnail","6":"product_cat-accesorios-sala","7":"product_cat-estimulacion-cognitiva-y-motora-para-adultos-mayores","8":"product_cat-juegos-de-rol","9":"pa_edad-0-a-1-ano","10":"pa_edad-1-a-2-anos","11":"pa_edad-10-anos","12":"pa_edad-2-a-3-anos","13":"pa_edad-3-a-4-anos","14":"pa_edad-4-a-5-anos","15":"pa_edad-5-a-6-anos","16":"pa_edad-6-a-8-anos","17":"pa_edad-8-a-10-anos","18":"pa_marca-aukinko","19":"pa_medidas-1-mt-x-1-mt-x-2-cm","21":"first","22":"instock","23":"shipping-taxable","24":"purchasable","25":"product-type-simple"},"aioseo_notices":[],"_links":{"self":[{"href":"https:\/\/aukinkochile.com\/web\/wp-json\/wp\/v2\/product\/631192","targetHints":{"allow":["GET"]}}],"collection":[{"href":"https:\/\/aukinkochile.com\/web\/wp-json\/wp\/v2\/product"}],"about":[{"href":"https:\/\/aukinkochile.com\/web\/wp-json\/wp\/v2\/types\/product"}],"replies":[{"embeddable":true,"href":"https:\/\/aukinkochile.com\/web\/wp-json\/wp\/v2\/comments?post=631192"}],"wp:featuredmedia":[{"embeddable":true,"href":"https:\/\/aukinkochile.com\/web\/wp-json\/wp\/v2\/media\/631121"}],"wp:attachment":[{"href":"https:\/\/aukinkochile.com\/web\/wp-json\/wp\/v2\/media?parent=631192"}],"wp:term":[{"taxonomy":"product_brand","embeddable":true,"href":"https:\/\/aukinkochile.com\/web\/wp-json\/wp\/v2\/product_brand?post=631192"},{"taxonomy":"product_cat","embeddable":true,"href":"https:\/\/aukinkochile.com\/web\/wp-json\/wp\/v2\/product_cat?post=631192"},{"taxonomy":"product_tag","embeddable":true,"href":"https:\/\/aukinkochile.com\/web\/wp-json\/wp\/v2\/product_tag?post=631192"}],"curies":[{"name":"wp","href":"https:\/\/api.w.org\/{rel}","templated":true}]}}