{"id":631191,"date":"2025-03-31T17:54:37","date_gmt":"2025-03-31T17:54:37","guid":{"rendered":"https:\/\/aukinkochile.com\/web\/producto\/comida-set-eco-24-pz\/"},"modified":"2025-03-31T17:54:39","modified_gmt":"2025-03-31T17:54:39","slug":"comida-set-eco-24-pz","status":"publish","type":"product","link":"https:\/\/aukinkochile.com\/web\/producto\/comida-set-eco-24-pz\/","title":{"rendered":"Comida set Eco 24 pz"},"content":{"rendered":"<p>Hermoso set de comida fabricado en material ecol\u00f3gico a base de ca\u00f1a de az\u00facar, un recurso ecol\u00f3gico y renovable.\u00a0Viene presentado en una preciosa caja de regalo. Incluye un plato, bowl, vasos, tazas de caf\u00e9, cucharas, cuchillos y tenedores.\u00a0100% libre de toxinas, fabricado en material suave.\u00a0Tama\u00f1o de los platos 18 cm de di\u00e1metro.\u00a0Tama\u00f1o cuencos 15,5 cm de di\u00e1metro.\u00a0Tama\u00f1o tenedor, cuchillo y cuchara 15 cm de alto.\u00a0Tama\u00f1o taza: 6,5 cm de alto y 8 cm de di\u00e1metro.<\/p>\n<p><p><strong>Material : <\/strong> Biopl\u00e1stico<\/p>\n<p><strong>C\u00f3digo Aukinko : <\/strong> 06-281404<\/p>\n<p><strong>C\u00f3digo Convenio Marco : <\/strong> x<\/p>\n","protected":false},"excerpt":{"rendered":"<p>Hermoso set de comida fabricado en material ecol\u00f3gico a base de ca\u00f1a de az\u00facar, un recurso ecol\u00f3gico y renovable.\u00a0Viene presentado en una preciosa caja de regalo. Incluye un plato, bowl, vasos, tazas de caf\u00e9, cucharas, cuchillos y tenedores.\u00a0100% libre de toxinas, fabricado en material suave.\u00a0Tama\u00f1o de los platos 18 cm de di\u00e1metro.\u00a0Tama\u00f1o cuencos 15,5 cm [&hellip;]<\/p>\n","protected":false},"featured_media":631119,"comment_status":"open","ping_status":"closed","template":"","meta":{"_et_pb_use_builder":"","_et_pb_old_content":"","_et_gb_content_width":""},"product_brand":[],"product_cat":[91,17],"product_tag":[],"class_list":{"0":"post-631191","1":"product","2":"type-product","3":"status-publish","4":"has-post-thumbnail","6":"product_cat-accesorios-sala","7":"product_cat-juegos-de-rol","8":"pa_edad-1-a-2-anos","9":"pa_edad-2-a-3-anos","10":"pa_edad-3-a-4-anos","11":"pa_edad-4-a-5-anos","12":"pa_edad-5-a-6-anos","13":"pa_marca-viking","14":"pa_medidas-32-x-16-x-19","15":"pa_medidas-6-cm","17":"first","18":"instock","19":"shipping-taxable","20":"purchasable","21":"product-type-simple"},"aioseo_notices":[],"_links":{"self":[{"href":"https:\/\/aukinkochile.com\/web\/wp-json\/wp\/v2\/product\/631191","targetHints":{"allow":["GET"]}}],"collection":[{"href":"https:\/\/aukinkochile.com\/web\/wp-json\/wp\/v2\/product"}],"about":[{"href":"https:\/\/aukinkochile.com\/web\/wp-json\/wp\/v2\/types\/product"}],"replies":[{"embeddable":true,"href":"https:\/\/aukinkochile.com\/web\/wp-json\/wp\/v2\/comments?post=631191"}],"wp:featuredmedia":[{"embeddable":true,"href":"https:\/\/aukinkochile.com\/web\/wp-json\/wp\/v2\/media\/631119"}],"wp:attachment":[{"href":"https:\/\/aukinkochile.com\/web\/wp-json\/wp\/v2\/media?parent=631191"}],"wp:term":[{"taxonomy":"product_brand","embeddable":true,"href":"https:\/\/aukinkochile.com\/web\/wp-json\/wp\/v2\/product_brand?post=631191"},{"taxonomy":"product_cat","embeddable":true,"href":"https:\/\/aukinkochile.com\/web\/wp-json\/wp\/v2\/product_cat?post=631191"},{"taxonomy":"product_tag","embeddable":true,"href":"https:\/\/aukinkochile.com\/web\/wp-json\/wp\/v2\/product_tag?post=631191"}],"curies":[{"name":"wp","href":"https:\/\/api.w.org\/{rel}","templated":true}]}}