{"id":631190,"date":"2025-03-31T17:54:35","date_gmt":"2025-03-31T17:54:35","guid":{"rendered":"https:\/\/aukinkochile.com\/web\/producto\/autos-10-y-15-cm-bio-tonel-30-pz\/"},"modified":"2025-03-31T17:54:37","modified_gmt":"2025-03-31T17:54:37","slug":"autos-10-y-15-cm-bio-tonel-30-pz","status":"publish","type":"product","link":"https:\/\/aukinkochile.com\/web\/producto\/autos-10-y-15-cm-bio-tonel-30-pz\/","title":{"rendered":"Autos 10 y 15 cm Bio Tonel 30 pz"},"content":{"rendered":"<p>Divertido tonel con variados modelos de veh\u00edculos chubbies de 10 cm y de 15 cm de largo, este tonel de 5 litros es perfecto para guardar los juguetes y llevarlos a todas partes. Ideales para desarrollar la estimulaci\u00f3n sensorial, la imaginaci\u00f3n y la motricidad gruesa. Fabricados en biopl\u00e1stico proveniente de la ca\u00f1a de az\u00facar, 100% reciclable. F\u00e1cil de lavar y de material ultra resistente. Viking Toys es una marca proveniente de Suecia con m\u00e1s de 40 a\u00f1os de historia acompa\u00f1ando los juegos de ni\u00f1os y ni\u00f1as, todos sus juguetes son resistentes, calidad para pasar de generaci\u00f3n en generaci\u00f3n.<\/p>\n<p><p><strong>Material : <\/strong> Biopl\u00e1stico<\/p>\n<p><strong>C\u00f3digo Aukinko : <\/strong> 06-241580<\/p>\n<p><strong>C\u00f3digo Convenio Marco : <\/strong> x<\/p>\n","protected":false},"excerpt":{"rendered":"<p>Divertido tonel con variados modelos de veh\u00edculos chubbies de 10 cm y de 15 cm de largo, este tonel de 5 litros es perfecto para guardar los juguetes y llevarlos a todas partes. Ideales para desarrollar la estimulaci\u00f3n sensorial, la imaginaci\u00f3n y la motricidad gruesa. Fabricados en biopl\u00e1stico proveniente de la ca\u00f1a de az\u00facar, 100% [&hellip;]<\/p>\n","protected":false},"featured_media":631117,"comment_status":"open","ping_status":"closed","template":"","meta":{"_et_pb_use_builder":"","_et_pb_old_content":"","_et_gb_content_width":""},"product_brand":[],"product_cat":[91,17],"product_tag":[],"class_list":{"0":"post-631190","1":"product","2":"type-product","3":"status-publish","4":"has-post-thumbnail","6":"product_cat-accesorios-sala","7":"product_cat-juegos-de-rol","8":"pa_edad-1-a-2-anos","9":"pa_edad-2-a-3-anos","10":"pa_edad-3-a-4-anos","11":"pa_edad-4-a-5-anos","12":"pa_edad-5-a-6-anos","13":"pa_marca-viking","14":"pa_medidas-10-cm-y-15-cm-cada-auto-aprox","16":"first","17":"instock","18":"shipping-taxable","19":"purchasable","20":"product-type-simple"},"aioseo_notices":[],"_links":{"self":[{"href":"https:\/\/aukinkochile.com\/web\/wp-json\/wp\/v2\/product\/631190","targetHints":{"allow":["GET"]}}],"collection":[{"href":"https:\/\/aukinkochile.com\/web\/wp-json\/wp\/v2\/product"}],"about":[{"href":"https:\/\/aukinkochile.com\/web\/wp-json\/wp\/v2\/types\/product"}],"replies":[{"embeddable":true,"href":"https:\/\/aukinkochile.com\/web\/wp-json\/wp\/v2\/comments?post=631190"}],"wp:featuredmedia":[{"embeddable":true,"href":"https:\/\/aukinkochile.com\/web\/wp-json\/wp\/v2\/media\/631117"}],"wp:attachment":[{"href":"https:\/\/aukinkochile.com\/web\/wp-json\/wp\/v2\/media?parent=631190"}],"wp:term":[{"taxonomy":"product_brand","embeddable":true,"href":"https:\/\/aukinkochile.com\/web\/wp-json\/wp\/v2\/product_brand?post=631190"},{"taxonomy":"product_cat","embeddable":true,"href":"https:\/\/aukinkochile.com\/web\/wp-json\/wp\/v2\/product_cat?post=631190"},{"taxonomy":"product_tag","embeddable":true,"href":"https:\/\/aukinkochile.com\/web\/wp-json\/wp\/v2\/product_tag?post=631190"}],"curies":[{"name":"wp","href":"https:\/\/api.w.org\/{rel}","templated":true}]}}